{"id":8,"date":"2022-05-02T13:01:30","date_gmt":"2022-05-02T13:01:30","guid":{"rendered":"https:\/\/uispp2023.uvt.ro\/?page_id=8"},"modified":"2023-09-08T13:02:20","modified_gmt":"2023-09-08T13:02:20","slug":"home","status":"publish","type":"page","link":"http:\/\/uispp2023.uvt.ro\/fr\/","title":{"rendered":"Home"},"content":{"rendered":"<div data-elementor-type=\"wp-page\" data-elementor-id=\"8\" class=\"elementor elementor-8\">\n\t\t\t\t\t\t\t\t\t<section class=\"elementor-section elementor-top-section elementor-element elementor-element-71c1a3c elementor-section-full_width elementor-section-height-default elementor-section-height-default\" data-id=\"71c1a3c\" data-element_type=\"section\">\n\t\t\t\t\t\t<div class=\"elementor-container elementor-column-gap-no\">\n\t\t\t\t\t<div class=\"elementor-column elementor-col-100 elementor-top-column elementor-element elementor-element-0593e4f\" data-id=\"0593e4f\" data-element_type=\"column\">\n\t\t\t<div class=\"elementor-widget-wrap elementor-element-populated\">\n\t\t\t\t\t\t\t\t<div class=\"elementor-element elementor-element-f3c1350 elementor--h-position-center elementor--v-position-middle elementor-arrows-position-inside elementor-pagination-position-inside elementor-widget elementor-widget-slides\" data-id=\"f3c1350\" data-element_type=\"widget\" data-settings=\"{&quot;navigation&quot;:&quot;both&quot;,&quot;autoplay&quot;:&quot;yes&quot;,&quot;pause_on_hover&quot;:&quot;yes&quot;,&quot;pause_on_interaction&quot;:&quot;yes&quot;,&quot;autoplay_speed&quot;:5000,&quot;infinite&quot;:&quot;yes&quot;,&quot;transition&quot;:&quot;slide&quot;,&quot;transition_speed&quot;:500}\" data-widget_type=\"slides.default\">\n\t\t\t\t<div class=\"elementor-widget-container\">\n\t\t\t<style>\/*! elementor-pro - v3.6.4 - 15-03-2022 *\/\n.elementor-slides .swiper-slide-bg{background-size:cover;background-position:50%;background-repeat:no-repeat;min-width:100%;min-height:100%}.elementor-slides .swiper-slide-inner{background-repeat:no-repeat;background-position:50%;position:absolute;top:0;left:0;bottom:0;right:0;padding:50px;margin:auto}.elementor-slides .swiper-slide-inner,.elementor-slides .swiper-slide-inner:hover{color:#fff;display:-webkit-box;display:-ms-flexbox;display:flex}.elementor-slides .swiper-slide-inner .elementor-background-overlay{position:absolute;z-index:0;top:0;bottom:0;left:0;right:0}.elementor-slides .swiper-slide-inner .elementor-slide-content{position:relative;z-index:1;width:100%}.elementor-slides .swiper-slide-inner .elementor-slide-heading{font-size:35px;font-weight:700;line-height:1}.elementor-slides .swiper-slide-inner .elementor-slide-description{font-size:17px;line-height:1.4}.elementor-slides .swiper-slide-inner .elementor-slide-description:not(:last-child),.elementor-slides .swiper-slide-inner .elementor-slide-heading:not(:last-child){margin-bottom:30px}.elementor-slides .swiper-slide-inner .elementor-slide-button{border:2px solid #fff;color:#fff;background:transparent;display:inline-block}.elementor-slides .swiper-slide-inner .elementor-slide-button,.elementor-slides .swiper-slide-inner .elementor-slide-button:hover{background:transparent;color:inherit;text-decoration:none}.elementor--v-position-top .swiper-slide-inner{-webkit-box-align:start;-ms-flex-align:start;align-items:flex-start}.elementor--v-position-bottom .swiper-slide-inner{-webkit-box-align:end;-ms-flex-align:end;align-items:flex-end}.elementor--v-position-middle .swiper-slide-inner{-webkit-box-align:center;-ms-flex-align:center;align-items:center}.elementor--h-position-left .swiper-slide-inner{-webkit-box-pack:start;-ms-flex-pack:start;justify-content:flex-start}.elementor--h-position-right .swiper-slide-inner{-webkit-box-pack:end;-ms-flex-pack:end;justify-content:flex-end}.elementor--h-position-center .swiper-slide-inner{-webkit-box-pack:center;-ms-flex-pack:center;justify-content:center}body.rtl .elementor-widget-slides .elementor-swiper-button-next{left:10px;right:auto}body.rtl .elementor-widget-slides .elementor-swiper-button-prev{right:10px;left:auto}.elementor-slides-wrapper div:not(.swiper-slide)>.swiper-slide-inner{display:none}@media (max-width:767px){.elementor-slides .swiper-slide-inner{padding:30px}.elementor-slides .swiper-slide-inner .elementor-slide-heading{font-size:23px;line-height:1;margin-bottom:15px}.elementor-slides .swiper-slide-inner .elementor-slide-description{font-size:13px;line-height:1.4;margin-bottom:15px}}<\/style>\t\t<div class=\"elementor-swiper\">\n\t\t\t<div class=\"elementor-slides-wrapper elementor-main-swiper swiper-container\" dir=\"ltr\" data-animation=\"fadeInUp\">\n\t\t\t\t<div class=\"swiper-wrapper elementor-slides\">\n\t\t\t\t\t\t\t\t\t\t<div class=\"elementor-repeater-item-d451004 swiper-slide\"><div class=\"swiper-slide-bg\"><\/div><div class=\"swiper-slide-inner\" ><div class=\"swiper-slide-contents\"><div class=\"elementor-slide-description\"><img style=\"margin-bottom:400px;\" src=\"http:\/\/uispp2023.uvt.ro\/wp-content\/uploads\/2022\/05\/header_new.png\" \/><\/div><\/div><\/div><\/div><div class=\"elementor-repeater-item-dff2011 swiper-slide\"><div class=\"swiper-slide-bg\"><\/div><div class=\"swiper-slide-inner\" ><div class=\"swiper-slide-contents\"><div class=\"elementor-slide-description\"><img style=\"margin-bottom:400px;\" src=\"http:\/\/uispp2023.uvt.ro\/wp-content\/uploads\/2022\/05\/header_new.png\" \/><\/div><\/div><\/div><\/div><div class=\"elementor-repeater-item-46b0ff8 swiper-slide\"><div class=\"swiper-slide-bg\"><\/div><div class=\"swiper-slide-inner\" ><div class=\"swiper-slide-contents\"><div class=\"elementor-slide-description\"><img style=\"margin-bottom:400px;\" src=\"http:\/\/uispp2023.uvt.ro\/wp-content\/uploads\/2022\/05\/header_new.png\" \/><\/div><\/div><\/div><\/div><div class=\"elementor-repeater-item-e983c17 swiper-slide\"><div class=\"swiper-slide-bg\"><\/div><div class=\"swiper-slide-inner\" ><div class=\"swiper-slide-contents\"><div class=\"elementor-slide-description\"><img style=\"margin-bottom:400px;\" src=\"http:\/\/uispp2023.uvt.ro\/wp-content\/uploads\/2022\/05\/header_new.png\" \/><\/div><\/div><\/div><\/div><div class=\"elementor-repeater-item-c9443c4 swiper-slide\"><div class=\"swiper-slide-bg\"><\/div><div class=\"swiper-slide-inner\" ><div class=\"swiper-slide-contents\"><div class=\"elementor-slide-description\"><img style=\"margin-bottom:400px;\" src=\"http:\/\/uispp2023.uvt.ro\/wp-content\/uploads\/2022\/05\/header_new.png\" \/><\/div><\/div><\/div><\/div><div class=\"elementor-repeater-item-11b220a swiper-slide\"><div class=\"swiper-slide-bg\"><\/div><div class=\"swiper-slide-inner\" ><div class=\"swiper-slide-contents\"><div class=\"elementor-slide-description\"><img style=\"margin-bottom:400px;\" src=\"http:\/\/uispp2023.uvt.ro\/wp-content\/uploads\/2022\/05\/header_new.png\" \/><\/div><\/div><\/div><\/div>\t\t\t\t<\/div>\n\t\t\t\t\t\t\t\t\t\t\t\t\t\t\t<div class=\"swiper-pagination\"><\/div>\n\t\t\t\t\t\t\t\t\t\t\t\t\t\t\t\t<div class=\"elementor-swiper-button elementor-swiper-button-prev\">\n\t\t\t\t\t\t\t<i aria-hidden=\"true\" class=\"eicon-chevron-left\"><\/i>\t\t\t\t\t\t\t<span class=\"elementor-screen-only\">Pr\u00e9c\u00e9dent<\/span>\n\t\t\t\t\t\t<\/div>\n\t\t\t\t\t\t<div class=\"elementor-swiper-button elementor-swiper-button-next\">\n\t\t\t\t\t\t\t<i aria-hidden=\"true\" class=\"eicon-chevron-right\"><\/i>\t\t\t\t\t\t\t<span class=\"elementor-screen-only\">Suivant<\/span>\n\t\t\t\t\t\t<\/div>\n\t\t\t\t\t\t\t\t\t\t\t\t<\/div>\n\t\t<\/div>\n\t\t\t\t<\/div>\n\t\t\t\t<\/div>\n\t\t\t\t\t<\/div>\n\t\t<\/div>\n\t\t\t\t\t\t\t<\/div>\n\t\t<\/section>\n\t\t\t\t<section class=\"elementor-section elementor-top-section elementor-element elementor-element-8352c90 elementor-section-boxed elementor-section-height-default elementor-section-height-default\" data-id=\"8352c90\" data-element_type=\"section\">\n\t\t\t\t\t\t<div class=\"elementor-container elementor-column-gap-default\">\n\t\t\t\t\t<div class=\"elementor-column elementor-col-100 elementor-top-column elementor-element elementor-element-5a3a051\" data-id=\"5a3a051\" data-element_type=\"column\">\n\t\t\t<div class=\"elementor-widget-wrap elementor-element-populated\">\n\t\t\t\t\t\t\t\t<div class=\"elementor-element elementor-element-ebc470b elementor-widget elementor-widget-heading\" data-id=\"ebc470b\" data-element_type=\"widget\" data-widget_type=\"heading.default\">\n\t\t\t\t<div class=\"elementor-widget-container\">\n\t\t\t<style>\/*! elementor - v3.6.7 - 03-07-2022 *\/\n.elementor-heading-title{padding:0;margin:0;line-height:1}.elementor-widget-heading .elementor-heading-title[class*=elementor-size-]>a{color:inherit;font-size:inherit;line-height:inherit}.elementor-widget-heading .elementor-heading-title.elementor-size-small{font-size:15px}.elementor-widget-heading .elementor-heading-title.elementor-size-medium{font-size:19px}.elementor-widget-heading .elementor-heading-title.elementor-size-large{font-size:29px}.elementor-widget-heading .elementor-heading-title.elementor-size-xl{font-size:39px}.elementor-widget-heading .elementor-heading-title.elementor-size-xxl{font-size:59px}<\/style><h2 class=\"elementor-heading-title elementor-size-default\">XXe Congr\u00e8s mondial UISPP \u2013 TIMI\u015eOARA<\/h2>\t\t<\/div>\n\t\t\t\t<\/div>\n\t\t\t\t<div class=\"elementor-element elementor-element-39229dc elementor-widget elementor-widget-text-editor\" data-id=\"39229dc\" data-element_type=\"widget\" data-widget_type=\"text-editor.default\">\n\t\t\t\t<div class=\"elementor-widget-container\">\n\t\t\t<style>\/*! elementor - v3.6.7 - 03-07-2022 *\/\n.elementor-widget-text-editor.elementor-drop-cap-view-stacked .elementor-drop-cap{background-color:#818a91;color:#fff}.elementor-widget-text-editor.elementor-drop-cap-view-framed .elementor-drop-cap{color:#818a91;border:3px solid;background-color:transparent}.elementor-widget-text-editor:not(.elementor-drop-cap-view-default) .elementor-drop-cap{margin-top:8px}.elementor-widget-text-editor:not(.elementor-drop-cap-view-default) .elementor-drop-cap-letter{width:1em;height:1em}.elementor-widget-text-editor .elementor-drop-cap{float:left;text-align:center;line-height:1;font-size:50px}.elementor-widget-text-editor .elementor-drop-cap-letter{display:inline-block}<\/style>\t\t\t\t<p style=\"text-align: center;\"><span style=\"font-weight: 400;\">Vous \u00eates cordialement invit\u00e9s \u00e0 participer au XX Congr\u00e8s de l'UISPP qui se tiendra \u00e0 Timisoara (Roumanie)<\/span><\/p>\n<p style=\"text-align: center;\"><b>Septembre 5-9, 2023<\/b><\/p>\n<p style=\"text-align: center;\"><b>&nbsp;&nbsp;<\/b><\/p>\n<p><\/p><center><img width=\"300px\" src=\"http:\/\/uispp2023.uvt.ro\/wp-content\/uploads\/2022\/05\/logo-uvt.png\"><\/center><p><\/p>\n<p style=\"text-align: center;\"><span style=\"font-weight: 400;\">Le th\u00e8me g\u00e9n\u00e9ral du congr\u00e8s est:<\/span><\/p>\t\t\t\t\t\t<\/div>\n\t\t\t\t<\/div>\n\t\t\t\t<div class=\"elementor-element elementor-element-3f0c9f7 elementor-widget elementor-widget-heading\" data-id=\"3f0c9f7\" data-element_type=\"widget\" data-widget_type=\"heading.default\">\n\t\t\t\t<div class=\"elementor-widget-container\">\n\t\t\t<h2 class=\"elementor-heading-title elementor-size-default\">INTERDISCIPLINARIT\u00c9 EN ARCH\u00c9OLOGIE<\/h2>\t\t<\/div>\n\t\t\t\t<\/div>\n\t\t\t\t<div class=\"elementor-element elementor-element-8ece244 elementor-widget elementor-widget-text-editor\" data-id=\"8ece244\" data-element_type=\"widget\" data-widget_type=\"text-editor.default\">\n\t\t\t\t<div class=\"elementor-widget-container\">\n\t\t\t\t\t\t\t<p style=\"text-align: center;\">Th\u00e8me f\u00e9d\u00e9rateur qui comportera plusieurs sous-th\u00e8mes qui seront propos\u00e9s par les diff\u00e9rentes commissions scientifiques.<\/p><p style=\"text-align: center;\">Les autres th\u00e8mes seront d\u00e9velopp\u00e9s sous forme de plusieurs sessions propos\u00e9es par les participants<b>\u00a0<\/b><\/p>\t\t\t\t\t\t<\/div>\n\t\t\t\t<\/div>\n\t\t\t\t<div class=\"elementor-element elementor-element-e012417 elementor-widget elementor-widget-text-editor\" data-id=\"e012417\" data-element_type=\"widget\" data-widget_type=\"text-editor.default\">\n\t\t\t\t<div class=\"elementor-widget-container\">\n\t\t\t\t\t\t\t<p>TO OBTAIN THE CERTIFICATE OF ATTENDACE, PLEASE CONTACT THE<br \/>REGISTRATION DESK OR SEND A REQUEST TO THE CONGRESS SECRETARIAT<\/p><p>EMAIL<\/p><h6>NOTE: The certificates will be issued based on the attendance lists signed by the participants during the registration<\/h6>\t\t\t\t\t\t<\/div>\n\t\t\t\t<\/div>\n\t\t\t\t<div class=\"elementor-element elementor-element-ac6791a elementor-widget elementor-widget-text-editor\" data-id=\"ac6791a\" data-element_type=\"widget\" data-widget_type=\"text-editor.default\">\n\t\t\t\t<div class=\"elementor-widget-container\">\n\t\t\t\t\t\t\t<p style=\"text-align: center;\"><strong>CALENDRIER<\/strong><\/p><p style=\"text-align: center;\"><strong>1er November 2022 \u201315 <\/strong><strong>F\u00e9vrier<\/strong><strong> 2023:<\/strong>\u00a0Appel pour la proposition des sessions scientifiques (prolong\u00e9)<\/p><p style=\"text-align: center;\"><strong>5 F\u00e9vrier 2023<\/strong>\u00a0\u2013 Annonce de l'acceptation \/ rejet de la proposition aux organisateurs de la session<\/p><p style=\"text-align: center;\"><strong>6 F\u00e9vrier 2023 \u2013 15 Mai 2023\u00a0<\/strong>\u2013 Appel \u00e0 communications<\/p><p style=\"text-align: center;\"><span style=\"color: #e80052;\"><strong>Appel \u00e0 communications - Prolongation de la date limite - 15 Juin<\/strong><\/span><\/p><p style=\"text-align: center;\"><strong>15 Mai \u2013 20 Juin 2023:\u00a0<\/strong>Evaluation des contributions par sessions<\/p><p style=\"text-align: center;\"><strong>25 Juin<\/strong>\u00a0Le programme final du 20\u00e8me Congr\u00e8s de l'UISPP, Timi\u015foara, 2023<\/p><p style=\"text-align: center;\"><strong>5-9 September 2023 - 20\u00e8me<\/strong>\u00a0Congr\u00e8s de l'UISPP \u00e0 Timi\u015foara (Roumanie)<\/p>\t\t\t\t\t\t<\/div>\n\t\t\t\t<\/div>\n\t\t\t\t\t<\/div>\n\t\t<\/div>\n\t\t\t\t\t\t\t<\/div>\n\t\t<\/section>\n\t\t\t\t\t\t\t<\/div>","protected":false},"excerpt":{"rendered":"<p>Previous Next UISPP XX World Congress &#8211; TIMI\u015eOARA You are cordially invited to participate at the XX Congress of the UISPP to be held in Timi\u015foara (Romania) September 5-9, 2023 &nbsp;&nbsp; The general theme of the congress is: INTERDISCIPLINARITY IN ARCHAEOLOGY A unifying theme that will include several sub-themes to be proposed by the various [&hellip;]<\/p>","protected":false},"author":1,"featured_media":0,"parent":0,"menu_order":0,"comment_status":"closed","ping_status":"closed","template":"","meta":[],"_links":{"self":[{"href":"http:\/\/uispp2023.uvt.ro\/fr\/wp-json\/wp\/v2\/pages\/8"}],"collection":[{"href":"http:\/\/uispp2023.uvt.ro\/fr\/wp-json\/wp\/v2\/pages"}],"about":[{"href":"http:\/\/uispp2023.uvt.ro\/fr\/wp-json\/wp\/v2\/types\/page"}],"author":[{"embeddable":true,"href":"http:\/\/uispp2023.uvt.ro\/fr\/wp-json\/wp\/v2\/users\/1"}],"replies":[{"embeddable":true,"href":"http:\/\/uispp2023.uvt.ro\/fr\/wp-json\/wp\/v2\/comments?post=8"}],"version-history":[{"count":167,"href":"http:\/\/uispp2023.uvt.ro\/fr\/wp-json\/wp\/v2\/pages\/8\/revisions"}],"predecessor-version":[{"id":1262,"href":"http:\/\/uispp2023.uvt.ro\/fr\/wp-json\/wp\/v2\/pages\/8\/revisions\/1262"}],"wp:attachment":[{"href":"http:\/\/uispp2023.uvt.ro\/fr\/wp-json\/wp\/v2\/media?parent=8"}],"curies":[{"name":"wp","href":"https:\/\/api.w.org\/{rel}","templated":true}]}}