{"id":70,"date":"2022-05-03T08:35:05","date_gmt":"2022-05-03T08:35:05","guid":{"rendered":"https:\/\/uispp2023.uvt.ro\/?page_id=70"},"modified":"2023-05-31T14:33:01","modified_gmt":"2023-05-31T14:33:01","slug":"bursaries-grants","status":"publish","type":"page","link":"http:\/\/uispp2023.uvt.ro\/fr\/bursaries-grants\/","title":{"rendered":"Bourses et subventions"},"content":{"rendered":"<div data-elementor-type=\"wp-page\" data-elementor-id=\"70\" class=\"elementor elementor-70\">\n\t\t\t\t\t\t\t\t\t<section class=\"elementor-section elementor-top-section elementor-element elementor-element-ff3c40a elementor-section-boxed elementor-section-height-default elementor-section-height-default\" data-id=\"ff3c40a\" data-element_type=\"section\">\n\t\t\t\t\t\t<div class=\"elementor-container elementor-column-gap-default\">\n\t\t\t\t\t<div class=\"elementor-column elementor-col-100 elementor-top-column elementor-element elementor-element-5ed587d\" data-id=\"5ed587d\" data-element_type=\"column\">\n\t\t\t<div class=\"elementor-widget-wrap elementor-element-populated\">\n\t\t\t\t\t\t\t\t<div class=\"elementor-element elementor-element-17903f6 elementor-widget elementor-widget-heading\" data-id=\"17903f6\" data-element_type=\"widget\" data-widget_type=\"heading.default\">\n\t\t\t\t<div class=\"elementor-widget-container\">\n\t\t\t<style>\/*! elementor - v3.6.7 - 03-07-2022 *\/\n.elementor-heading-title{padding:0;margin:0;line-height:1}.elementor-widget-heading .elementor-heading-title[class*=elementor-size-]>a{color:inherit;font-size:inherit;line-height:inherit}.elementor-widget-heading .elementor-heading-title.elementor-size-small{font-size:15px}.elementor-widget-heading .elementor-heading-title.elementor-size-medium{font-size:19px}.elementor-widget-heading .elementor-heading-title.elementor-size-large{font-size:29px}.elementor-widget-heading .elementor-heading-title.elementor-size-xl{font-size:39px}.elementor-widget-heading .elementor-heading-title.elementor-size-xxl{font-size:59px}<\/style><h2 class=\"elementor-heading-title elementor-size-default\">Bourses et subventions<\/h2>\t\t<\/div>\n\t\t\t\t<\/div>\n\t\t\t\t<div class=\"elementor-element elementor-element-5893ec2 elementor-widget-divider--view-line elementor-widget elementor-widget-divider\" data-id=\"5893ec2\" data-element_type=\"widget\" data-widget_type=\"divider.default\">\n\t\t\t\t<div class=\"elementor-widget-container\">\n\t\t\t<style>\/*! elementor - v3.6.7 - 03-07-2022 *\/\n.elementor-widget-divider{--divider-border-style:none;--divider-border-width:1px;--divider-color:#2c2c2c;--divider-icon-size:20px;--divider-element-spacing:10px;--divider-pattern-height:24px;--divider-pattern-size:20px;--divider-pattern-url:none;--divider-pattern-repeat:repeat-x}.elementor-widget-divider .elementor-divider{display:-webkit-box;display:-ms-flexbox;display:flex}.elementor-widget-divider .elementor-divider__text{font-size:15px;line-height:1;max-width:95%}.elementor-widget-divider .elementor-divider__element{margin:0 var(--divider-element-spacing);-ms-flex-negative:0;flex-shrink:0}.elementor-widget-divider .elementor-icon{font-size:var(--divider-icon-size)}.elementor-widget-divider .elementor-divider-separator{display:-webkit-box;display:-ms-flexbox;display:flex;margin:0;direction:ltr}.elementor-widget-divider--view-line_icon .elementor-divider-separator,.elementor-widget-divider--view-line_text .elementor-divider-separator{-webkit-box-align:center;-ms-flex-align:center;align-items:center}.elementor-widget-divider--view-line_icon .elementor-divider-separator:after,.elementor-widget-divider--view-line_icon .elementor-divider-separator:before,.elementor-widget-divider--view-line_text .elementor-divider-separator:after,.elementor-widget-divider--view-line_text .elementor-divider-separator:before{display:block;content:\"\";border-bottom:0;-webkit-box-flex:1;-ms-flex-positive:1;flex-grow:1;border-top:var(--divider-border-width) var(--divider-border-style) var(--divider-color)}.elementor-widget-divider--element-align-left .elementor-divider .elementor-divider-separator>.elementor-divider__svg:first-of-type{-webkit-box-flex:0;-ms-flex-positive:0;flex-grow:0;-ms-flex-negative:100;flex-shrink:100}.elementor-widget-divider--element-align-left .elementor-divider-separator:before{content:none}.elementor-widget-divider--element-align-left .elementor-divider__element{margin-left:0}.elementor-widget-divider--element-align-right .elementor-divider .elementor-divider-separator>.elementor-divider__svg:last-of-type{-webkit-box-flex:0;-ms-flex-positive:0;flex-grow:0;-ms-flex-negative:100;flex-shrink:100}.elementor-widget-divider--element-align-right .elementor-divider-separator:after{content:none}.elementor-widget-divider--element-align-right .elementor-divider__element{margin-right:0}.elementor-widget-divider:not(.elementor-widget-divider--view-line_text):not(.elementor-widget-divider--view-line_icon) .elementor-divider-separator{border-top:var(--divider-border-width) var(--divider-border-style) var(--divider-color)}.elementor-widget-divider--separator-type-pattern{--divider-border-style:none}.elementor-widget-divider--separator-type-pattern.elementor-widget-divider--view-line .elementor-divider-separator,.elementor-widget-divider--separator-type-pattern:not(.elementor-widget-divider--view-line) .elementor-divider-separator:after,.elementor-widget-divider--separator-type-pattern:not(.elementor-widget-divider--view-line) .elementor-divider-separator:before,.elementor-widget-divider--separator-type-pattern:not([class*=elementor-widget-divider--view]) .elementor-divider-separator{width:100%;min-height:var(--divider-pattern-height);-webkit-mask-size:var(--divider-pattern-size) 100%;mask-size:var(--divider-pattern-size) 100%;-webkit-mask-repeat:var(--divider-pattern-repeat);mask-repeat:var(--divider-pattern-repeat);background-color:var(--divider-color);-webkit-mask-image:var(--divider-pattern-url);mask-image:var(--divider-pattern-url)}.elementor-widget-divider--no-spacing{--divider-pattern-size:auto}.elementor-widget-divider--bg-round{--divider-pattern-repeat:round}.rtl .elementor-widget-divider .elementor-divider__text{direction:rtl}<\/style>\t\t<div class=\"elementor-divider\">\n\t\t\t<span class=\"elementor-divider-separator\">\n\t\t\t\t\t\t<\/span>\n\t\t<\/div>\n\t\t\t\t<\/div>\n\t\t\t\t<\/div>\n\t\t\t\t\t<\/div>\n\t\t<\/div>\n\t\t\t\t\t\t\t<\/div>\n\t\t<\/section>\n\t\t\t\t<section class=\"elementor-section elementor-top-section elementor-element elementor-element-fc4f3c6 elementor-section-boxed elementor-section-height-default elementor-section-height-default\" data-id=\"fc4f3c6\" data-element_type=\"section\">\n\t\t\t\t\t\t<div class=\"elementor-container elementor-column-gap-default\">\n\t\t\t\t\t<div class=\"elementor-column elementor-col-100 elementor-top-column elementor-element elementor-element-6611051\" data-id=\"6611051\" data-element_type=\"column\">\n\t\t\t<div class=\"elementor-widget-wrap elementor-element-populated\">\n\t\t\t\t\t\t\t\t<div class=\"elementor-element elementor-element-1cba430 elementor-widget elementor-widget-text-editor\" data-id=\"1cba430\" data-element_type=\"widget\" data-widget_type=\"text-editor.default\">\n\t\t\t\t<div class=\"elementor-widget-container\">\n\t\t\t<style>\/*! elementor - v3.6.7 - 03-07-2022 *\/\n.elementor-widget-text-editor.elementor-drop-cap-view-stacked .elementor-drop-cap{background-color:#818a91;color:#fff}.elementor-widget-text-editor.elementor-drop-cap-view-framed .elementor-drop-cap{color:#818a91;border:3px solid;background-color:transparent}.elementor-widget-text-editor:not(.elementor-drop-cap-view-default) .elementor-drop-cap{margin-top:8px}.elementor-widget-text-editor:not(.elementor-drop-cap-view-default) .elementor-drop-cap-letter{width:1em;height:1em}.elementor-widget-text-editor .elementor-drop-cap{float:left;text-align:center;line-height:1;font-size:50px}.elementor-widget-text-editor .elementor-drop-cap-letter{display:inline-block}<\/style>\t\t\t\t<p><span style=\"font-weight: 400;\">Pour le XX\u00e8me Congr\u00e8s mondial de l\u2019UISPP organis\u00e9 \u00e0 Timi\u0219oara (Roumanie) du 5 au 9 septembre 2023, deux distincts programmes de bourses sont disponibles.*<\/span><\/p>\n<p><span style=\"background-color: transparent; color: var( --e-global-color-text ); font-family: var( --e-global-typography-text-font-family ), Sans-serif;\"><b>&nbsp; &nbsp; &nbsp;A.<\/b><\/span><b style=\"background-color: transparent; color: var( --e-global-color-text ); font-family: var( --e-global-typography-text-font-family ), Sans-serif;\">Programme de bourses de l\u2019Universit\u00e9 de l\u2019Ouest de Timisoara<\/b><span style=\"background-color: transparent; color: var( --e-global-color-text ); font-family: var( --e-global-typography-text-font-family ), Sans-serif;\"> (avec une aide au voyage suppl\u00e9mentaire offerte par l\u2019UISPP)<\/span><\/p>\n<p><span style=\"font-weight: 400;\">Un nombre total de 30 bourses seront attribu\u00e9es selon la structure suivante :<\/span><\/p>\n<p><b style=\"background-color: transparent; color: var( --e-global-color-text ); font-family: var( --e-global-typography-text-font-family ), Sans-serif;\">&nbsp; &nbsp; &nbsp;1. Bourses compl\u00e8tes (15 bourses)<\/b><\/p>\n<ul>\n<li style=\"font-weight: 400;\" aria-level=\"1\"><span style=\"font-weight: 400;\">Inscription gratuite<\/span><\/li>\n<li style=\"font-weight: 400;\" aria-level=\"1\"><span style=\"font-weight: 400;\">Frais d\u2019adh\u00e9sion gratuits \u00e0 l\u2019UISPP (pour le cycle 2023\u20132026)<\/span><\/li>\n<li style=\"font-weight: 400;\" aria-level=\"1\"><span style=\"font-weight: 400;\">H\u00e9bergement gratuit en r\u00e9sidence universitaire**<\/span><\/li>\n<li style=\"font-weight: 400;\" aria-level=\"1\"><span style=\"font-weight: 400;\">Aide au voyage fournie par l\u2019UISPP (voir ci-dessous pour plus de d\u00e9tails)<\/span><\/li><\/ul>\n<div><br><\/div>\n<div>&nbsp; &nbsp; &nbsp;<b>2.&nbsp;<\/b><span style=\"background-color: transparent; color: var( --e-global-color-text ); font-family: var( --e-global-typography-text-font-family ), Sans-serif; font-weight: 700;\">Bourses partielles (15 bourses)&nbsp;<\/span><span style=\"background-color: transparent; color: var( --e-global-color-text ); font-family: var( --e-global-typography-text-font-family ), Sans-serif; font-weight: var( --e-global-typography-text-font-weight );\">(<\/span><span style=\"background-color: transparent; color: var( --e-global-color-text ); font-family: var( --e-global-typography-text-font-family ), Sans-serif; font-weight: 700;\">15 bursaries<\/span><span style=\"background-color: transparent; color: var( --e-global-color-text ); font-family: var( --e-global-typography-text-font-family ), Sans-serif; font-weight: var( --e-global-typography-text-font-weight );\">)<\/span><\/div>\n<ul>\n<li style=\"font-weight: 400;\" aria-level=\"1\"><span style=\"font-weight: 400;\">Inscription gratuite<\/span><\/li>\n<li style=\"font-weight: 400;\" aria-level=\"1\"><span style=\"font-weight: 400;\">Frais d\u2019adh\u00e9sion gratuits \u00e0 l\u2019UISPP (pour le cycle 2023\u20132026)<\/span><\/li>\n<li style=\"font-weight: 400;\" aria-level=\"1\"><span style=\"font-weight: 400;\">H\u00e9bergement \u00e0 bas prix en r\u00e9sidence universitaire**<\/span><\/li>\n<li style=\"font-weight: 400;\" aria-level=\"1\"><span style=\"font-weight: 400;\">Aide au voyage fournie par l\u2019UISPP (voir ci-dessous pour plus de d\u00e9tails)<\/span><\/li>\n<\/ul>\n<p><span style=\"font-weight: 400;\">La priorit\u00e9 dans ce programme sera donn\u00e9e aux candidats qui connaissant de r\u00e9elles difficult\u00e9s financi\u00e8res (par exemple, des coll\u00e8gues de pays \u00e0 faible revenu, des coll\u00e8gues au ch\u00f4mage ou \u00e0 la retraite) et qui ont d\u00e9pos\u00e9 une proposition de communication ou d\u2019un poster pr\u00e9sentant un int\u00e9r\u00eat scientifique significatif.<\/span><\/p>\n<p><span style=\"font-weight: 400;\">Les candidatures \u00e0 ce programme seront \u00e9valu\u00e9es par un jury compos\u00e9 des membres suivants :<\/span><\/p>\n<p><span style=\"font-weight: 400;\">\u00c9va David (Charg\u00e9e de recherche, CNRS)<\/span><\/p>\n<p><span style=\"font-weight: 400;\">Fran\u00e7ois Djindjian (Professeur, Universit\u00e9 de Paris 1 Panth\u00e9on-Sorbonne, Paris)<\/span><\/p>\n<p><span style=\"font-weight: 400;\">Dorel Micle (Professeur associ\u00e9, Universitatea de Vest din Timi\u0219oara \/ Universit\u00e9 de l\u2019Ouest de Timi\u0219oara)<\/span><\/p>\n<p><span style=\"font-weight: 400;\">Dan \u0218tefan (Cherceur, Muzeul Na\u021bional Al Carpa\u021bilor R\u0103s\u0103riteni \/ Mus\u00e9e national des Carpates orientales, Sf\u00e2ntu Gheorghe)<\/span><\/p>\n<p><span style=\"background-color: transparent; color: var( --e-global-color-text ); font-family: var( --e-global-typography-text-font-family ), Sans-serif;\">&nbsp; &nbsp; &nbsp;<b>B.&nbsp;<\/b><\/span><b style=\"background-color: transparent; color: var( --e-global-color-text ); font-family: var( --e-global-typography-text-font-family ), Sans-serif;\">Programme de bourses de l\u2019UISPP<\/b><\/p>\n<p><span style=\"font-weight: 400;\">Un nombre de 90 bourses seront offertes par l\u2019UISPP, comprenant :<\/span><\/p>\n<ul>\n<li style=\"font-weight: 400;\" aria-level=\"1\"><span style=\"font-weight: 400;\">Inscription gratuite<\/span><\/li>\n<li style=\"font-weight: 400;\" aria-level=\"1\"><span style=\"font-weight: 400;\">Frais d\u2019adh\u00e9sion gratuits \u00e0 l\u2019UISPP (pour le cycle 2023\u20132026)<\/span><\/li>\n<li style=\"font-weight: 400;\" aria-level=\"1\"><span style=\"font-weight: 400;\">H\u00e9bergement gratuit en r\u00e9sidence universitaire**<\/span><\/li>\n<li style=\"font-weight: 400;\" aria-level=\"1\"><span style=\"font-weight: 400;\">Travel aid (see below for details)<\/span><\/li>\n<\/ul>\n<p><span style=\"font-weight: 400;\">La priorit\u00e9 dans ce programme sera donn\u00e9e aux \u00e9tudiants de deuxi\u00e8me ou troisi\u00e8me cycle (inscrits dans un programme de ma\u00eetrise ou de doctorat au moment de leur candidature ; une preuve du statut d\u2019\u00e9tudiant doit \u00eatre fournie avec la candidature) qui ont d\u00e9pos\u00e9 une proposition de communication ou d\u2019un poster pr\u00e9sentant un int\u00e9r\u00eat scientifique significatif.<\/span><\/p>\n<p><span style=\"font-weight: 400;\">Les candidatures \u00e0 ce programme seront \u00e9valu\u00e9es par un jury compos\u00e9 des membres suivants :<\/span><\/p>\n<p><span style=\"font-weight: 400;\">Barbara Barich (Professeure, Fondazione Roma Sapienza)<\/span><\/p>\n<p><span style=\"font-weight: 400;\">Dirk Brandherm (Ma\u00eetre de conf\u00e9rence, Queen\u2019s University of Belfast)<\/span><\/p>\n<p><span style=\"font-weight: 400;\">Fran\u00e7ois Djindjian (Professeur, Universit\u00e9 de Paris 1 Panth\u00e9on-Sorbonne, Paris)<\/span><\/p>\n<p><span style=\"font-weight: 400;\">Alessandro Guidi (Professeur, Universit\u00e0 Roma Tre)<\/span><\/p>\n<p><span style=\"font-weight: 400;\">Chaque candidature sera examin\u00e9e selon ses m\u00e9rites individuels et conform\u00e9ment aux crit\u00e8res du programme de bourses respectif. Seules les candidatures compl\u00e8tes utilisant le formulaire de candidature fourni (voir lien au bas de cette page) et soumises avant la <b>date limite du 30 juin (fuseau horaire de Bucarest)<\/b> seront prises en compte. <\/span><b>deadline of 30 June (Bucharest time zone)<\/b><span style=\"font-weight: 400;\"> will be considered.<\/span><\/p>\n<p><span style=\"font-weight: 400;\">D\u00e9tails de l\u2019aide au voyage : pour les boursiers des pays europ\u00e9ens, une aide au voyage d\u2019un montant maximum de 200 \u20ac sera rembours\u00e9e sur pr\u00e9sentation d\u2019une copie du titre de transport correspondant (par exemple, billet d\u2019avion, de train ou de bus). En cas de difficult\u00e9s exceptionnelles et pour les boursiers en provenance de pays hors Europe, le jury peut octroyer une aide au voyage sup\u00e9rieure \u00e0 ce montant. Les boursiers voyageant en voiture ou non en possession d\u2019un titre de transport pertinent peuvent r\u00e9clamer une aide au voyage de 70 \u20ac apr\u00e8s leur arriv\u00e9e au congr\u00e8s \u00e0 Timi\u015foara. Toutes les bourses sont attribu\u00e9es \u00e0 la seule discr\u00e9tion du jury.<\/span><\/p>\n<p><span style=\"font-weight: 400;\">* Un candidat ne peut recevoir qu\u2019une seule bourse, de l\u2019un ou l\u2019autre programme, quel que soit le nombre de sessions qu\u2019il organise et les communications ou posters qu\u2019il donne.<\/span><\/p>\n<p><span style=\"font-weight: 400;\">** L\u2019h\u00e9bergement se fera normalement dans des chambres \u00e0 occupation double. Les demandes d\u2019occupation simple seront prises en compte sous r\u00e9serve de disponibilit\u00e9 et \u00e0 la discr\u00e9tion du jury, au prix de 40 \u20ac par nuit, \u00e0 la charge du boursier.<\/span><\/p>\n<p><span style=\"font-weight: 400;\">Pour postuler, veuillez envoyer les documents suivants \u00e0 l\u2019adresse courriel <\/span><a href=\"mailto:secretariatuispp2023@e-uvt.ro\"><span style=\"font-weight: 400;\">secretariatuispp2023@e-uvt.ro<\/span><\/a><span style=\"font-weight: 400;\">:<\/span><\/p>\n<ul>\n<li style=\"font-weight: 400;\" aria-level=\"1\"><span style=\"font-weight: 400;\">Curriculum Vitae<\/span><\/li>\n<li style=\"font-weight: 400;\" aria-level=\"1\"><span style=\"font-weight: 400;\">Preuve du statut d\u2019\u00e9tudiant (uniquement pour le programme de bourses de l\u2019UISPP)<\/span><\/li>\n<li style=\"font-weight: 400;\" aria-level=\"1\"><span style=\"font-weight: 400;\">Copie du titre de transport (uniquement si vous demandez une aide au voyage sup\u00e9rieure \u00e0 70 \u20ac)<\/span><\/li>\n<li style=\"font-weight: 400;\" aria-level=\"1\"><span style=\"font-weight: 400;\">Formulaire de demande rempli <\/span><a href=\"http:\/\/uispp2023.uvt.ro\/wp-content\/uploads\/2023\/05\/BURSARY-FORM_2023_UISPP-1.docx\"><span style=\"font-weight: 400;\">(T\u00e9l\u00e9charger)<\/span><\/a>&nbsp;<\/li>\n<\/ul>\t\t\t\t\t\t<\/div>\n\t\t\t\t<\/div>\n\t\t\t\t\t<\/div>\n\t\t<\/div>\n\t\t\t\t\t\t\t<\/div>\n\t\t<\/section>\n\t\t\t\t<section class=\"elementor-section elementor-top-section elementor-element elementor-element-1c3f37e elementor-section-boxed elementor-section-height-default elementor-section-height-default\" data-id=\"1c3f37e\" data-element_type=\"section\">\n\t\t\t\t\t\t<div class=\"elementor-container elementor-column-gap-default\">\n\t\t\t\t\t<div class=\"elementor-column elementor-col-100 elementor-top-column elementor-element elementor-element-04a6279\" data-id=\"04a6279\" data-element_type=\"column\">\n\t\t\t<div class=\"elementor-widget-wrap elementor-element-populated\">\n\t\t\t\t\t\t\t\t<div class=\"elementor-element elementor-element-b9171b4 elementor-widget elementor-widget-spacer\" data-id=\"b9171b4\" data-element_type=\"widget\" data-widget_type=\"spacer.default\">\n\t\t\t\t<div class=\"elementor-widget-container\">\n\t\t\t<style>\/*! elementor - v3.6.7 - 03-07-2022 *\/\n.e-container.e-container--row .elementor-spacer-inner{width:var(--spacer-size)}.e-container.e-container--column .elementor-spacer-inner,.elementor-column .elementor-spacer-inner{height:var(--spacer-size)}<\/style>\t\t<div class=\"elementor-spacer\">\n\t\t\t<div class=\"elementor-spacer-inner\"><\/div>\n\t\t<\/div>\n\t\t\t\t<\/div>\n\t\t\t\t<\/div>\n\t\t\t\t\t<\/div>\n\t\t<\/div>\n\t\t\t\t\t\t\t<\/div>\n\t\t<\/section>\n\t\t\t\t\t\t\t<\/div>","protected":false},"excerpt":{"rendered":"<p>Bursaries\/Grants For the 20th UISPP World Congress organized in Timi\u0219oara (Romania) between 5\u20139 September 2023, two separate bursary schemes are available.* &nbsp; &nbsp; &nbsp;A.West University of Timi\u0219oara bursary scheme (with additional travel support made available courtesy of the UISPP) A total number of 30 bursaries will be awarded according to the following structure: &nbsp; &nbsp; [&hellip;]<\/p>","protected":false},"author":1,"featured_media":0,"parent":0,"menu_order":0,"comment_status":"closed","ping_status":"closed","template":"","meta":[],"_links":{"self":[{"href":"http:\/\/uispp2023.uvt.ro\/fr\/wp-json\/wp\/v2\/pages\/70"}],"collection":[{"href":"http:\/\/uispp2023.uvt.ro\/fr\/wp-json\/wp\/v2\/pages"}],"about":[{"href":"http:\/\/uispp2023.uvt.ro\/fr\/wp-json\/wp\/v2\/types\/page"}],"author":[{"embeddable":true,"href":"http:\/\/uispp2023.uvt.ro\/fr\/wp-json\/wp\/v2\/users\/1"}],"replies":[{"embeddable":true,"href":"http:\/\/uispp2023.uvt.ro\/fr\/wp-json\/wp\/v2\/comments?post=70"}],"version-history":[{"count":37,"href":"http:\/\/uispp2023.uvt.ro\/fr\/wp-json\/wp\/v2\/pages\/70\/revisions"}],"predecessor-version":[{"id":1147,"href":"http:\/\/uispp2023.uvt.ro\/fr\/wp-json\/wp\/v2\/pages\/70\/revisions\/1147"}],"wp:attachment":[{"href":"http:\/\/uispp2023.uvt.ro\/fr\/wp-json\/wp\/v2\/media?parent=70"}],"curies":[{"name":"wp","href":"https:\/\/api.w.org\/{rel}","templated":true}]}}