{"id":68,"date":"2022-05-03T08:34:56","date_gmt":"2022-05-03T08:34:56","guid":{"rendered":"https:\/\/uispp2023.uvt.ro\/?page_id=68"},"modified":"2023-07-17T12:59:31","modified_gmt":"2023-07-17T12:59:31","slug":"registration-fees","status":"publish","type":"page","link":"http:\/\/uispp2023.uvt.ro\/fr\/registration-fees\/","title":{"rendered":"Frais d\u2019inscription"},"content":{"rendered":"<div data-elementor-type=\"wp-page\" data-elementor-id=\"68\" class=\"elementor elementor-68\">\n\t\t\t\t\t\t\t\t\t<section class=\"elementor-section elementor-top-section elementor-element elementor-element-19b853d elementor-section-boxed elementor-section-height-default elementor-section-height-default\" data-id=\"19b853d\" data-element_type=\"section\">\n\t\t\t\t\t\t<div class=\"elementor-container elementor-column-gap-default\">\n\t\t\t\t\t<div class=\"elementor-column elementor-col-100 elementor-top-column elementor-element elementor-element-700a911\" data-id=\"700a911\" data-element_type=\"column\">\n\t\t\t<div class=\"elementor-widget-wrap elementor-element-populated\">\n\t\t\t\t\t\t\t\t<div class=\"elementor-element elementor-element-a351019 elementor-widget elementor-widget-heading\" data-id=\"a351019\" data-element_type=\"widget\" data-widget_type=\"heading.default\">\n\t\t\t\t<div class=\"elementor-widget-container\">\n\t\t\t<style>\/*! elementor - v3.6.7 - 03-07-2022 *\/\n.elementor-heading-title{padding:0;margin:0;line-height:1}.elementor-widget-heading .elementor-heading-title[class*=elementor-size-]>a{color:inherit;font-size:inherit;line-height:inherit}.elementor-widget-heading .elementor-heading-title.elementor-size-small{font-size:15px}.elementor-widget-heading .elementor-heading-title.elementor-size-medium{font-size:19px}.elementor-widget-heading .elementor-heading-title.elementor-size-large{font-size:29px}.elementor-widget-heading .elementor-heading-title.elementor-size-xl{font-size:39px}.elementor-widget-heading .elementor-heading-title.elementor-size-xxl{font-size:59px}<\/style><h2 class=\"elementor-heading-title elementor-size-default\">Frais d\u2019 inscription<\/h2>\t\t<\/div>\n\t\t\t\t<\/div>\n\t\t\t\t<div class=\"elementor-element elementor-element-f382d24 elementor-widget-divider--view-line elementor-widget elementor-widget-divider\" data-id=\"f382d24\" data-element_type=\"widget\" data-widget_type=\"divider.default\">\n\t\t\t\t<div class=\"elementor-widget-container\">\n\t\t\t<style>\/*! elementor - v3.6.7 - 03-07-2022 *\/\n.elementor-widget-divider{--divider-border-style:none;--divider-border-width:1px;--divider-color:#2c2c2c;--divider-icon-size:20px;--divider-element-spacing:10px;--divider-pattern-height:24px;--divider-pattern-size:20px;--divider-pattern-url:none;--divider-pattern-repeat:repeat-x}.elementor-widget-divider .elementor-divider{display:-webkit-box;display:-ms-flexbox;display:flex}.elementor-widget-divider .elementor-divider__text{font-size:15px;line-height:1;max-width:95%}.elementor-widget-divider .elementor-divider__element{margin:0 var(--divider-element-spacing);-ms-flex-negative:0;flex-shrink:0}.elementor-widget-divider .elementor-icon{font-size:var(--divider-icon-size)}.elementor-widget-divider .elementor-divider-separator{display:-webkit-box;display:-ms-flexbox;display:flex;margin:0;direction:ltr}.elementor-widget-divider--view-line_icon .elementor-divider-separator,.elementor-widget-divider--view-line_text .elementor-divider-separator{-webkit-box-align:center;-ms-flex-align:center;align-items:center}.elementor-widget-divider--view-line_icon .elementor-divider-separator:after,.elementor-widget-divider--view-line_icon .elementor-divider-separator:before,.elementor-widget-divider--view-line_text .elementor-divider-separator:after,.elementor-widget-divider--view-line_text .elementor-divider-separator:before{display:block;content:\"\";border-bottom:0;-webkit-box-flex:1;-ms-flex-positive:1;flex-grow:1;border-top:var(--divider-border-width) var(--divider-border-style) var(--divider-color)}.elementor-widget-divider--element-align-left .elementor-divider .elementor-divider-separator>.elementor-divider__svg:first-of-type{-webkit-box-flex:0;-ms-flex-positive:0;flex-grow:0;-ms-flex-negative:100;flex-shrink:100}.elementor-widget-divider--element-align-left .elementor-divider-separator:before{content:none}.elementor-widget-divider--element-align-left .elementor-divider__element{margin-left:0}.elementor-widget-divider--element-align-right .elementor-divider .elementor-divider-separator>.elementor-divider__svg:last-of-type{-webkit-box-flex:0;-ms-flex-positive:0;flex-grow:0;-ms-flex-negative:100;flex-shrink:100}.elementor-widget-divider--element-align-right .elementor-divider-separator:after{content:none}.elementor-widget-divider--element-align-right .elementor-divider__element{margin-right:0}.elementor-widget-divider:not(.elementor-widget-divider--view-line_text):not(.elementor-widget-divider--view-line_icon) .elementor-divider-separator{border-top:var(--divider-border-width) var(--divider-border-style) var(--divider-color)}.elementor-widget-divider--separator-type-pattern{--divider-border-style:none}.elementor-widget-divider--separator-type-pattern.elementor-widget-divider--view-line .elementor-divider-separator,.elementor-widget-divider--separator-type-pattern:not(.elementor-widget-divider--view-line) .elementor-divider-separator:after,.elementor-widget-divider--separator-type-pattern:not(.elementor-widget-divider--view-line) .elementor-divider-separator:before,.elementor-widget-divider--separator-type-pattern:not([class*=elementor-widget-divider--view]) .elementor-divider-separator{width:100%;min-height:var(--divider-pattern-height);-webkit-mask-size:var(--divider-pattern-size) 100%;mask-size:var(--divider-pattern-size) 100%;-webkit-mask-repeat:var(--divider-pattern-repeat);mask-repeat:var(--divider-pattern-repeat);background-color:var(--divider-color);-webkit-mask-image:var(--divider-pattern-url);mask-image:var(--divider-pattern-url)}.elementor-widget-divider--no-spacing{--divider-pattern-size:auto}.elementor-widget-divider--bg-round{--divider-pattern-repeat:round}.rtl .elementor-widget-divider .elementor-divider__text{direction:rtl}<\/style>\t\t<div class=\"elementor-divider\">\n\t\t\t<span class=\"elementor-divider-separator\">\n\t\t\t\t\t\t<\/span>\n\t\t<\/div>\n\t\t\t\t<\/div>\n\t\t\t\t<\/div>\n\t\t\t\t\t<\/div>\n\t\t<\/div>\n\t\t\t\t\t\t\t<\/div>\n\t\t<\/section>\n\t\t\t\t<section class=\"elementor-section elementor-top-section elementor-element elementor-element-9b2ad4b elementor-section-boxed elementor-section-height-default elementor-section-height-default\" data-id=\"9b2ad4b\" data-element_type=\"section\">\n\t\t\t\t\t\t<div class=\"elementor-container elementor-column-gap-default\">\n\t\t\t\t\t<div class=\"elementor-column elementor-col-100 elementor-top-column elementor-element elementor-element-b94810a\" data-id=\"b94810a\" data-element_type=\"column\">\n\t\t\t<div class=\"elementor-widget-wrap elementor-element-populated\">\n\t\t\t\t\t\t\t\t<div class=\"elementor-element elementor-element-2bf5de1 elementor-widget elementor-widget-text-editor\" data-id=\"2bf5de1\" data-element_type=\"widget\" data-widget_type=\"text-editor.default\">\n\t\t\t\t<div class=\"elementor-widget-container\">\n\t\t\t<style>\/*! elementor - v3.6.7 - 03-07-2022 *\/\n.elementor-widget-text-editor.elementor-drop-cap-view-stacked .elementor-drop-cap{background-color:#818a91;color:#fff}.elementor-widget-text-editor.elementor-drop-cap-view-framed .elementor-drop-cap{color:#818a91;border:3px solid;background-color:transparent}.elementor-widget-text-editor:not(.elementor-drop-cap-view-default) .elementor-drop-cap{margin-top:8px}.elementor-widget-text-editor:not(.elementor-drop-cap-view-default) .elementor-drop-cap-letter{width:1em;height:1em}.elementor-widget-text-editor .elementor-drop-cap{float:left;text-align:center;line-height:1;font-size:50px}.elementor-widget-text-editor .elementor-drop-cap-letter{display:inline-block}<\/style>\t\t\t\t<table width=\"0\">\n<tbody>\n<tr>\n<td rowspan=\"2\" width=\"198\">\n<\/td>\n<td width=\"198\">\n<p><strong>Frais Pr\u00e9f\u00e9rentiel <\/strong><\/p>\n<p><strong>until 1st August 2023, 23.00 UTC<\/strong><\/p>\n<\/td>\n<td width=\"198\">\n<p><strong>STANDARD Fee after 1st August 2023, 23.00 UTC<\/strong><\/p>\n<\/td>\n<\/tr>\n<tr>\n<td width=\"198\">\n<p>EUR<\/p>\n<\/td>\n<td width=\"198\">\n<p>EUR<\/p>\n<\/td>\n<\/tr>\n<tr>\n<td width=\"198\">\n<p><strong>Taux plein (Adh\u00e9sion UISPP incluse)<\/strong><\/p>\n<\/td>\n<td width=\"198\">\n<p>300<\/p>\n<\/td>\n<td width=\"198\">\n<p>350<\/p>\n<\/td>\n<\/tr>\n<tr>\n<td width=\"198\">\n<p><strong>\u00c9tudiant\/Retrait\u00e9 (Adh\u00e9sion UISPP incluse)<\/strong><\/p>\n<\/td>\n<td width=\"198\">\n<p>190<\/p>\n<\/td>\n<td width=\"198\">\n<p>200<\/p>\n<\/td>\n<\/tr>\n<tr>\n<td width=\"198\">\n<p><strong>Participants sans pr\u00e9sentation<\/strong><\/p>\n<\/td>\n<td width=\"198\">\n<p>150<\/p>\n<\/td>\n<td width=\"198\">\n<p>200<\/p>\n<\/td>\n<\/tr>\n<tr>\n<td width=\"198\">\n<p><strong>R\u00e9ception de bienvenue et D\u00eener Festif du Congr\u00e8s<\/strong><\/p>\n<\/td>\n<td width=\"198\">\n<p>Inclus dans les frais d'inscription<\/p>\n<\/td>\n<td width=\"198\">\n<p>Inclus dans les frais d'inscription<\/p>\n<\/td>\n<\/tr>\n<\/tbody>\n<\/table>\n<p><strong>&nbsp;<\/strong><\/p>\n<p class=\" translation-block\">Les participants qui rencontrent des difficult\u00e9s avec le paiement en ligne doivent contacter le comit\u00e9 d'organisation \u00e0 l'adresse e-mail: secretariatuispp2023@e-uvt.ro<\/p>\n<p><strong>Participation fee includes:<\/strong><\/p>\n<ul>\n<li>C\u00e9r\u00e9monie d'ouverture (r\u00e9ception de bienvenue)<\/li>\n<li>D\u00eener Festif du Congr\u00e8s au Mus\u00e9e du Village de Banat (fourni par les organisateurs)<\/li>\n<li>Sac, badge et cl\u00e9 USB ;<\/li>\n<li>Book of abstracts (pdf); book of sessions (pdf);<\/li>\n<li>Entr\u00e9e aux mus\u00e9es: \"Mus\u00e9e National d'Histoire du Banat\", \"Mus\u00e9e d'Art de Timi\u0219oara\", \"Mus\u00e9e du Village du Banat\";<\/li>\n<li>Publication actes en ligne (UISPP)<\/li>\n<li>Les pauses caf\u00e9 du matin et de l'apr\u00e8s-midi<\/li>\n<li>Cotisation annuelle UISPP (75 EUR) qui est obligatoire pour l'inscription au Congr\u00e8s UISPP 2023<\/li>\n<\/ul>\n<p><strong>Pour le paiement des frais d'inscription par virement bancaire, veuillez utiliser les donn\u00e9es suivantes:<\/strong><\/p>\n<p>FUNDATIA UNIVERSITATEA DE VEST TIMISOARA<\/p>\n<p>Timisoara, Bd. V. Parvan, nr. 4, Birou 154<\/p>\n<p>Registru special al Funda\u0163iilor 7\/5.12.2012<\/p>\n<p>CIF 31027065<\/p>\n<p>IBAN: RO70RNCB0255151008950002<\/p>\n<p>SWIFT: RNCBROBUXXX<\/p>\n<p>Attention: les d\u00e9tails du paiement comprendront : le nom et pr\u00e9nom du participant et l'acronyme de la conf\u00e9rence (UISPP2023)<\/p>\n<p><\/p>\n<p>Veuillez noter que la confirmation du paiement peut prendre entre 3 et 5 jours ouvrables.<\/p>\t\t\t\t\t\t<\/div>\n\t\t\t\t<\/div>\n\t\t\t\t\t<\/div>\n\t\t<\/div>\n\t\t\t\t\t\t\t<\/div>\n\t\t<\/section>\n\t\t\t\t<section class=\"elementor-section elementor-top-section elementor-element elementor-element-5945ecf elementor-section-boxed elementor-section-height-default elementor-section-height-default\" data-id=\"5945ecf\" data-element_type=\"section\">\n\t\t\t\t\t\t<div class=\"elementor-container elementor-column-gap-default\">\n\t\t\t\t\t<div class=\"elementor-column elementor-col-100 elementor-top-column elementor-element elementor-element-17baa44\" data-id=\"17baa44\" data-element_type=\"column\">\n\t\t\t<div class=\"elementor-widget-wrap elementor-element-populated\">\n\t\t\t\t\t\t\t\t<div class=\"elementor-element elementor-element-9cb23fa elementor-widget elementor-widget-spacer\" data-id=\"9cb23fa\" data-element_type=\"widget\" data-widget_type=\"spacer.default\">\n\t\t\t\t<div class=\"elementor-widget-container\">\n\t\t\t<style>\/*! elementor - v3.6.7 - 03-07-2022 *\/\n.e-container.e-container--row .elementor-spacer-inner{width:var(--spacer-size)}.e-container.e-container--column .elementor-spacer-inner,.elementor-column .elementor-spacer-inner{height:var(--spacer-size)}<\/style>\t\t<div class=\"elementor-spacer\">\n\t\t\t<div class=\"elementor-spacer-inner\"><\/div>\n\t\t<\/div>\n\t\t\t\t<\/div>\n\t\t\t\t<\/div>\n\t\t\t\t\t<\/div>\n\t\t<\/div>\n\t\t\t\t\t\t\t<\/div>\n\t\t<\/section>\n\t\t\t\t\t\t\t<\/div>","protected":false},"excerpt":{"rendered":"<p>Registration Fees EARLY Fee until 1st August 2023, 23.00 UTC STANDARD Fee after 1st August 2023, 23.00 UTC EUR EUR Congress registration fee (UISPP Membership included) 300 350 Student\/Retired congress registration fee (UISPP Membership included) 190 200 Participants without presentation 150 200 Welcome Ceremony and Galla Dinner Included in registration fee Included in registration fee [&hellip;]<\/p>","protected":false},"author":1,"featured_media":0,"parent":0,"menu_order":0,"comment_status":"closed","ping_status":"closed","template":"","meta":[],"_links":{"self":[{"href":"http:\/\/uispp2023.uvt.ro\/fr\/wp-json\/wp\/v2\/pages\/68"}],"collection":[{"href":"http:\/\/uispp2023.uvt.ro\/fr\/wp-json\/wp\/v2\/pages"}],"about":[{"href":"http:\/\/uispp2023.uvt.ro\/fr\/wp-json\/wp\/v2\/types\/page"}],"author":[{"embeddable":true,"href":"http:\/\/uispp2023.uvt.ro\/fr\/wp-json\/wp\/v2\/users\/1"}],"replies":[{"embeddable":true,"href":"http:\/\/uispp2023.uvt.ro\/fr\/wp-json\/wp\/v2\/comments?post=68"}],"version-history":[{"count":55,"href":"http:\/\/uispp2023.uvt.ro\/fr\/wp-json\/wp\/v2\/pages\/68\/revisions"}],"predecessor-version":[{"id":1155,"href":"http:\/\/uispp2023.uvt.ro\/fr\/wp-json\/wp\/v2\/pages\/68\/revisions\/1155"}],"wp:attachment":[{"href":"http:\/\/uispp2023.uvt.ro\/fr\/wp-json\/wp\/v2\/media?parent=68"}],"curies":[{"name":"wp","href":"https:\/\/api.w.org\/{rel}","templated":true}]}}