{"id":64,"date":"2022-05-03T08:34:35","date_gmt":"2022-05-03T08:34:35","guid":{"rendered":"https:\/\/uispp2023.uvt.ro\/?page_id=64"},"modified":"2023-02-23T12:36:47","modified_gmt":"2023-02-23T12:36:47","slug":"guidelines-to-participants","status":"publish","type":"page","link":"http:\/\/uispp2023.uvt.ro\/fr\/guidelines-to-participants\/","title":{"rendered":"Recommandations"},"content":{"rendered":"<div data-elementor-type=\"wp-page\" data-elementor-id=\"64\" class=\"elementor elementor-64\">\n\t\t\t\t\t\t\t\t\t<section class=\"elementor-section elementor-top-section elementor-element elementor-element-c7d71fc elementor-section-boxed elementor-section-height-default elementor-section-height-default\" data-id=\"c7d71fc\" data-element_type=\"section\">\n\t\t\t\t\t\t<div class=\"elementor-container elementor-column-gap-default\">\n\t\t\t\t\t<div class=\"elementor-column elementor-col-100 elementor-top-column elementor-element elementor-element-1a6bd14\" data-id=\"1a6bd14\" data-element_type=\"column\">\n\t\t\t<div class=\"elementor-widget-wrap elementor-element-populated\">\n\t\t\t\t\t\t\t\t<div class=\"elementor-element elementor-element-fc8a7c4 elementor-widget elementor-widget-heading\" data-id=\"fc8a7c4\" data-element_type=\"widget\" data-widget_type=\"heading.default\">\n\t\t\t\t<div class=\"elementor-widget-container\">\n\t\t\t<style>\/*! elementor - v3.6.7 - 03-07-2022 *\/\n.elementor-heading-title{padding:0;margin:0;line-height:1}.elementor-widget-heading .elementor-heading-title[class*=elementor-size-]>a{color:inherit;font-size:inherit;line-height:inherit}.elementor-widget-heading .elementor-heading-title.elementor-size-small{font-size:15px}.elementor-widget-heading .elementor-heading-title.elementor-size-medium{font-size:19px}.elementor-widget-heading .elementor-heading-title.elementor-size-large{font-size:29px}.elementor-widget-heading .elementor-heading-title.elementor-size-xl{font-size:39px}.elementor-widget-heading .elementor-heading-title.elementor-size-xxl{font-size:59px}<\/style><h2 class=\"elementor-heading-title elementor-size-default\">Recommandations<\/h2>\t\t<\/div>\n\t\t\t\t<\/div>\n\t\t\t\t<div class=\"elementor-element elementor-element-21dd738 elementor-widget-divider--view-line elementor-widget elementor-widget-divider\" data-id=\"21dd738\" data-element_type=\"widget\" data-widget_type=\"divider.default\">\n\t\t\t\t<div class=\"elementor-widget-container\">\n\t\t\t<style>\/*! elementor - v3.6.7 - 03-07-2022 *\/\n.elementor-widget-divider{--divider-border-style:none;--divider-border-width:1px;--divider-color:#2c2c2c;--divider-icon-size:20px;--divider-element-spacing:10px;--divider-pattern-height:24px;--divider-pattern-size:20px;--divider-pattern-url:none;--divider-pattern-repeat:repeat-x}.elementor-widget-divider .elementor-divider{display:-webkit-box;display:-ms-flexbox;display:flex}.elementor-widget-divider .elementor-divider__text{font-size:15px;line-height:1;max-width:95%}.elementor-widget-divider .elementor-divider__element{margin:0 var(--divider-element-spacing);-ms-flex-negative:0;flex-shrink:0}.elementor-widget-divider .elementor-icon{font-size:var(--divider-icon-size)}.elementor-widget-divider .elementor-divider-separator{display:-webkit-box;display:-ms-flexbox;display:flex;margin:0;direction:ltr}.elementor-widget-divider--view-line_icon .elementor-divider-separator,.elementor-widget-divider--view-line_text .elementor-divider-separator{-webkit-box-align:center;-ms-flex-align:center;align-items:center}.elementor-widget-divider--view-line_icon .elementor-divider-separator:after,.elementor-widget-divider--view-line_icon .elementor-divider-separator:before,.elementor-widget-divider--view-line_text .elementor-divider-separator:after,.elementor-widget-divider--view-line_text .elementor-divider-separator:before{display:block;content:\"\";border-bottom:0;-webkit-box-flex:1;-ms-flex-positive:1;flex-grow:1;border-top:var(--divider-border-width) var(--divider-border-style) var(--divider-color)}.elementor-widget-divider--element-align-left .elementor-divider .elementor-divider-separator>.elementor-divider__svg:first-of-type{-webkit-box-flex:0;-ms-flex-positive:0;flex-grow:0;-ms-flex-negative:100;flex-shrink:100}.elementor-widget-divider--element-align-left .elementor-divider-separator:before{content:none}.elementor-widget-divider--element-align-left .elementor-divider__element{margin-left:0}.elementor-widget-divider--element-align-right .elementor-divider .elementor-divider-separator>.elementor-divider__svg:last-of-type{-webkit-box-flex:0;-ms-flex-positive:0;flex-grow:0;-ms-flex-negative:100;flex-shrink:100}.elementor-widget-divider--element-align-right .elementor-divider-separator:after{content:none}.elementor-widget-divider--element-align-right .elementor-divider__element{margin-right:0}.elementor-widget-divider:not(.elementor-widget-divider--view-line_text):not(.elementor-widget-divider--view-line_icon) .elementor-divider-separator{border-top:var(--divider-border-width) var(--divider-border-style) var(--divider-color)}.elementor-widget-divider--separator-type-pattern{--divider-border-style:none}.elementor-widget-divider--separator-type-pattern.elementor-widget-divider--view-line .elementor-divider-separator,.elementor-widget-divider--separator-type-pattern:not(.elementor-widget-divider--view-line) .elementor-divider-separator:after,.elementor-widget-divider--separator-type-pattern:not(.elementor-widget-divider--view-line) .elementor-divider-separator:before,.elementor-widget-divider--separator-type-pattern:not([class*=elementor-widget-divider--view]) .elementor-divider-separator{width:100%;min-height:var(--divider-pattern-height);-webkit-mask-size:var(--divider-pattern-size) 100%;mask-size:var(--divider-pattern-size) 100%;-webkit-mask-repeat:var(--divider-pattern-repeat);mask-repeat:var(--divider-pattern-repeat);background-color:var(--divider-color);-webkit-mask-image:var(--divider-pattern-url);mask-image:var(--divider-pattern-url)}.elementor-widget-divider--no-spacing{--divider-pattern-size:auto}.elementor-widget-divider--bg-round{--divider-pattern-repeat:round}.rtl .elementor-widget-divider .elementor-divider__text{direction:rtl}<\/style>\t\t<div class=\"elementor-divider\">\n\t\t\t<span class=\"elementor-divider-separator\">\n\t\t\t\t\t\t<\/span>\n\t\t<\/div>\n\t\t\t\t<\/div>\n\t\t\t\t<\/div>\n\t\t\t\t\t<\/div>\n\t\t<\/div>\n\t\t\t\t\t\t\t<\/div>\n\t\t<\/section>\n\t\t\t\t<section class=\"elementor-section elementor-top-section elementor-element elementor-element-30dc24d elementor-section-boxed elementor-section-height-default elementor-section-height-default\" data-id=\"30dc24d\" data-element_type=\"section\">\n\t\t\t\t\t\t<div class=\"elementor-container elementor-column-gap-default\">\n\t\t\t\t\t<div class=\"elementor-column elementor-col-100 elementor-top-column elementor-element elementor-element-ec92a71\" data-id=\"ec92a71\" data-element_type=\"column\">\n\t\t\t<div class=\"elementor-widget-wrap elementor-element-populated\">\n\t\t\t\t\t\t\t\t<div class=\"elementor-element elementor-element-ddfecc0 elementor-widget elementor-widget-text-editor\" data-id=\"ddfecc0\" data-element_type=\"widget\" data-widget_type=\"text-editor.default\">\n\t\t\t\t<div class=\"elementor-widget-container\">\n\t\t\t<style>\/*! elementor - v3.6.7 - 03-07-2022 *\/\n.elementor-widget-text-editor.elementor-drop-cap-view-stacked .elementor-drop-cap{background-color:#818a91;color:#fff}.elementor-widget-text-editor.elementor-drop-cap-view-framed .elementor-drop-cap{color:#818a91;border:3px solid;background-color:transparent}.elementor-widget-text-editor:not(.elementor-drop-cap-view-default) .elementor-drop-cap{margin-top:8px}.elementor-widget-text-editor:not(.elementor-drop-cap-view-default) .elementor-drop-cap-letter{width:1em;height:1em}.elementor-widget-text-editor .elementor-drop-cap{float:left;text-align:center;line-height:1;font-size:50px}.elementor-widget-text-editor .elementor-drop-cap-letter{display:inline-block}<\/style>\t\t\t\t<p>Une session ne sera organis\u00e9e que si elle rassemble six communications scientifiques. Si une session ne r\u00e9pond pas \u00e0 cette exigence, les communications scientifiques seront transf\u00e9r\u00e9es \u00e0 la session dont le sujet est le plus proche ou r\u00e9parties au sein des sessions g\u00e9n\u00e9rales (GS).<br>Si deux sessions avec des sujets \u00e9troitement li\u00e9s ne rassemblent pas le nombre requis d'articles scientifiques, elles peuvent \u00eatre fusionn\u00e9es avec l'accord des organisateurs de session.<\/p>\n<p><b>1. SOUMISSION DE R\u00c9SUM\u00c9<\/b><br>L'enregistrement d'un r\u00e9sum\u00e9 se fait via le formulaire de soumission de r\u00e9sum\u00e9 situ\u00e9 dans le coin sup\u00e9rieur droit de la page Web. Dans le formulaire, veuillez remplir toutes les donn\u00e9es requises. Vos propositions doivent contenir trois \u00e0 cinq mots-cl\u00e9s et votre r\u00e9sum\u00e9 doit compter entre 300 et 500 mots. Vos propositions seront r\u00e9dig\u00e9es dans l'une des langues officielles du congr\u00e8s, fran\u00e7ais ou anglais.<br>Les soumissions de r\u00e9sum\u00e9s de la conf\u00e9rence seront examin\u00e9es par des pairs et \u00e9valu\u00e9es par les organisateurs de la session. Tous les r\u00e9sum\u00e9s accept\u00e9s seront publi\u00e9s dans les actes de la conf\u00e9rence et remis pendant la conf\u00e9rence (Livre des r\u00e9sum\u00e9s - PDF). En soumettant un article, tous les auteurs acceptent qu'au moins un auteur assiste \u00e0 la conf\u00e9rence.<\/p>\n<p><b>2. PAIEMENT DES FRAIS D'INSCRIPTION<\/b><br>Le paiement des frais d'inscription peut \u00eatre effectu\u00e9 par carte de cr\u00e9dit ou virement bancaire.<br>Pour payer par carte bancaire, utiliser le module de paiement - Paiement des frais d'inscription - en haut \u00e0 droite de la page web. Vous devrez renseigner vos donn\u00e9es personnelles et choisir la cat\u00e9gorie de prix \u00e0 laquelle vous appartenez. Nous pr\u00e9cisons que le d\u00eener de gala est facultatif et en cas de s\u00e9lection, son prix sera ajout\u00e9 \u00e0 la cat\u00e9gorie de prix pr\u00e9c\u00e9demment s\u00e9lectionn\u00e9e.<br>Veuillez lire les <i>Termes et Conditions<\/i> avant de s\u00e9lectionner le bouton. En s\u00e9lectionnant le bouton, vous acceptez les <i>Termes et Conditions<\/i> et la <i>Politique De Confidentialit\u00e9 Des Donn\u00e9es Personnelles<\/i>.<br>Apr\u00e8s avoir appuy\u00e9 sur <i>Next Step,<\/i> vous serez redirig\u00e9 vers le module de paiement<\/p>\n<p>Pour le paiement des frais d'inscription par virement bancaire, veuillez utiliser les donn\u00e9es suivantes:<br>FUNDATIA UNIVERSITATEA DE VEST TIMISOARA<br>Timisoara, Bd. V. Parvan, nr. 4, Birou 154<br>Registru special al Funda\u0163iilor 7\/5.12.2012<br>CIF 31027065<br>IBAN: RO70RNCB0255151008950002<br>SWIFT: RNCBROBUXXX<br><b>Attention: les d\u00e9tails du paiement comprendront : le nom et pr\u00e9nom du participant et l'acronyme de la conf\u00e9rence (UISPP2023)<\/b><\/p>\n<p>Veuillez noter que la confirmation du paiement peut prendre entre 3 et 5 jours ouvrables.<\/p>\n<p><b>3. LA PR\u00c9SENTATION D'ARTICLE<\/b><br>Tous les articles doivent \u00eatre pr\u00e9sent\u00e9s en personne.<br>Les langues officielles du congr\u00e8s sont le fran\u00e7ais et l'anglais.<br>Le temps total par article est de 20 minutes (15 minutes de pr\u00e9sentation en direct, le temps restant \u00e9tant r\u00e9serv\u00e9 aux questions-r\u00e9ponses).<br>En raison des contraintes de temps, les pr\u00e9sentations doivent \u00eatre courtes et pr\u00e9cises.<br>Pour les pr\u00e9sentations, vous pouvez \u00e9galement utiliser le mod\u00e8le fourni par les organisateurs.<\/p>\n<p><b>4. AFFICHES<\/b><br>Les affiches sont un bon moyen de communiquer sur votre recherche. Elles sont particuli\u00e8rement efficaces pour les pr\u00e9sentations de donn\u00e9es quantitatives, mais peuvent \u00eatre utilis\u00e9es pour diverses raisons. Une affiche peut \u00eatre une pr\u00e9sentation ind\u00e9pendante, elle peut \u00eatre une addition \u00e0 votre article et peut \u00eatre une alternative \u00e0 une pr\u00e9sentation orale.<br>Nous recommandons que la taille de l'affiche soit A0 (84,1 cm \u00d7 118,9 cm ou 33,1 pouces \u00d7 46,8 pouces).<br>Les affiches seront li\u00e9es aux sessions, et le temps total par pr\u00e9sentation d'affiche est de 5 minutes.<br>L'affiche peut \u00eatre pr\u00e9sent\u00e9e via l'infrastructure de projection vid\u00e9o, sans avoir besoin de l'imprimer.<br>La pr\u00e9sentation de l'affiche peut \u00e9galement \u00eatre envoy\u00e9e sous format vid\u00e9o (pas plus de 3 minutes), qui sera t\u00e9l\u00e9charg\u00e9e sur le site Web dans la section Galerie.<\/p>\t\t\t\t\t\t<\/div>\n\t\t\t\t<\/div>\n\t\t\t\t\t<\/div>\n\t\t<\/div>\n\t\t\t\t\t\t\t<\/div>\n\t\t<\/section>\n\t\t\t\t<section class=\"elementor-section elementor-top-section elementor-element elementor-element-1bd9155 elementor-section-boxed elementor-section-height-default elementor-section-height-default\" data-id=\"1bd9155\" data-element_type=\"section\">\n\t\t\t\t\t\t<div class=\"elementor-container elementor-column-gap-default\">\n\t\t\t\t\t<div class=\"elementor-column elementor-col-100 elementor-top-column elementor-element elementor-element-58250c6\" data-id=\"58250c6\" data-element_type=\"column\">\n\t\t\t<div class=\"elementor-widget-wrap elementor-element-populated\">\n\t\t\t\t\t\t\t\t<section class=\"elementor-section elementor-inner-section elementor-element elementor-element-e9ca235 elementor-section-boxed elementor-section-height-default elementor-section-height-default\" data-id=\"e9ca235\" data-element_type=\"section\">\n\t\t\t\t\t\t<div class=\"elementor-container elementor-column-gap-default\">\n\t\t\t\t\t<div class=\"elementor-column elementor-col-50 elementor-inner-column elementor-element elementor-element-afe8ea3\" data-id=\"afe8ea3\" data-element_type=\"column\">\n\t\t\t<div class=\"elementor-widget-wrap elementor-element-populated\">\n\t\t\t\t\t\t\t\t<div class=\"elementor-element elementor-element-862c800 elementor-widget elementor-widget-eael-creative-button\" data-id=\"862c800\" data-element_type=\"widget\" data-widget_type=\"eael-creative-button.default\">\n\t\t\t\t<div class=\"elementor-widget-container\">\n\t\t\t        <div class=\"eael-creative-button-wrapper\">\n\n            <a class=\"eael-creative-button eael-creative-button--default\" href=\"http:\/\/uispp2023.uvt.ro\/wp-content\/uploads\/2023\/02\/TEMPLATE-UISPP.pptx\" data-text=\"\">\n\n                <div class=\"creative-button-inner\">\n\n                    \n                    <span class=\"cretive-button-text\">Presentation Template<\/span>\n\n                                    <\/div>\n            <\/a>\n        <\/div>\n\t\t<\/div>\n\t\t\t\t<\/div>\n\t\t\t\t\t<\/div>\n\t\t<\/div>\n\t\t\t\t<div class=\"elementor-column elementor-col-50 elementor-inner-column elementor-element elementor-element-b476a5e\" data-id=\"b476a5e\" data-element_type=\"column\">\n\t\t\t<div class=\"elementor-widget-wrap elementor-element-populated\">\n\t\t\t\t\t\t\t\t<div class=\"elementor-element elementor-element-4125e73 elementor-widget elementor-widget-eael-creative-button\" data-id=\"4125e73\" data-element_type=\"widget\" data-widget_type=\"eael-creative-button.default\">\n\t\t\t\t<div class=\"elementor-widget-container\">\n\t\t\t        <div class=\"eael-creative-button-wrapper\">\n\n            <a class=\"eael-creative-button eael-creative-button--default\" href=\"http:\/\/uispp2023.uvt.ro\/wp-content\/uploads\/2023\/02\/Congres-Logos.zip\" data-text=\"\">\n\n                <div class=\"creative-button-inner\">\n\n                    \n                    <span class=\"cretive-button-text\">Congres Logos<\/span>\n\n                                    <\/div>\n            <\/a>\n        <\/div>\n\t\t<\/div>\n\t\t\t\t<\/div>\n\t\t\t\t\t<\/div>\n\t\t<\/div>\n\t\t\t\t\t\t\t<\/div>\n\t\t<\/section>\n\t\t\t\t\t<\/div>\n\t\t<\/div>\n\t\t\t\t\t\t\t<\/div>\n\t\t<\/section>\n\t\t\t\t\t\t\t<\/div>","protected":false},"excerpt":{"rendered":"<p>Guidelines to participants A session will be organized only if it gathers six scientific papers. If a session does not meet this requirement, the scientific papers will be transferred to the session with the closest topic or distributed within the general sessions (GS).If two sessions with closely related topics do not gather the required number [&hellip;]<\/p>","protected":false},"author":1,"featured_media":0,"parent":0,"menu_order":0,"comment_status":"closed","ping_status":"closed","template":"","meta":[],"_links":{"self":[{"href":"http:\/\/uispp2023.uvt.ro\/fr\/wp-json\/wp\/v2\/pages\/64"}],"collection":[{"href":"http:\/\/uispp2023.uvt.ro\/fr\/wp-json\/wp\/v2\/pages"}],"about":[{"href":"http:\/\/uispp2023.uvt.ro\/fr\/wp-json\/wp\/v2\/types\/page"}],"author":[{"embeddable":true,"href":"http:\/\/uispp2023.uvt.ro\/fr\/wp-json\/wp\/v2\/users\/1"}],"replies":[{"embeddable":true,"href":"http:\/\/uispp2023.uvt.ro\/fr\/wp-json\/wp\/v2\/comments?post=64"}],"version-history":[{"count":46,"href":"http:\/\/uispp2023.uvt.ro\/fr\/wp-json\/wp\/v2\/pages\/64\/revisions"}],"predecessor-version":[{"id":963,"href":"http:\/\/uispp2023.uvt.ro\/fr\/wp-json\/wp\/v2\/pages\/64\/revisions\/963"}],"wp:attachment":[{"href":"http:\/\/uispp2023.uvt.ro\/fr\/wp-json\/wp\/v2\/media?parent=64"}],"curies":[{"name":"wp","href":"https:\/\/api.w.org\/{rel}","templated":true}]}}