{"id":62,"date":"2022-05-03T08:34:27","date_gmt":"2022-05-03T08:34:27","guid":{"rendered":"https:\/\/uispp2023.uvt.ro\/?page_id=62"},"modified":"2023-02-18T15:36:54","modified_gmt":"2023-02-18T15:36:54","slug":"informations-to-participants","status":"publish","type":"page","link":"http:\/\/uispp2023.uvt.ro\/fr\/informations-to-participants\/","title":{"rendered":"Informations g\u00e9n\u00e9rales"},"content":{"rendered":"<div data-elementor-type=\"wp-page\" data-elementor-id=\"62\" class=\"elementor elementor-62\">\n\t\t\t\t\t\t\t\t\t<section class=\"elementor-section elementor-top-section elementor-element elementor-element-dc921d0 elementor-section-boxed elementor-section-height-default elementor-section-height-default\" data-id=\"dc921d0\" data-element_type=\"section\">\n\t\t\t\t\t\t<div class=\"elementor-container elementor-column-gap-default\">\n\t\t\t\t\t<div class=\"elementor-column elementor-col-100 elementor-top-column elementor-element elementor-element-b8743fb\" data-id=\"b8743fb\" data-element_type=\"column\">\n\t\t\t<div class=\"elementor-widget-wrap elementor-element-populated\">\n\t\t\t\t\t\t\t\t<div class=\"elementor-element elementor-element-f03f812 elementor-widget elementor-widget-heading\" data-id=\"f03f812\" data-element_type=\"widget\" data-widget_type=\"heading.default\">\n\t\t\t\t<div class=\"elementor-widget-container\">\n\t\t\t<style>\/*! elementor - v3.6.7 - 03-07-2022 *\/\n.elementor-heading-title{padding:0;margin:0;line-height:1}.elementor-widget-heading .elementor-heading-title[class*=elementor-size-]>a{color:inherit;font-size:inherit;line-height:inherit}.elementor-widget-heading .elementor-heading-title.elementor-size-small{font-size:15px}.elementor-widget-heading .elementor-heading-title.elementor-size-medium{font-size:19px}.elementor-widget-heading .elementor-heading-title.elementor-size-large{font-size:29px}.elementor-widget-heading .elementor-heading-title.elementor-size-xl{font-size:39px}.elementor-widget-heading .elementor-heading-title.elementor-size-xxl{font-size:59px}<\/style><h2 class=\"elementor-heading-title elementor-size-default\">Informations g\u00e9n\u00e9rales<\/h2>\t\t<\/div>\n\t\t\t\t<\/div>\n\t\t\t\t<div class=\"elementor-element elementor-element-be4adbe elementor-widget-divider--view-line elementor-widget elementor-widget-divider\" data-id=\"be4adbe\" data-element_type=\"widget\" data-widget_type=\"divider.default\">\n\t\t\t\t<div class=\"elementor-widget-container\">\n\t\t\t<style>\/*! elementor - v3.6.7 - 03-07-2022 *\/\n.elementor-widget-divider{--divider-border-style:none;--divider-border-width:1px;--divider-color:#2c2c2c;--divider-icon-size:20px;--divider-element-spacing:10px;--divider-pattern-height:24px;--divider-pattern-size:20px;--divider-pattern-url:none;--divider-pattern-repeat:repeat-x}.elementor-widget-divider .elementor-divider{display:-webkit-box;display:-ms-flexbox;display:flex}.elementor-widget-divider .elementor-divider__text{font-size:15px;line-height:1;max-width:95%}.elementor-widget-divider .elementor-divider__element{margin:0 var(--divider-element-spacing);-ms-flex-negative:0;flex-shrink:0}.elementor-widget-divider .elementor-icon{font-size:var(--divider-icon-size)}.elementor-widget-divider .elementor-divider-separator{display:-webkit-box;display:-ms-flexbox;display:flex;margin:0;direction:ltr}.elementor-widget-divider--view-line_icon .elementor-divider-separator,.elementor-widget-divider--view-line_text .elementor-divider-separator{-webkit-box-align:center;-ms-flex-align:center;align-items:center}.elementor-widget-divider--view-line_icon .elementor-divider-separator:after,.elementor-widget-divider--view-line_icon .elementor-divider-separator:before,.elementor-widget-divider--view-line_text .elementor-divider-separator:after,.elementor-widget-divider--view-line_text .elementor-divider-separator:before{display:block;content:\"\";border-bottom:0;-webkit-box-flex:1;-ms-flex-positive:1;flex-grow:1;border-top:var(--divider-border-width) var(--divider-border-style) var(--divider-color)}.elementor-widget-divider--element-align-left .elementor-divider .elementor-divider-separator>.elementor-divider__svg:first-of-type{-webkit-box-flex:0;-ms-flex-positive:0;flex-grow:0;-ms-flex-negative:100;flex-shrink:100}.elementor-widget-divider--element-align-left .elementor-divider-separator:before{content:none}.elementor-widget-divider--element-align-left .elementor-divider__element{margin-left:0}.elementor-widget-divider--element-align-right .elementor-divider .elementor-divider-separator>.elementor-divider__svg:last-of-type{-webkit-box-flex:0;-ms-flex-positive:0;flex-grow:0;-ms-flex-negative:100;flex-shrink:100}.elementor-widget-divider--element-align-right .elementor-divider-separator:after{content:none}.elementor-widget-divider--element-align-right .elementor-divider__element{margin-right:0}.elementor-widget-divider:not(.elementor-widget-divider--view-line_text):not(.elementor-widget-divider--view-line_icon) .elementor-divider-separator{border-top:var(--divider-border-width) var(--divider-border-style) var(--divider-color)}.elementor-widget-divider--separator-type-pattern{--divider-border-style:none}.elementor-widget-divider--separator-type-pattern.elementor-widget-divider--view-line .elementor-divider-separator,.elementor-widget-divider--separator-type-pattern:not(.elementor-widget-divider--view-line) .elementor-divider-separator:after,.elementor-widget-divider--separator-type-pattern:not(.elementor-widget-divider--view-line) .elementor-divider-separator:before,.elementor-widget-divider--separator-type-pattern:not([class*=elementor-widget-divider--view]) .elementor-divider-separator{width:100%;min-height:var(--divider-pattern-height);-webkit-mask-size:var(--divider-pattern-size) 100%;mask-size:var(--divider-pattern-size) 100%;-webkit-mask-repeat:var(--divider-pattern-repeat);mask-repeat:var(--divider-pattern-repeat);background-color:var(--divider-color);-webkit-mask-image:var(--divider-pattern-url);mask-image:var(--divider-pattern-url)}.elementor-widget-divider--no-spacing{--divider-pattern-size:auto}.elementor-widget-divider--bg-round{--divider-pattern-repeat:round}.rtl .elementor-widget-divider .elementor-divider__text{direction:rtl}<\/style>\t\t<div class=\"elementor-divider\">\n\t\t\t<span class=\"elementor-divider-separator\">\n\t\t\t\t\t\t<\/span>\n\t\t<\/div>\n\t\t\t\t<\/div>\n\t\t\t\t<\/div>\n\t\t\t\t\t<\/div>\n\t\t<\/div>\n\t\t\t\t\t\t\t<\/div>\n\t\t<\/section>\n\t\t\t\t<section class=\"elementor-section elementor-top-section elementor-element elementor-element-1b86b6e elementor-section-boxed elementor-section-height-default elementor-section-height-default\" data-id=\"1b86b6e\" data-element_type=\"section\">\n\t\t\t\t\t\t<div class=\"elementor-container elementor-column-gap-default\">\n\t\t\t\t\t<div class=\"elementor-column elementor-col-100 elementor-top-column elementor-element elementor-element-80780ba\" data-id=\"80780ba\" data-element_type=\"column\">\n\t\t\t<div class=\"elementor-widget-wrap elementor-element-populated\">\n\t\t\t\t\t\t\t\t<div class=\"elementor-element elementor-element-ebcac4e elementor-widget elementor-widget-text-editor\" data-id=\"ebcac4e\" data-element_type=\"widget\" data-widget_type=\"text-editor.default\">\n\t\t\t\t<div class=\"elementor-widget-container\">\n\t\t\t<style>\/*! elementor - v3.6.7 - 03-07-2022 *\/\n.elementor-widget-text-editor.elementor-drop-cap-view-stacked .elementor-drop-cap{background-color:#818a91;color:#fff}.elementor-widget-text-editor.elementor-drop-cap-view-framed .elementor-drop-cap{color:#818a91;border:3px solid;background-color:transparent}.elementor-widget-text-editor:not(.elementor-drop-cap-view-default) .elementor-drop-cap{margin-top:8px}.elementor-widget-text-editor:not(.elementor-drop-cap-view-default) .elementor-drop-cap-letter{width:1em;height:1em}.elementor-widget-text-editor .elementor-drop-cap{float:left;text-align:center;line-height:1;font-size:50px}.elementor-widget-text-editor .elementor-drop-cap-letter{display:inline-block}<\/style>\t\t\t\t<p>Timi\u0219oara est une ville situ\u00e9e dans l'ouest de la Roumanie, pr\u00e8s de la fronti\u00e8re avec la Hongrie. C'est la capitale du comt\u00e9 de Timi\u0219 et l'une des plus grandes villes du pays.<\/p><p>Timi\u0219oara a une riche histoire, ayant \u00e9t\u00e9 fond\u00e9e au XII\u00e8me si\u00e8cle. Elle a fait partie de l'Empire Ottoman et est devenue plus tard un grand p\u00f4le commercial et de culture dans l'Empire Austro-Hongrois. Au cours du 20\u00e8me si\u00e8cle, Timi\u0219oara a jou\u00e9 un r\u00f4le important dans l'histoire de la Roumanie, car la R\u00e9volution Roumaine de 1989 a commenc\u00e9 ici et a conduit \u00e0 la chute du communisme en Roumanie.<\/p><p>Aujourd'hui, Timi\u0219oara est connue pour son patrimoine culturel et architectural, ainsi que pour ses industries et universit\u00e9s modernes. La ville compte de nombreux beaux parcs, mus\u00e9es et monuments historiques, notamment la Cath\u00e9drale Orthodoxe M\u00e9tropolitaine de Timi\u0219oara et le Jardin Botanique de Timi\u0219oara. Elle abrite \u00e9galement une sc\u00e8ne culturelle florissante, avec de nombreux th\u00e9\u00e2tres, salles de concert et festivals.<\/p><p>En plus de sa riche histoire et de sa culture, Timi\u0219oara est \u00e9galement un hub d'innovation et d'entrepreneuriat, avec un secteur technologique en pleine croissance et un \u00e9cosyst\u00e8me de startups dynamique. Elle est souvent appel\u00e9e la \"petite Vienne\" en raison de son architecture \u00e9l\u00e9gante, de ses espaces verts et de son atmosph\u00e8re cosmopolite.<\/p><p>Cette ann\u00e9e, avec Elefsina (Gr\u00e8ce) et Veszpr\u00e9m (Hongrie), Timi\u0219oara est l'une des Capitales Europ\u00e9ennes de la Culture. Plus de d\u00e9tails sur les \u00e9v\u00e9nements culturels peuvent \u00eatre trouv\u00e9s ici: <a href=\"https:\/\/opening.timisoara2023.eu\/en\/highlights\/\">https:\/\/opening.timisoara2023.eu\/en\/highlights\/<\/a><\/p>\t\t\t\t\t\t<\/div>\n\t\t\t\t<\/div>\n\t\t\t\t\t<\/div>\n\t\t<\/div>\n\t\t\t\t\t\t\t<\/div>\n\t\t<\/section>\n\t\t\t\t<section class=\"elementor-section elementor-top-section elementor-element elementor-element-7ff8b5b elementor-section-boxed elementor-section-height-default elementor-section-height-default\" data-id=\"7ff8b5b\" data-element_type=\"section\">\n\t\t\t\t\t\t<div class=\"elementor-container elementor-column-gap-default\">\n\t\t\t\t\t<div class=\"elementor-column elementor-col-33 elementor-top-column elementor-element elementor-element-1c19c85\" data-id=\"1c19c85\" data-element_type=\"column\">\n\t\t\t<div class=\"elementor-widget-wrap elementor-element-populated\">\n\t\t\t\t\t\t\t\t<div class=\"elementor-element elementor-element-bcfa35b elementor-widget elementor-widget-image\" data-id=\"bcfa35b\" data-element_type=\"widget\" data-widget_type=\"image.default\">\n\t\t\t\t<div class=\"elementor-widget-container\">\n\t\t\t<style>\/*! elementor - v3.6.7 - 03-07-2022 *\/\n.elementor-widget-image{text-align:center}.elementor-widget-image a{display:inline-block}.elementor-widget-image a img[src$=\".svg\"]{width:48px}.elementor-widget-image img{vertical-align:middle;display:inline-block}<\/style>\t\t\t\t\t\t\t\t\t\t\t\t<img width=\"800\" height=\"534\" src=\"http:\/\/uispp2023.uvt.ro\/wp-content\/uploads\/2023\/02\/2-1024x683.jpeg\" class=\"attachment-large size-large\" alt=\"\" loading=\"lazy\" srcset=\"http:\/\/uispp2023.uvt.ro\/wp-content\/uploads\/2023\/02\/2-1024x683.jpeg 1024w, http:\/\/uispp2023.uvt.ro\/wp-content\/uploads\/2023\/02\/2-300x200.jpeg 300w, http:\/\/uispp2023.uvt.ro\/wp-content\/uploads\/2023\/02\/2-768x512.jpeg 768w, http:\/\/uispp2023.uvt.ro\/wp-content\/uploads\/2023\/02\/2-1536x1025.jpeg 1536w, http:\/\/uispp2023.uvt.ro\/wp-content\/uploads\/2023\/02\/2-2048x1366.jpeg 2048w, http:\/\/uispp2023.uvt.ro\/wp-content\/uploads\/2023\/02\/2-18x12.jpeg 18w\" sizes=\"(max-width: 800px) 100vw, 800px\" \/>\t\t\t\t\t\t\t\t\t\t\t\t\t\t\t<\/div>\n\t\t\t\t<\/div>\n\t\t\t\t\t<\/div>\n\t\t<\/div>\n\t\t\t\t<div class=\"elementor-column elementor-col-33 elementor-top-column elementor-element elementor-element-928883b\" data-id=\"928883b\" data-element_type=\"column\">\n\t\t\t<div class=\"elementor-widget-wrap elementor-element-populated\">\n\t\t\t\t\t\t\t\t<div class=\"elementor-element elementor-element-a43d192 elementor-widget elementor-widget-image\" data-id=\"a43d192\" data-element_type=\"widget\" data-widget_type=\"image.default\">\n\t\t\t\t<div class=\"elementor-widget-container\">\n\t\t\t\t\t\t\t\t\t\t\t\t\t\t\t<img width=\"800\" height=\"534\" src=\"http:\/\/uispp2023.uvt.ro\/wp-content\/uploads\/2023\/02\/6-1024x683.jpeg\" class=\"attachment-large size-large\" alt=\"\" loading=\"lazy\" srcset=\"http:\/\/uispp2023.uvt.ro\/wp-content\/uploads\/2023\/02\/6-1024x683.jpeg 1024w, http:\/\/uispp2023.uvt.ro\/wp-content\/uploads\/2023\/02\/6-300x200.jpeg 300w, http:\/\/uispp2023.uvt.ro\/wp-content\/uploads\/2023\/02\/6-768x512.jpeg 768w, http:\/\/uispp2023.uvt.ro\/wp-content\/uploads\/2023\/02\/6-1536x1024.jpeg 1536w, http:\/\/uispp2023.uvt.ro\/wp-content\/uploads\/2023\/02\/6-2048x1366.jpeg 2048w, http:\/\/uispp2023.uvt.ro\/wp-content\/uploads\/2023\/02\/6-18x12.jpeg 18w\" sizes=\"(max-width: 800px) 100vw, 800px\" \/>\t\t\t\t\t\t\t\t\t\t\t\t\t\t\t<\/div>\n\t\t\t\t<\/div>\n\t\t\t\t\t<\/div>\n\t\t<\/div>\n\t\t\t\t<div class=\"elementor-column elementor-col-33 elementor-top-column elementor-element elementor-element-06616b1\" data-id=\"06616b1\" data-element_type=\"column\">\n\t\t\t<div class=\"elementor-widget-wrap elementor-element-populated\">\n\t\t\t\t\t\t\t\t<div class=\"elementor-element elementor-element-ef2d4bb elementor-widget elementor-widget-image\" data-id=\"ef2d4bb\" data-element_type=\"widget\" data-widget_type=\"image.default\">\n\t\t\t\t<div class=\"elementor-widget-container\">\n\t\t\t\t\t\t\t\t\t\t\t\t\t\t\t<img width=\"800\" height=\"533\" src=\"http:\/\/uispp2023.uvt.ro\/wp-content\/uploads\/2023\/02\/4-1024x682.jpeg\" class=\"attachment-large size-large\" alt=\"\" loading=\"lazy\" srcset=\"http:\/\/uispp2023.uvt.ro\/wp-content\/uploads\/2023\/02\/4-1024x682.jpeg 1024w, http:\/\/uispp2023.uvt.ro\/wp-content\/uploads\/2023\/02\/4-300x200.jpeg 300w, http:\/\/uispp2023.uvt.ro\/wp-content\/uploads\/2023\/02\/4-768x512.jpeg 768w, http:\/\/uispp2023.uvt.ro\/wp-content\/uploads\/2023\/02\/4-1536x1023.jpeg 1536w, http:\/\/uispp2023.uvt.ro\/wp-content\/uploads\/2023\/02\/4-2048x1364.jpeg 2048w, http:\/\/uispp2023.uvt.ro\/wp-content\/uploads\/2023\/02\/4-18x12.jpeg 18w\" sizes=\"(max-width: 800px) 100vw, 800px\" \/>\t\t\t\t\t\t\t\t\t\t\t\t\t\t\t<\/div>\n\t\t\t\t<\/div>\n\t\t\t\t\t<\/div>\n\t\t<\/div>\n\t\t\t\t\t\t\t<\/div>\n\t\t<\/section>\n\t\t\t\t<section class=\"elementor-section elementor-top-section elementor-element elementor-element-2945d0f elementor-section-boxed elementor-section-height-default elementor-section-height-default\" data-id=\"2945d0f\" data-element_type=\"section\">\n\t\t\t\t\t\t<div class=\"elementor-container elementor-column-gap-default\">\n\t\t\t\t\t<div class=\"elementor-column elementor-col-100 elementor-top-column elementor-element elementor-element-3c170e4\" data-id=\"3c170e4\" data-element_type=\"column\">\n\t\t\t<div class=\"elementor-widget-wrap elementor-element-populated\">\n\t\t\t\t\t\t\t\t<div class=\"elementor-element elementor-element-c1c49da elementor-widget elementor-widget-text-editor\" data-id=\"c1c49da\" data-element_type=\"widget\" data-widget_type=\"text-editor.default\">\n\t\t\t\t<div class=\"elementor-widget-container\">\n\t\t\t\t\t\t\t<p><strong><br \/>I. CONDITIONS G\u00c9N\u00c9RALES DE VOYAGE<\/strong><\/p><p><strong>1. Voyage en Roumanie compte tenu de la situation en Ukraine<br \/><\/strong>La Roumanie est s\u00fbre et accueillante.<br \/>Tous les visiteurs sont les bienvenus!<br \/>L'industrie de l'hospitalit\u00e9 conna\u00eet une forte reprise du tourisme apr\u00e8s la lev\u00e9e des restrictions sp\u00e9cifiques pendant la pand\u00e9mie de COVID-19.<br \/>La situation malheureuse en Ukraine ne menace en rien la stabilit\u00e9 de la Roumanie.<\/p><p><strong>2. Voyager en Roumanie compte tenu de la situation li\u00e9e au COVID.<br \/><\/strong>Actuellement, les visiteurs arrivant en Roumanie en provenance de n'importe quel pays du monde n'ont pas besoin de pr\u00e9senter une preuve de vaccination (sch\u00e9ma complet) ou un test RT-PCR n\u00e9gatif. La situation est constamment surveill\u00e9e et des mises \u00e0 jour seront fournies si n\u00e9cessaire.<br \/>\u00c0 partir du 8 mars 2022, toutes les restrictions ont \u00e9t\u00e9 lev\u00e9es. Les informations les plus \u00e0 jour concernant le passage des fronti\u00e8res \/ les conditions d'entr\u00e9e sont disponibles aupr\u00e8s de votre compagnie a\u00e9rienne et\/ou du consulat le plus proche de Roumanie.<\/p><p><strong>II. INFORMATIONS DE VOYAGE<br \/><\/strong>Timi\u0219oara est accessible <strong>en avion<\/strong> at \u201cTraian Vuia\u201d international airport.<br \/>The list of direct flights can be consulted at: <a href=\"https:\/\/www.flightconnections.com\/flights-to-timi%C8%99oara-tsr\">https:\/\/www.flightconnections.com\/flights-to-timi%C8%99oara-tsr<\/a><br \/>There is a beneficial direct connection with Munchen Airport operated by Lufthansa. There are two flights a day.<\/p><p>l'a\u00e9roport international \"Traian Vuia\". La liste des vols directs peut \u00eatre consult\u00e9e \u00e0:<br \/>\u00a0 \u00a0 \u00a0 \u00a0TAROM: https:\/\/tarom.ro\/<br \/>\u00a0 \u00a0 \u00a0 \u00a0BLUE AIR: https:\/\/www.flyblueair.com\/<br \/>\u00a0 \u00a0 \u00a0 \u00a0RYANAIR: https:\/\/www.ryanair.com\/<br \/>\u00a0 \u00a0 \u00a0 \u00a0WIZZ AIR: https:\/\/wizzair.com\/<br \/>\u00a0 \u00a0 \u00a0 \u00a0LUFTHANSA: https:\/\/www.lufthansa.com\/<br \/>\u00a0 \u00a0 \u00a0 \u00a0EUROWINGS: https:\/\/www.eurowings.com\/<\/p><p class=\" translation-block\">La compagnie a\u00e9rienne nationale roumaine (TAROM) propose \u00e9galement de nombreuses liaisons internationales depuis Bucarest (voir tableau ci-dessous). Vous pouvez choisir de voler vers Bucarest (A\u00e9roport international Henri Coanda d'OTOPENI) puis de Bucarest \u00e0 Timisoara. Il y a trois vols par jour. La liste des vols directs peut \u00eatre consult\u00e9e sur:\nhttps:\/\/www.flightconnections.com\/flights-to-bucharest-otp<\/p><p class=\" translation-block\">Voyage de l'A\u00e9roport \u00e0 Timisoara\n\nDepuis l'a\u00e9roport, vous pouvez prendre des bus express directement vers le centre de Timisoara, ce qui repr\u00e9sente un trajet court de 20 minutes (8 km). Une autre option est de prendre un taxi - recherchez les taxis blancs; le tarif co\u00fbte entre 12 et 16 \u20ac, selon votre destination. Enfin, vous pouvez utiliser UBER, qui est \u00e9galement assez populaire.<\/p><p>Timisoara est accessible en train depuis Bucharest ou depuis Budapest (Hongrie).<\/p>\t\t\t\t\t\t<\/div>\n\t\t\t\t<\/div>\n\t\t\t\t\t<\/div>\n\t\t<\/div>\n\t\t\t\t\t\t\t<\/div>\n\t\t<\/section>\n\t\t\t\t\t\t\t<\/div>","protected":false},"excerpt":{"rendered":"<p>Informations to participants Timi\u0219oara is a city located in western Romania, near the border with Hungary. It is the capital of Timi\u0219 county and one of the largest cities in the country. Timi\u0219oara has a rich history, having been founded in the 12th century. It was once part of the Ottoman Empire and later became [&hellip;]<\/p>","protected":false},"author":1,"featured_media":0,"parent":0,"menu_order":0,"comment_status":"closed","ping_status":"closed","template":"","meta":[],"_links":{"self":[{"href":"http:\/\/uispp2023.uvt.ro\/fr\/wp-json\/wp\/v2\/pages\/62"}],"collection":[{"href":"http:\/\/uispp2023.uvt.ro\/fr\/wp-json\/wp\/v2\/pages"}],"about":[{"href":"http:\/\/uispp2023.uvt.ro\/fr\/wp-json\/wp\/v2\/types\/page"}],"author":[{"embeddable":true,"href":"http:\/\/uispp2023.uvt.ro\/fr\/wp-json\/wp\/v2\/users\/1"}],"replies":[{"embeddable":true,"href":"http:\/\/uispp2023.uvt.ro\/fr\/wp-json\/wp\/v2\/comments?post=62"}],"version-history":[{"count":16,"href":"http:\/\/uispp2023.uvt.ro\/fr\/wp-json\/wp\/v2\/pages\/62\/revisions"}],"predecessor-version":[{"id":853,"href":"http:\/\/uispp2023.uvt.ro\/fr\/wp-json\/wp\/v2\/pages\/62\/revisions\/853"}],"wp:attachment":[{"href":"http:\/\/uispp2023.uvt.ro\/fr\/wp-json\/wp\/v2\/media?parent=62"}],"curies":[{"name":"wp","href":"https:\/\/api.w.org\/{rel}","templated":true}]}}