{"id":55,"date":"2022-05-03T08:33:27","date_gmt":"2022-05-03T08:33:27","guid":{"rendered":"https:\/\/uispp2023.uvt.ro\/?page_id=55"},"modified":"2023-02-22T08:58:00","modified_gmt":"2023-02-22T08:58:00","slug":"accomodation","status":"publish","type":"page","link":"http:\/\/uispp2023.uvt.ro\/fr\/accomodation\/","title":{"rendered":"H\u00e9bergement"},"content":{"rendered":"<div data-elementor-type=\"wp-page\" data-elementor-id=\"55\" class=\"elementor elementor-55\">\n\t\t\t\t\t\t\t\t\t<section class=\"elementor-section elementor-top-section elementor-element elementor-element-cdd3617 elementor-section-boxed elementor-section-height-default elementor-section-height-default\" data-id=\"cdd3617\" data-element_type=\"section\">\n\t\t\t\t\t\t<div class=\"elementor-container elementor-column-gap-default\">\n\t\t\t\t\t<div class=\"elementor-column elementor-col-100 elementor-top-column elementor-element elementor-element-45a913d\" data-id=\"45a913d\" data-element_type=\"column\">\n\t\t\t<div class=\"elementor-widget-wrap elementor-element-populated\">\n\t\t\t\t\t\t\t\t<div class=\"elementor-element elementor-element-92940c3 elementor-widget elementor-widget-heading\" data-id=\"92940c3\" data-element_type=\"widget\" data-widget_type=\"heading.default\">\n\t\t\t\t<div class=\"elementor-widget-container\">\n\t\t\t<style>\/*! elementor - v3.6.7 - 03-07-2022 *\/\n.elementor-heading-title{padding:0;margin:0;line-height:1}.elementor-widget-heading .elementor-heading-title[class*=elementor-size-]>a{color:inherit;font-size:inherit;line-height:inherit}.elementor-widget-heading .elementor-heading-title.elementor-size-small{font-size:15px}.elementor-widget-heading .elementor-heading-title.elementor-size-medium{font-size:19px}.elementor-widget-heading .elementor-heading-title.elementor-size-large{font-size:29px}.elementor-widget-heading .elementor-heading-title.elementor-size-xl{font-size:39px}.elementor-widget-heading .elementor-heading-title.elementor-size-xxl{font-size:59px}<\/style><h2 class=\"elementor-heading-title elementor-size-default\">H\u00e9bergement<\/h2>\t\t<\/div>\n\t\t\t\t<\/div>\n\t\t\t\t<div class=\"elementor-element elementor-element-3aea47d elementor-widget-divider--view-line elementor-widget elementor-widget-divider\" data-id=\"3aea47d\" data-element_type=\"widget\" data-widget_type=\"divider.default\">\n\t\t\t\t<div class=\"elementor-widget-container\">\n\t\t\t<style>\/*! elementor - v3.6.7 - 03-07-2022 *\/\n.elementor-widget-divider{--divider-border-style:none;--divider-border-width:1px;--divider-color:#2c2c2c;--divider-icon-size:20px;--divider-element-spacing:10px;--divider-pattern-height:24px;--divider-pattern-size:20px;--divider-pattern-url:none;--divider-pattern-repeat:repeat-x}.elementor-widget-divider .elementor-divider{display:-webkit-box;display:-ms-flexbox;display:flex}.elementor-widget-divider .elementor-divider__text{font-size:15px;line-height:1;max-width:95%}.elementor-widget-divider .elementor-divider__element{margin:0 var(--divider-element-spacing);-ms-flex-negative:0;flex-shrink:0}.elementor-widget-divider .elementor-icon{font-size:var(--divider-icon-size)}.elementor-widget-divider .elementor-divider-separator{display:-webkit-box;display:-ms-flexbox;display:flex;margin:0;direction:ltr}.elementor-widget-divider--view-line_icon .elementor-divider-separator,.elementor-widget-divider--view-line_text .elementor-divider-separator{-webkit-box-align:center;-ms-flex-align:center;align-items:center}.elementor-widget-divider--view-line_icon .elementor-divider-separator:after,.elementor-widget-divider--view-line_icon .elementor-divider-separator:before,.elementor-widget-divider--view-line_text .elementor-divider-separator:after,.elementor-widget-divider--view-line_text .elementor-divider-separator:before{display:block;content:\"\";border-bottom:0;-webkit-box-flex:1;-ms-flex-positive:1;flex-grow:1;border-top:var(--divider-border-width) var(--divider-border-style) var(--divider-color)}.elementor-widget-divider--element-align-left .elementor-divider .elementor-divider-separator>.elementor-divider__svg:first-of-type{-webkit-box-flex:0;-ms-flex-positive:0;flex-grow:0;-ms-flex-negative:100;flex-shrink:100}.elementor-widget-divider--element-align-left .elementor-divider-separator:before{content:none}.elementor-widget-divider--element-align-left .elementor-divider__element{margin-left:0}.elementor-widget-divider--element-align-right .elementor-divider .elementor-divider-separator>.elementor-divider__svg:last-of-type{-webkit-box-flex:0;-ms-flex-positive:0;flex-grow:0;-ms-flex-negative:100;flex-shrink:100}.elementor-widget-divider--element-align-right .elementor-divider-separator:after{content:none}.elementor-widget-divider--element-align-right .elementor-divider__element{margin-right:0}.elementor-widget-divider:not(.elementor-widget-divider--view-line_text):not(.elementor-widget-divider--view-line_icon) .elementor-divider-separator{border-top:var(--divider-border-width) var(--divider-border-style) var(--divider-color)}.elementor-widget-divider--separator-type-pattern{--divider-border-style:none}.elementor-widget-divider--separator-type-pattern.elementor-widget-divider--view-line .elementor-divider-separator,.elementor-widget-divider--separator-type-pattern:not(.elementor-widget-divider--view-line) .elementor-divider-separator:after,.elementor-widget-divider--separator-type-pattern:not(.elementor-widget-divider--view-line) .elementor-divider-separator:before,.elementor-widget-divider--separator-type-pattern:not([class*=elementor-widget-divider--view]) .elementor-divider-separator{width:100%;min-height:var(--divider-pattern-height);-webkit-mask-size:var(--divider-pattern-size) 100%;mask-size:var(--divider-pattern-size) 100%;-webkit-mask-repeat:var(--divider-pattern-repeat);mask-repeat:var(--divider-pattern-repeat);background-color:var(--divider-color);-webkit-mask-image:var(--divider-pattern-url);mask-image:var(--divider-pattern-url)}.elementor-widget-divider--no-spacing{--divider-pattern-size:auto}.elementor-widget-divider--bg-round{--divider-pattern-repeat:round}.rtl .elementor-widget-divider .elementor-divider__text{direction:rtl}<\/style>\t\t<div class=\"elementor-divider\">\n\t\t\t<span class=\"elementor-divider-separator\">\n\t\t\t\t\t\t<\/span>\n\t\t<\/div>\n\t\t\t\t<\/div>\n\t\t\t\t<\/div>\n\t\t\t\t\t<\/div>\n\t\t<\/div>\n\t\t\t\t\t\t\t<\/div>\n\t\t<\/section>\n\t\t\t\t<section class=\"elementor-section elementor-top-section elementor-element elementor-element-9d6176b elementor-section-boxed elementor-section-height-default elementor-section-height-default\" data-id=\"9d6176b\" data-element_type=\"section\">\n\t\t\t\t\t\t<div class=\"elementor-container elementor-column-gap-default\">\n\t\t\t\t\t<div class=\"elementor-column elementor-col-100 elementor-top-column elementor-element elementor-element-8c5f1b2\" data-id=\"8c5f1b2\" data-element_type=\"column\">\n\t\t\t<div class=\"elementor-widget-wrap elementor-element-populated\">\n\t\t\t\t\t\t\t\t<div class=\"elementor-element elementor-element-6180c0e elementor-widget elementor-widget-text-editor\" data-id=\"6180c0e\" data-element_type=\"widget\" data-widget_type=\"text-editor.default\">\n\t\t\t\t<div class=\"elementor-widget-container\">\n\t\t\t<style>\/*! elementor - v3.6.7 - 03-07-2022 *\/\n.elementor-widget-text-editor.elementor-drop-cap-view-stacked .elementor-drop-cap{background-color:#818a91;color:#fff}.elementor-widget-text-editor.elementor-drop-cap-view-framed .elementor-drop-cap{color:#818a91;border:3px solid;background-color:transparent}.elementor-widget-text-editor:not(.elementor-drop-cap-view-default) .elementor-drop-cap{margin-top:8px}.elementor-widget-text-editor:not(.elementor-drop-cap-view-default) .elementor-drop-cap-letter{width:1em;height:1em}.elementor-widget-text-editor .elementor-drop-cap{float:left;text-align:center;line-height:1;font-size:50px}.elementor-widget-text-editor .elementor-drop-cap-letter{display:inline-block}<\/style>\t\t\t\t<p><strong>S\u00e9curisez votre r\u00e9servation d'h\u00f4tel pour le UISPP 2023 aujourd'hui.<\/strong><\/p>\n<p>L'organisateur du Congr\u00e8s a r\u00e9serv\u00e9 des chambres dans diff\u00e9rents h\u00f4tels \u00e0 diff\u00e9rentes cat\u00e9gories de prix \u00e0 Timi\u0219oara. Les r\u00e9servations sont effectu\u00e9es selon le principe du premier arriv\u00e9, premier servi. La disponibilit\u00e9 des chambres dans chaque cat\u00e9gorie est limit\u00e9e<\/p>\n<p><\/p>\n<p>La majorit\u00e9 des h\u00f4tels se trouvent au centre-ville de Timi\u015foara ou \u00e0 un emplacement facilement accessible depuis le lieu du Congr\u00e8s par les transports en commun. Les prix n\u00e9goci\u00e9s et les r\u00e9servations peuvent \u00eatre effectu\u00e9s en ligne en remplissant le formulaire ci-dessous, en mentionnant le code de l'\u00e9v\u00e9nement - UISPPTM2023 - et en l'envoyant \u00e0 l'unit\u00e9 d'h\u00e9bergement par e-mail. <strong>UISPPTM2023<\/strong> \u2013 and send it to the accommodation unit via e-mail.<\/p>\n<p><\/p>\n<p>There is also the possibility of <b>accommodation in the dormitories of the West University in Timisoara<\/b>. For details please contact us at secretariatuispp2023@e-uvt.ro mentioning in the email subject &#8222;Accommodation in the WUT dormitories&#8221;&nbsp; &nbsp;<\/p>\t\t\t\t\t\t<\/div>\n\t\t\t\t<\/div>\n\t\t\t\t<div class=\"elementor-element elementor-element-d9f8bd3 elementor-widget elementor-widget-eael-creative-button\" data-id=\"d9f8bd3\" data-element_type=\"widget\" data-widget_type=\"eael-creative-button.default\">\n\t\t\t\t<div class=\"elementor-widget-container\">\n\t\t\t        <div class=\"eael-creative-button-wrapper\">\n\n            <a class=\"eael-creative-button eael-creative-button--default\" href=\"http:\/\/uispp2023.uvt.ro\/wp-content\/uploads\/2023\/02\/2.-PRICE-INFO.docx\" data-text=\"Go!\">\n\n                <div class=\"creative-button-inner\">\n\n                    \n                    <span class=\"cretive-button-text\">Download form<\/span>\n\n                                    <\/div>\n            <\/a>\n        <\/div>\n\t\t<\/div>\n\t\t\t\t<\/div>\n\t\t\t\t\t<\/div>\n\t\t<\/div>\n\t\t\t\t\t\t\t<\/div>\n\t\t<\/section>\n\t\t\t\t<section class=\"elementor-section elementor-top-section elementor-element elementor-element-2a7a5a0 elementor-section-boxed elementor-section-height-default elementor-section-height-default\" data-id=\"2a7a5a0\" data-element_type=\"section\">\n\t\t\t\t\t\t<div class=\"elementor-container elementor-column-gap-default\">\n\t\t\t\t\t<div class=\"elementor-column elementor-col-50 elementor-top-column elementor-element elementor-element-9e6ed51\" data-id=\"9e6ed51\" data-element_type=\"column\">\n\t\t\t<div class=\"elementor-widget-wrap elementor-element-populated\">\n\t\t\t\t\t\t\t\t<div class=\"elementor-element elementor-element-faf7f0e elementor-widget elementor-widget-text-editor\" data-id=\"faf7f0e\" data-element_type=\"widget\" data-widget_type=\"text-editor.default\">\n\t\t\t\t<div class=\"elementor-widget-container\">\n\t\t\t\t\t\t\t<p><strong>Hotel Timisoara****<\/strong><br \/><a href=\"https:\/\/hoteltimisoara.ro\/\" target=\"_blank\" rel=\"noopener\"><b>https:\/\/hoteltimisoara.ro\/<\/b><\/a><br \/><a href=\"mailto:office@hoteltimisoara.ro\">office@hoteltimisoara.ro<\/a>\u00a0<\/p>\t\t\t\t\t\t<\/div>\n\t\t\t\t<\/div>\n\t\t\t\t\t<\/div>\n\t\t<\/div>\n\t\t\t\t<div class=\"elementor-column elementor-col-50 elementor-top-column elementor-element elementor-element-b05c1a0\" data-id=\"b05c1a0\" data-element_type=\"column\">\n\t\t\t<div class=\"elementor-widget-wrap elementor-element-populated\">\n\t\t\t\t\t\t\t\t<div class=\"elementor-element elementor-element-5eb2699 elementor-widget elementor-widget-text-editor\" data-id=\"5eb2699\" data-element_type=\"widget\" data-widget_type=\"text-editor.default\">\n\t\t\t\t<div class=\"elementor-widget-container\">\n\t\t\t\t\t\t\t<p><strong>Hotel Central**<\/strong><br \/><a href=\"https:\/\/www.hotel-central.ro\/\" target=\"_blank\" rel=\"noopener\"><b>https:\/\/www.hotel-central.ro\/<\/b><\/a><br \/><a href=\"mailto:office@hotel-central.ro\">office@hotel-central.ro<\/a>\u00a0<\/p>\t\t\t\t\t\t<\/div>\n\t\t\t\t<\/div>\n\t\t\t\t\t<\/div>\n\t\t<\/div>\n\t\t\t\t\t\t\t<\/div>\n\t\t<\/section>\n\t\t\t\t<section class=\"elementor-section elementor-top-section elementor-element elementor-element-7750947 elementor-section-boxed elementor-section-height-default elementor-section-height-default\" data-id=\"7750947\" data-element_type=\"section\">\n\t\t\t\t\t\t<div class=\"elementor-container elementor-column-gap-default\">\n\t\t\t\t\t<div class=\"elementor-column elementor-col-50 elementor-top-column elementor-element elementor-element-c8d34f3\" data-id=\"c8d34f3\" data-element_type=\"column\">\n\t\t\t<div class=\"elementor-widget-wrap elementor-element-populated\">\n\t\t\t\t\t\t\t\t<div class=\"elementor-element elementor-element-5fe7edc elementor-widget elementor-widget-text-editor\" data-id=\"5fe7edc\" data-element_type=\"widget\" data-widget_type=\"text-editor.default\">\n\t\t\t\t<div class=\"elementor-widget-container\">\n\t\t\t\t\t\t\t<p><b>Hotel Perla ****<\/b><br \/><a href=\"https:\/\/hotelperla.ro\/\" target=\"_blank\" rel=\"noopener\"><b>https:\/\/hotelperla.ro\/<\/b><\/a><br \/><a href=\"mailto:office@hotel perla.ro\">office@hotel perla.ro\u00a0<\/a><\/p>\t\t\t\t\t\t<\/div>\n\t\t\t\t<\/div>\n\t\t\t\t\t<\/div>\n\t\t<\/div>\n\t\t\t\t<div class=\"elementor-column elementor-col-50 elementor-top-column elementor-element elementor-element-bcb2a45\" data-id=\"bcb2a45\" data-element_type=\"column\">\n\t\t\t<div class=\"elementor-widget-wrap elementor-element-populated\">\n\t\t\t\t\t\t\t\t<div class=\"elementor-element elementor-element-cdda0c5 elementor-widget elementor-widget-text-editor\" data-id=\"cdda0c5\" data-element_type=\"widget\" data-widget_type=\"text-editor.default\">\n\t\t\t\t<div class=\"elementor-widget-container\">\n\t\t\t\t\t\t\t<p><b>Reghina Blue****<\/b><br \/><a href=\"https:\/\/www.reghinablue.ro\/\" target=\"_blank\" rel=\"noopener\"><b>https:\/\/www.reghinablue.ro\/<\/b><\/a><br \/><a href=\"mailto:manager@reghina-blue.ro\"> manager@reghina-blue.ro<\/a><\/p>\t\t\t\t\t\t<\/div>\n\t\t\t\t<\/div>\n\t\t\t\t\t<\/div>\n\t\t<\/div>\n\t\t\t\t\t\t\t<\/div>\n\t\t<\/section>\n\t\t\t\t<section class=\"elementor-section elementor-top-section elementor-element elementor-element-a966af0 elementor-section-boxed elementor-section-height-default elementor-section-height-default\" data-id=\"a966af0\" data-element_type=\"section\">\n\t\t\t\t\t\t<div class=\"elementor-container elementor-column-gap-default\">\n\t\t\t\t\t<div class=\"elementor-column elementor-col-50 elementor-top-column elementor-element elementor-element-5091263\" data-id=\"5091263\" data-element_type=\"column\">\n\t\t\t<div class=\"elementor-widget-wrap elementor-element-populated\">\n\t\t\t\t\t\t\t\t<div class=\"elementor-element elementor-element-cdd93c6 elementor-widget elementor-widget-text-editor\" data-id=\"cdd93c6\" data-element_type=\"widget\" data-widget_type=\"text-editor.default\">\n\t\t\t\t<div class=\"elementor-widget-container\">\n\t\t\t\t\t\t\t<p><b>Hotel Boavista****<\/b><br \/><b><a href=\"https:\/\/hotelboavista.ro\/\" target=\"_blank\" rel=\"noopener\">https:\/\/hotelboavista.ro\/<\/a><\/b><a href=\"mailto:office@hotelboavista.ro\"><br \/>office@hotelboavista.ro<\/a><\/p>\t\t\t\t\t\t<\/div>\n\t\t\t\t<\/div>\n\t\t\t\t\t<\/div>\n\t\t<\/div>\n\t\t\t\t<div class=\"elementor-column elementor-col-50 elementor-top-column elementor-element elementor-element-3e416f4\" data-id=\"3e416f4\" data-element_type=\"column\">\n\t\t\t<div class=\"elementor-widget-wrap elementor-element-populated\">\n\t\t\t\t\t\t\t\t<div class=\"elementor-element elementor-element-d6678e4 elementor-widget elementor-widget-text-editor\" data-id=\"d6678e4\" data-element_type=\"widget\" data-widget_type=\"text-editor.default\">\n\t\t\t\t<div class=\"elementor-widget-container\">\n\t\t\t\t\t\t\t<p><b>H Hotel****<\/b><br \/><a href=\"https:\/\/www.nhtimisoara.ro\/\" target=\"_blank\" rel=\"noopener\"><b>https:\/\/www.nhtimisoara.ro\/<\/b><\/a><br \/><a href=\"mailto:v.lucianpetru@nh-hotels.com\">v.lucianpetru@nh-hotels.com<\/a><\/p>\t\t\t\t\t\t<\/div>\n\t\t\t\t<\/div>\n\t\t\t\t\t<\/div>\n\t\t<\/div>\n\t\t\t\t\t\t\t<\/div>\n\t\t<\/section>\n\t\t\t\t<section class=\"elementor-section elementor-top-section elementor-element elementor-element-631ee9b elementor-section-boxed elementor-section-height-default elementor-section-height-default\" data-id=\"631ee9b\" data-element_type=\"section\">\n\t\t\t\t\t\t<div class=\"elementor-container elementor-column-gap-default\">\n\t\t\t\t\t<div class=\"elementor-column elementor-col-50 elementor-top-column elementor-element elementor-element-813ec91\" data-id=\"813ec91\" data-element_type=\"column\">\n\t\t\t<div class=\"elementor-widget-wrap elementor-element-populated\">\n\t\t\t\t\t\t\t\t<div class=\"elementor-element elementor-element-9328f2e elementor-widget elementor-widget-text-editor\" data-id=\"9328f2e\" data-element_type=\"widget\" data-widget_type=\"text-editor.default\">\n\t\t\t\t<div class=\"elementor-widget-container\">\n\t\t\t\t\t\t\t<p><b>IBIS Timi\u0219oara***<\/b><br \/><a href=\"https:\/\/all.accor.com\/hotel\/B3H6\/index.en.shtml\" target=\"_blank\" rel=\"noopener\"><b>https:\/\/all.accor.com\/hotel\/B3H6\/index.en.shtml<\/b><\/a><br \/><a href=\"mailto:corina.marinas@accor.com\">corina.marinas@accor.com<\/a><\/p>\t\t\t\t\t\t<\/div>\n\t\t\t\t<\/div>\n\t\t\t\t\t<\/div>\n\t\t<\/div>\n\t\t\t\t<div class=\"elementor-column elementor-col-50 elementor-top-column elementor-element elementor-element-c2786da\" data-id=\"c2786da\" data-element_type=\"column\">\n\t\t\t<div class=\"elementor-widget-wrap elementor-element-populated\">\n\t\t\t\t\t\t\t\t<div class=\"elementor-element elementor-element-20e830e elementor-widget elementor-widget-text-editor\" data-id=\"20e830e\" data-element_type=\"widget\" data-widget_type=\"text-editor.default\">\n\t\t\t\t<div class=\"elementor-widget-container\">\n\t\t\t\t\t\t\t<p><b>Hotel Continental ****<\/b><br \/><a href=\"http:\/\/hotelcontinental.ro\" target=\"_blank\" rel=\"noopener\"><b>http:\/\/hotelcontinental.ro<\/b><\/a><br \/><a href=\"mailto:events@hotelcontinental.ro\" target=\"_blank\" rel=\"noopener\">events@hotelcontinental.ro<\/a><\/p>\t\t\t\t\t\t<\/div>\n\t\t\t\t<\/div>\n\t\t\t\t\t<\/div>\n\t\t<\/div>\n\t\t\t\t\t\t\t<\/div>\n\t\t<\/section>\n\t\t\t\t<section class=\"elementor-section elementor-top-section elementor-element elementor-element-9587a7b elementor-section-boxed elementor-section-height-default elementor-section-height-default\" data-id=\"9587a7b\" data-element_type=\"section\">\n\t\t\t\t\t\t<div class=\"elementor-container elementor-column-gap-default\">\n\t\t\t\t\t<div class=\"elementor-column elementor-col-50 elementor-top-column elementor-element elementor-element-c43ea87\" data-id=\"c43ea87\" data-element_type=\"column\">\n\t\t\t<div class=\"elementor-widget-wrap elementor-element-populated\">\n\t\t\t\t\t\t\t\t<div class=\"elementor-element elementor-element-89fe1fb elementor-widget elementor-widget-text-editor\" data-id=\"89fe1fb\" data-element_type=\"widget\" data-widget_type=\"text-editor.default\">\n\t\t\t\t<div class=\"elementor-widget-container\">\n\t\t\t\t\t\t\t<p><b>Atlas Hotel****<\/b><br \/><a href=\"https:\/\/atlashotel.ro\/\" target=\"_blank\" rel=\"noopener\"><b>https:\/\/atlashotel.ro\/<\/b><\/a><br \/><a href=\"mailto:sales@atlashotel.ro\"> sales@atlashotel.ro<\/a><\/p>\t\t\t\t\t\t<\/div>\n\t\t\t\t<\/div>\n\t\t\t\t\t<\/div>\n\t\t<\/div>\n\t\t\t\t<div class=\"elementor-column elementor-col-50 elementor-top-column elementor-element elementor-element-63cff25\" data-id=\"63cff25\" data-element_type=\"column\">\n\t\t\t<div class=\"elementor-widget-wrap elementor-element-populated\">\n\t\t\t\t\t\t\t\t<div class=\"elementor-element elementor-element-cfcf064 elementor-widget elementor-widget-text-editor\" data-id=\"cfcf064\" data-element_type=\"widget\" data-widget_type=\"text-editor.default\">\n\t\t\t\t<div class=\"elementor-widget-container\">\n\t\t\t\t\t\t\t<p><b>Hotel Del Corso****<\/b><br \/><a href=\"https:\/\/hoteldelcorso.ro\/ro\" target=\"_blank\" rel=\"noopener\"><b>https:\/\/hoteldelcorso.ro\/ro<\/b><\/a><a href=\"mailto:office@hoteldelcorso.ro\"><br \/>office@hoteldelcorso.ro<\/a><\/p>\t\t\t\t\t\t<\/div>\n\t\t\t\t<\/div>\n\t\t\t\t\t<\/div>\n\t\t<\/div>\n\t\t\t\t\t\t\t<\/div>\n\t\t<\/section>\n\t\t\t\t<section class=\"elementor-section elementor-top-section elementor-element elementor-element-90c4c8b elementor-section-boxed elementor-section-height-default elementor-section-height-default\" data-id=\"90c4c8b\" data-element_type=\"section\">\n\t\t\t\t\t\t<div class=\"elementor-container elementor-column-gap-default\">\n\t\t\t\t\t<div class=\"elementor-column elementor-col-50 elementor-top-column elementor-element elementor-element-5af070e\" data-id=\"5af070e\" data-element_type=\"column\">\n\t\t\t<div class=\"elementor-widget-wrap elementor-element-populated\">\n\t\t\t\t\t\t\t\t<div class=\"elementor-element elementor-element-422aab1 elementor-widget elementor-widget-text-editor\" data-id=\"422aab1\" data-element_type=\"widget\" data-widget_type=\"text-editor.default\">\n\t\t\t\t<div class=\"elementor-widget-container\">\n\t\t\t\t\t\t\t<p><b>Iosefin Residence-APART HOTEL ****<\/b><br \/><a href=\"https:\/\/iosefinresidence.ro\/\" target=\"_blank\" rel=\"noopener\"><b>https:\/\/iosefinresidence.ro\/\u00a0<\/b><\/a><br \/><span style=\"color: var( --e-global-color-text ); font-family: var( --e-global-typography-text-font-family ), Sans-serif; font-weight: var( --e-global-typography-text-font-weight ); font-size: 1rem;\"><a href=\"mailto:office@iosefinresidence.ro\">office@iosefinresidence.ro\u00a0<\/a><\/span><\/p>\t\t\t\t\t\t<\/div>\n\t\t\t\t<\/div>\n\t\t\t\t<div class=\"elementor-element elementor-element-73156df elementor-widget elementor-widget-text-editor\" data-id=\"73156df\" data-element_type=\"widget\" data-widget_type=\"text-editor.default\">\n\t\t\t\t<div class=\"elementor-widget-container\">\n\t\t\t\t\t\t\t<p><b>Hotel LIDO****<\/b><br \/><a href=\"https:\/\/www.hotel-lido.ro\/ro\/\" target=\"_blank\" rel=\"noopener\"><b>https:\/\/www.hotel-lido.ro\/ro\/<\/b><\/a><br \/><a href=\"mailto:reservations@hotel-lido.ro\">reservations@hotel-lido.ro<\/a><\/p>\t\t\t\t\t\t<\/div>\n\t\t\t\t<\/div>\n\t\t\t\t\t<\/div>\n\t\t<\/div>\n\t\t\t\t<div class=\"elementor-column elementor-col-50 elementor-top-column elementor-element elementor-element-2e7c206\" data-id=\"2e7c206\" data-element_type=\"column\">\n\t\t\t<div class=\"elementor-widget-wrap elementor-element-populated\">\n\t\t\t\t\t\t\t\t<div class=\"elementor-element elementor-element-a132af9 elementor-widget elementor-widget-text-editor\" data-id=\"a132af9\" data-element_type=\"widget\" data-widget_type=\"text-editor.default\">\n\t\t\t\t<div class=\"elementor-widget-container\">\n\t\t\t\t\t\t\t<p><b>Hotel Mercur****<\/b><br \/><a href=\"https:\/\/all.accor.com\/hotel\/B4B1\/index.en.shtml\" target=\"_blank\" rel=\"noopener\"><b>https:\/\/all.accor.com\/hotel\/B4B1\/index.en.shtml<\/b><\/a><br \/><a href=\"mailto:nicoara.diana@accor.com\"> nicoara.diana@accor.com<\/a><\/p>\t\t\t\t\t\t<\/div>\n\t\t\t\t<\/div>\n\t\t\t\t\t<\/div>\n\t\t<\/div>\n\t\t\t\t\t\t\t<\/div>\n\t\t<\/section>\n\t\t\t\t<section class=\"elementor-section elementor-top-section elementor-element elementor-element-6334fc4 elementor-section-boxed elementor-section-height-default elementor-section-height-default\" data-id=\"6334fc4\" data-element_type=\"section\">\n\t\t\t\t\t\t<div class=\"elementor-container elementor-column-gap-default\">\n\t\t\t\t\t<div class=\"elementor-column elementor-col-100 elementor-top-column elementor-element elementor-element-1e1135c\" data-id=\"1e1135c\" data-element_type=\"column\">\n\t\t\t<div class=\"elementor-widget-wrap elementor-element-populated\">\n\t\t\t\t\t\t\t\t<div class=\"elementor-element elementor-element-2dcc42a elementor-widget elementor-widget-text-editor\" data-id=\"2dcc42a\" data-element_type=\"widget\" data-widget_type=\"text-editor.default\">\n\t\t\t\t<div class=\"elementor-widget-container\">\n\t\t\t\t\t\t\t<iframe loading=\"lazy\" src=\"https:\/\/www.google.com\/maps\/d\/embed?mid=1d8QM9YxE0iGmWmxeOGOWDovPmZwvApw&#038;ehbc=2E312F\" width=\"640\" height=\"480\"><\/iframe>\t\t\t\t\t\t<\/div>\n\t\t\t\t<\/div>\n\t\t\t\t\t<\/div>\n\t\t<\/div>\n\t\t\t\t\t\t\t<\/div>\n\t\t<\/section>\n\t\t\t\t<section class=\"elementor-section elementor-top-section elementor-element elementor-element-1e6c455 elementor-section-boxed elementor-section-height-default elementor-section-height-default\" data-id=\"1e6c455\" data-element_type=\"section\">\n\t\t\t\t\t\t<div class=\"elementor-container elementor-column-gap-default\">\n\t\t\t\t\t<div class=\"elementor-column elementor-col-100 elementor-top-column elementor-element elementor-element-dae30c5\" data-id=\"dae30c5\" data-element_type=\"column\">\n\t\t\t<div class=\"elementor-widget-wrap elementor-element-populated\">\n\t\t\t\t\t\t\t\t<div class=\"elementor-element elementor-element-8e7bd09 elementor-widget elementor-widget-spacer\" data-id=\"8e7bd09\" data-element_type=\"widget\" data-widget_type=\"spacer.default\">\n\t\t\t\t<div class=\"elementor-widget-container\">\n\t\t\t<style>\/*! elementor - v3.6.7 - 03-07-2022 *\/\n.e-container.e-container--row .elementor-spacer-inner{width:var(--spacer-size)}.e-container.e-container--column .elementor-spacer-inner,.elementor-column .elementor-spacer-inner{height:var(--spacer-size)}<\/style>\t\t<div class=\"elementor-spacer\">\n\t\t\t<div class=\"elementor-spacer-inner\"><\/div>\n\t\t<\/div>\n\t\t\t\t<\/div>\n\t\t\t\t<\/div>\n\t\t\t\t\t<\/div>\n\t\t<\/div>\n\t\t\t\t\t\t\t<\/div>\n\t\t<\/section>\n\t\t\t\t\t\t\t<\/div>","protected":false},"excerpt":{"rendered":"<p>Accomodation Secure your hotel booking for UISPP 2023 today The Congress Organiser has reserved rooms in various hotels at different price categories in Timi\u015foara. Reservations are made on a first-come, first-served basis. The availability of rooms in each category is limited. The majority of the hotels are located in the city center of Timi\u015foara or [&hellip;]<\/p>","protected":false},"author":1,"featured_media":0,"parent":0,"menu_order":0,"comment_status":"closed","ping_status":"closed","template":"","meta":[],"_links":{"self":[{"href":"http:\/\/uispp2023.uvt.ro\/fr\/wp-json\/wp\/v2\/pages\/55"}],"collection":[{"href":"http:\/\/uispp2023.uvt.ro\/fr\/wp-json\/wp\/v2\/pages"}],"about":[{"href":"http:\/\/uispp2023.uvt.ro\/fr\/wp-json\/wp\/v2\/types\/page"}],"author":[{"embeddable":true,"href":"http:\/\/uispp2023.uvt.ro\/fr\/wp-json\/wp\/v2\/users\/1"}],"replies":[{"embeddable":true,"href":"http:\/\/uispp2023.uvt.ro\/fr\/wp-json\/wp\/v2\/comments?post=55"}],"version-history":[{"count":28,"href":"http:\/\/uispp2023.uvt.ro\/fr\/wp-json\/wp\/v2\/pages\/55\/revisions"}],"predecessor-version":[{"id":950,"href":"http:\/\/uispp2023.uvt.ro\/fr\/wp-json\/wp\/v2\/pages\/55\/revisions\/950"}],"wp:attachment":[{"href":"http:\/\/uispp2023.uvt.ro\/fr\/wp-json\/wp\/v2\/media?parent=55"}],"curies":[{"name":"wp","href":"https:\/\/api.w.org\/{rel}","templated":true}]}}