{"id":53,"date":"2022-05-03T08:33:18","date_gmt":"2022-05-03T08:33:18","guid":{"rendered":"https:\/\/uispp2023.uvt.ro\/?page_id=53"},"modified":"2023-02-18T17:16:37","modified_gmt":"2023-02-18T17:16:37","slug":"venue","status":"publish","type":"page","link":"http:\/\/uispp2023.uvt.ro\/fr\/venue\/","title":{"rendered":"Arriv\u00e9e"},"content":{"rendered":"<div data-elementor-type=\"wp-page\" data-elementor-id=\"53\" class=\"elementor elementor-53\">\n\t\t\t\t\t\t\t\t\t<section class=\"elementor-section elementor-top-section elementor-element elementor-element-efe1809 elementor-section-boxed elementor-section-height-default elementor-section-height-default\" data-id=\"efe1809\" data-element_type=\"section\">\n\t\t\t\t\t\t<div class=\"elementor-container elementor-column-gap-default\">\n\t\t\t\t\t<div class=\"elementor-column elementor-col-100 elementor-top-column elementor-element elementor-element-520e4e1\" data-id=\"520e4e1\" data-element_type=\"column\">\n\t\t\t<div class=\"elementor-widget-wrap elementor-element-populated\">\n\t\t\t\t\t\t\t\t<div class=\"elementor-element elementor-element-1a23414 elementor-widget elementor-widget-heading\" data-id=\"1a23414\" data-element_type=\"widget\" data-widget_type=\"heading.default\">\n\t\t\t\t<div class=\"elementor-widget-container\">\n\t\t\t<style>\/*! elementor - v3.6.7 - 03-07-2022 *\/\n.elementor-heading-title{padding:0;margin:0;line-height:1}.elementor-widget-heading .elementor-heading-title[class*=elementor-size-]>a{color:inherit;font-size:inherit;line-height:inherit}.elementor-widget-heading .elementor-heading-title.elementor-size-small{font-size:15px}.elementor-widget-heading .elementor-heading-title.elementor-size-medium{font-size:19px}.elementor-widget-heading .elementor-heading-title.elementor-size-large{font-size:29px}.elementor-widget-heading .elementor-heading-title.elementor-size-xl{font-size:39px}.elementor-widget-heading .elementor-heading-title.elementor-size-xxl{font-size:59px}<\/style><h2 class=\"elementor-heading-title elementor-size-default\">Arriv\u00e9e<\/h2>\t\t<\/div>\n\t\t\t\t<\/div>\n\t\t\t\t<div class=\"elementor-element elementor-element-24d754d elementor-widget-divider--view-line elementor-widget elementor-widget-divider\" data-id=\"24d754d\" data-element_type=\"widget\" data-widget_type=\"divider.default\">\n\t\t\t\t<div class=\"elementor-widget-container\">\n\t\t\t<style>\/*! elementor - v3.6.7 - 03-07-2022 *\/\n.elementor-widget-divider{--divider-border-style:none;--divider-border-width:1px;--divider-color:#2c2c2c;--divider-icon-size:20px;--divider-element-spacing:10px;--divider-pattern-height:24px;--divider-pattern-size:20px;--divider-pattern-url:none;--divider-pattern-repeat:repeat-x}.elementor-widget-divider .elementor-divider{display:-webkit-box;display:-ms-flexbox;display:flex}.elementor-widget-divider .elementor-divider__text{font-size:15px;line-height:1;max-width:95%}.elementor-widget-divider .elementor-divider__element{margin:0 var(--divider-element-spacing);-ms-flex-negative:0;flex-shrink:0}.elementor-widget-divider .elementor-icon{font-size:var(--divider-icon-size)}.elementor-widget-divider .elementor-divider-separator{display:-webkit-box;display:-ms-flexbox;display:flex;margin:0;direction:ltr}.elementor-widget-divider--view-line_icon .elementor-divider-separator,.elementor-widget-divider--view-line_text .elementor-divider-separator{-webkit-box-align:center;-ms-flex-align:center;align-items:center}.elementor-widget-divider--view-line_icon .elementor-divider-separator:after,.elementor-widget-divider--view-line_icon .elementor-divider-separator:before,.elementor-widget-divider--view-line_text .elementor-divider-separator:after,.elementor-widget-divider--view-line_text .elementor-divider-separator:before{display:block;content:\"\";border-bottom:0;-webkit-box-flex:1;-ms-flex-positive:1;flex-grow:1;border-top:var(--divider-border-width) var(--divider-border-style) var(--divider-color)}.elementor-widget-divider--element-align-left .elementor-divider .elementor-divider-separator>.elementor-divider__svg:first-of-type{-webkit-box-flex:0;-ms-flex-positive:0;flex-grow:0;-ms-flex-negative:100;flex-shrink:100}.elementor-widget-divider--element-align-left .elementor-divider-separator:before{content:none}.elementor-widget-divider--element-align-left .elementor-divider__element{margin-left:0}.elementor-widget-divider--element-align-right .elementor-divider .elementor-divider-separator>.elementor-divider__svg:last-of-type{-webkit-box-flex:0;-ms-flex-positive:0;flex-grow:0;-ms-flex-negative:100;flex-shrink:100}.elementor-widget-divider--element-align-right .elementor-divider-separator:after{content:none}.elementor-widget-divider--element-align-right .elementor-divider__element{margin-right:0}.elementor-widget-divider:not(.elementor-widget-divider--view-line_text):not(.elementor-widget-divider--view-line_icon) .elementor-divider-separator{border-top:var(--divider-border-width) var(--divider-border-style) var(--divider-color)}.elementor-widget-divider--separator-type-pattern{--divider-border-style:none}.elementor-widget-divider--separator-type-pattern.elementor-widget-divider--view-line .elementor-divider-separator,.elementor-widget-divider--separator-type-pattern:not(.elementor-widget-divider--view-line) .elementor-divider-separator:after,.elementor-widget-divider--separator-type-pattern:not(.elementor-widget-divider--view-line) .elementor-divider-separator:before,.elementor-widget-divider--separator-type-pattern:not([class*=elementor-widget-divider--view]) .elementor-divider-separator{width:100%;min-height:var(--divider-pattern-height);-webkit-mask-size:var(--divider-pattern-size) 100%;mask-size:var(--divider-pattern-size) 100%;-webkit-mask-repeat:var(--divider-pattern-repeat);mask-repeat:var(--divider-pattern-repeat);background-color:var(--divider-color);-webkit-mask-image:var(--divider-pattern-url);mask-image:var(--divider-pattern-url)}.elementor-widget-divider--no-spacing{--divider-pattern-size:auto}.elementor-widget-divider--bg-round{--divider-pattern-repeat:round}.rtl .elementor-widget-divider .elementor-divider__text{direction:rtl}<\/style>\t\t<div class=\"elementor-divider\">\n\t\t\t<span class=\"elementor-divider-separator\">\n\t\t\t\t\t\t<\/span>\n\t\t<\/div>\n\t\t\t\t<\/div>\n\t\t\t\t<\/div>\n\t\t\t\t\t<\/div>\n\t\t<\/div>\n\t\t\t\t\t\t\t<\/div>\n\t\t<\/section>\n\t\t\t\t<section class=\"elementor-section elementor-top-section elementor-element elementor-element-22920df elementor-section-boxed elementor-section-height-default elementor-section-height-default\" data-id=\"22920df\" data-element_type=\"section\">\n\t\t\t\t\t\t<div class=\"elementor-container elementor-column-gap-default\">\n\t\t\t\t\t<div class=\"elementor-column elementor-col-100 elementor-top-column elementor-element elementor-element-f535373\" data-id=\"f535373\" data-element_type=\"column\">\n\t\t\t<div class=\"elementor-widget-wrap elementor-element-populated\">\n\t\t\t\t\t\t\t\t<div class=\"elementor-element elementor-element-55d0a90 elementor-widget elementor-widget-text-editor\" data-id=\"55d0a90\" data-element_type=\"widget\" data-widget_type=\"text-editor.default\">\n\t\t\t\t<div class=\"elementor-widget-container\">\n\t\t\t<style>\/*! elementor - v3.6.7 - 03-07-2022 *\/\n.elementor-widget-text-editor.elementor-drop-cap-view-stacked .elementor-drop-cap{background-color:#818a91;color:#fff}.elementor-widget-text-editor.elementor-drop-cap-view-framed .elementor-drop-cap{color:#818a91;border:3px solid;background-color:transparent}.elementor-widget-text-editor:not(.elementor-drop-cap-view-default) .elementor-drop-cap{margin-top:8px}.elementor-widget-text-editor:not(.elementor-drop-cap-view-default) .elementor-drop-cap-letter{width:1em;height:1em}.elementor-widget-text-editor .elementor-drop-cap{float:left;text-align:center;line-height:1;font-size:50px}.elementor-widget-text-editor .elementor-drop-cap-letter{display:inline-block}<\/style>\t\t\t\t<p>L'Universit\u00e9 de l'Ouest de Timi\u015foara a \u00e9t\u00e9 officiellement fond\u00e9e le 30 d\u00e9cembre 1944 par le D\u00e9cret-loi n\u00b0660, promulgu\u00e9 par le Roi Mihai I. Apr\u00e8s pr\u00e8s de quatre-vingts ans, l' Universit\u00e9 de l' Ouest de Timi\u015foara est aujourd'hui un bastion de l'enseignement sup\u00e9rieur en Roumanie, l'une des plus grandes universit\u00e9s d'Europe de l'Est, totalisant 15 000 \u00e9tudiants dans 11 facult\u00e9s. L'Universit\u00e9 de l'Ouest de Timi\u015foara, avec sa large gamme de domaines et de sp\u00e9cialisations - des domaines professionnels (art, musique, th\u00e9\u00e2tre, sport), sociaux (sociologie, psychologie, sciences politiques), \u00e9conomiques, philologiques et sciences (math\u00e9matiques, informatique, physique, chimie) - se distingue sur le march\u00e9 mondial de l'\u00e9ducation en tant que leader r\u00e9gional avec des liens significatifs avec la communaut\u00e9 acad\u00e9mique internationale, tant en termes de recherche scientifique que de programmes d'\u00e9tudes.<\/p>\t\t\t\t\t\t<\/div>\n\t\t\t\t<\/div>\n\t\t\t\t\t<\/div>\n\t\t<\/div>\n\t\t\t\t\t\t\t<\/div>\n\t\t<\/section>\n\t\t\t\t<section class=\"elementor-section elementor-top-section elementor-element elementor-element-8c30bec elementor-section-boxed elementor-section-height-default elementor-section-height-default\" data-id=\"8c30bec\" data-element_type=\"section\">\n\t\t\t\t\t\t<div class=\"elementor-container elementor-column-gap-default\">\n\t\t\t\t\t<div class=\"elementor-column elementor-col-50 elementor-top-column elementor-element elementor-element-2a4f07b\" data-id=\"2a4f07b\" data-element_type=\"column\">\n\t\t\t<div class=\"elementor-widget-wrap elementor-element-populated\">\n\t\t\t\t\t\t\t\t<div class=\"elementor-element elementor-element-4d92556 elementor-widget elementor-widget-image\" data-id=\"4d92556\" data-element_type=\"widget\" data-widget_type=\"image.default\">\n\t\t\t\t<div class=\"elementor-widget-container\">\n\t\t\t<style>\/*! elementor - v3.6.7 - 03-07-2022 *\/\n.elementor-widget-image{text-align:center}.elementor-widget-image a{display:inline-block}.elementor-widget-image a img[src$=\".svg\"]{width:48px}.elementor-widget-image img{vertical-align:middle;display:inline-block}<\/style>\t\t\t\t\t\t\t\t\t\t\t\t<img width=\"2560\" height=\"1719\" src=\"http:\/\/uispp2023.uvt.ro\/wp-content\/uploads\/2023\/02\/1-scaled.jpg\" class=\"attachment-full size-full\" alt=\"\" loading=\"lazy\" srcset=\"http:\/\/uispp2023.uvt.ro\/wp-content\/uploads\/2023\/02\/1-scaled.jpg 2560w, http:\/\/uispp2023.uvt.ro\/wp-content\/uploads\/2023\/02\/1-300x201.jpg 300w, http:\/\/uispp2023.uvt.ro\/wp-content\/uploads\/2023\/02\/1-1024x688.jpg 1024w, http:\/\/uispp2023.uvt.ro\/wp-content\/uploads\/2023\/02\/1-768x516.jpg 768w, http:\/\/uispp2023.uvt.ro\/wp-content\/uploads\/2023\/02\/1-1536x1032.jpg 1536w, http:\/\/uispp2023.uvt.ro\/wp-content\/uploads\/2023\/02\/1-2048x1376.jpg 2048w, http:\/\/uispp2023.uvt.ro\/wp-content\/uploads\/2023\/02\/1-18x12.jpg 18w\" sizes=\"(max-width: 2560px) 100vw, 2560px\" \/>\t\t\t\t\t\t\t\t\t\t\t\t\t\t\t<\/div>\n\t\t\t\t<\/div>\n\t\t\t\t\t<\/div>\n\t\t<\/div>\n\t\t\t\t<div class=\"elementor-column elementor-col-50 elementor-top-column elementor-element elementor-element-3fd4f13\" data-id=\"3fd4f13\" data-element_type=\"column\">\n\t\t\t<div class=\"elementor-widget-wrap elementor-element-populated\">\n\t\t\t\t\t\t\t\t<div class=\"elementor-element elementor-element-0e6c150 elementor-aspect-ratio-169 elementor-widget elementor-widget-video\" data-id=\"0e6c150\" data-element_type=\"widget\" data-settings=\"{&quot;youtube_url&quot;:&quot;https:\\\/\\\/www.youtube.com\\\/watch?v=z8ogo7lcYEo&quot;,&quot;video_type&quot;:&quot;youtube&quot;,&quot;controls&quot;:&quot;yes&quot;,&quot;aspect_ratio&quot;:&quot;169&quot;}\" data-widget_type=\"video.default\">\n\t\t\t\t<div class=\"elementor-widget-container\">\n\t\t\t<style>\/*! elementor - v3.6.7 - 03-07-2022 *\/\n.elementor-widget-video .elementor-widget-container{overflow:hidden;-webkit-transform:translateZ(0);transform:translateZ(0)}.elementor-widget-video .elementor-open-inline .elementor-custom-embed-image-overlay{position:absolute;top:0;left:0;width:100%;height:100%;background-size:cover;background-position:50%}.elementor-widget-video .elementor-custom-embed-image-overlay{cursor:pointer;text-align:center}.elementor-widget-video .elementor-custom-embed-image-overlay:hover .elementor-custom-embed-play i{opacity:1}.elementor-widget-video .elementor-custom-embed-image-overlay img{display:block;width:100%}.elementor-widget-video .e-hosted-video .elementor-video{-o-object-fit:cover;object-fit:cover}<\/style>\t\t<div class=\"elementor-wrapper elementor-fit-aspect-ratio elementor-open-inline\">\n\t\t\t<div class=\"elementor-video\"><\/div>\t\t<\/div>\n\t\t\t\t<\/div>\n\t\t\t\t<\/div>\n\t\t\t\t\t<\/div>\n\t\t<\/div>\n\t\t\t\t\t\t\t<\/div>\n\t\t<\/section>\n\t\t\t\t<section class=\"elementor-section elementor-top-section elementor-element elementor-element-a8ec9e2 elementor-section-boxed elementor-section-height-default elementor-section-height-default\" data-id=\"a8ec9e2\" data-element_type=\"section\">\n\t\t\t\t\t\t<div class=\"elementor-container elementor-column-gap-default\">\n\t\t\t\t\t<div class=\"elementor-column elementor-col-100 elementor-top-column elementor-element elementor-element-cb93f31\" data-id=\"cb93f31\" data-element_type=\"column\">\n\t\t\t<div class=\"elementor-widget-wrap elementor-element-populated\">\n\t\t\t\t\t\t\t\t<div class=\"elementor-element elementor-element-cb0e1f5 elementor-widget elementor-widget-text-editor\" data-id=\"cb0e1f5\" data-element_type=\"widget\" data-widget_type=\"text-editor.default\">\n\t\t\t\t<div class=\"elementor-widget-container\">\n\t\t\t\t\t\t\t<p>Notre universit\u00e9 entretient des relations continues avec plus de 200 universit\u00e9s dans le monde entier. L'Universit\u00e9 de l'Ouest de Timi\u015foara fait partie de l'alliance europ\u00e9enne UNITA aux c\u00f4t\u00e9s de l'Universit\u00e9 de Turin (Italie), de l'Universit\u00e9 de Pau, des Pays de l'Adour (France), de l'Universit\u00e9 Savoie Mont Blanc (France), de l'Universit\u00e9 de Saragosse (Espagne) et de l'Universit\u00e9 de Beira Interior (Portugal). Le consortium rassemble des universit\u00e9s dont les communaut\u00e9s totalisent plus de 160 000 \u00e9tudiants, issus de cinq pays europ\u00e9ens parlant des langues romanes et op\u00e9rant dans des \u00e9cosyst\u00e8mes frontaliers par point de vue g\u00e9ographiques, culturels et socio-\u00e9conomiques. Dans le cadre de ces partenariats, des centaines d'\u00e9tudiants et d'enseignants suivent des cours de formation, des classes de ma\u00eetrise, pr\u00e9parent un doctorat et participent \u00e0 des programmes postdoctoraux \u00e0 l'\u00e9tranger<\/p>\t\t\t\t\t\t<\/div>\n\t\t\t\t<\/div>\n\t\t\t\t\t<\/div>\n\t\t<\/div>\n\t\t\t\t\t\t\t<\/div>\n\t\t<\/section>\n\t\t\t\t<section class=\"elementor-section elementor-top-section elementor-element elementor-element-e3c918a elementor-section-boxed elementor-section-height-default elementor-section-height-default\" data-id=\"e3c918a\" data-element_type=\"section\">\n\t\t\t\t\t\t<div class=\"elementor-container elementor-column-gap-default\">\n\t\t\t\t\t<div class=\"elementor-column elementor-col-100 elementor-top-column elementor-element elementor-element-7cbadcf\" data-id=\"7cbadcf\" data-element_type=\"column\">\n\t\t\t<div class=\"elementor-widget-wrap elementor-element-populated\">\n\t\t\t\t\t\t\t\t<div class=\"elementor-element elementor-element-8bbc302 elementor-widget elementor-widget-image\" data-id=\"8bbc302\" data-element_type=\"widget\" data-widget_type=\"image.default\">\n\t\t\t\t<div class=\"elementor-widget-container\">\n\t\t\t\t\t\t\t\t\t\t\t\t\t\t\t<img width=\"1600\" height=\"505\" src=\"http:\/\/uispp2023.uvt.ro\/wp-content\/uploads\/2023\/02\/banner-unita.jpg\" class=\"attachment-full size-full\" alt=\"\" loading=\"lazy\" srcset=\"http:\/\/uispp2023.uvt.ro\/wp-content\/uploads\/2023\/02\/banner-unita.jpg 1600w, http:\/\/uispp2023.uvt.ro\/wp-content\/uploads\/2023\/02\/banner-unita-300x95.jpg 300w, http:\/\/uispp2023.uvt.ro\/wp-content\/uploads\/2023\/02\/banner-unita-1024x323.jpg 1024w, http:\/\/uispp2023.uvt.ro\/wp-content\/uploads\/2023\/02\/banner-unita-768x242.jpg 768w, http:\/\/uispp2023.uvt.ro\/wp-content\/uploads\/2023\/02\/banner-unita-1536x485.jpg 1536w, http:\/\/uispp2023.uvt.ro\/wp-content\/uploads\/2023\/02\/banner-unita-18x6.jpg 18w\" sizes=\"(max-width: 1600px) 100vw, 1600px\" \/>\t\t\t\t\t\t\t\t\t\t\t\t\t\t\t<\/div>\n\t\t\t\t<\/div>\n\t\t\t\t\t<\/div>\n\t\t<\/div>\n\t\t\t\t\t\t\t<\/div>\n\t\t<\/section>\n\t\t\t\t<section class=\"elementor-section elementor-top-section elementor-element elementor-element-bbc5c37 elementor-section-boxed elementor-section-height-default elementor-section-height-default\" data-id=\"bbc5c37\" data-element_type=\"section\">\n\t\t\t\t\t\t<div class=\"elementor-container elementor-column-gap-default\">\n\t\t\t\t\t<div class=\"elementor-column elementor-col-100 elementor-top-column elementor-element elementor-element-0e825d0\" data-id=\"0e825d0\" data-element_type=\"column\">\n\t\t\t<div class=\"elementor-widget-wrap elementor-element-populated\">\n\t\t\t\t\t\t\t\t<div class=\"elementor-element elementor-element-33fe110 elementor-widget elementor-widget-text-editor\" data-id=\"33fe110\" data-element_type=\"widget\" data-widget_type=\"text-editor.default\">\n\t\t\t\t<div class=\"elementor-widget-container\">\n\t\t\t\t\t\t\t<p>La reconnaissance internationale se refl\u00e8te dans les plus de 90 accords bilat\u00e9raux de L'Universit\u00e9 de l'Ouest de Timi\u015foara avec les grandes universit\u00e9s du monde entier. L'Universit\u00e9 a m\u00e9rit\u00e9 sa place dans de nombreux classements bas\u00e9s sur des normes \u00e9lev\u00e9es en mati\u00e8re d'\u00e9ducation et de recherche.<\/p>\t\t\t\t\t\t<\/div>\n\t\t\t\t<\/div>\n\t\t\t\t\t<\/div>\n\t\t<\/div>\n\t\t\t\t\t\t\t<\/div>\n\t\t<\/section>\n\t\t\t\t<section class=\"elementor-section elementor-top-section elementor-element elementor-element-0d43227 elementor-section-boxed elementor-section-height-default elementor-section-height-default\" data-id=\"0d43227\" data-element_type=\"section\">\n\t\t\t\t\t\t<div class=\"elementor-container elementor-column-gap-default\">\n\t\t\t\t\t<div class=\"elementor-column elementor-col-100 elementor-top-column elementor-element elementor-element-6df7070\" data-id=\"6df7070\" data-element_type=\"column\">\n\t\t\t<div class=\"elementor-widget-wrap elementor-element-populated\">\n\t\t\t\t\t\t\t\t<div class=\"elementor-element elementor-element-045f24c elementor-widget elementor-widget-spacer\" data-id=\"045f24c\" data-element_type=\"widget\" data-widget_type=\"spacer.default\">\n\t\t\t\t<div class=\"elementor-widget-container\">\n\t\t\t<style>\/*! elementor - v3.6.7 - 03-07-2022 *\/\n.e-container.e-container--row .elementor-spacer-inner{width:var(--spacer-size)}.e-container.e-container--column .elementor-spacer-inner,.elementor-column .elementor-spacer-inner{height:var(--spacer-size)}<\/style>\t\t<div class=\"elementor-spacer\">\n\t\t\t<div class=\"elementor-spacer-inner\"><\/div>\n\t\t<\/div>\n\t\t\t\t<\/div>\n\t\t\t\t<\/div>\n\t\t\t\t\t<\/div>\n\t\t<\/div>\n\t\t\t\t\t\t\t<\/div>\n\t\t<\/section>\n\t\t\t\t\t\t\t<\/div>","protected":false},"excerpt":{"rendered":"<p>Venue The West University of Timi\u0219oara was officially founded in December 30, 1944 by Decree-Law no. 660, promulgated by King Mihai I. After almost eighty years, West University of Timi\u0219oara is today a bastion of higher education in Romania, the largest university in Eastern Europe, totaling 15,000 students in 11 faculties. The West University of [&hellip;]<\/p>","protected":false},"author":1,"featured_media":0,"parent":0,"menu_order":0,"comment_status":"closed","ping_status":"closed","template":"","meta":[],"_links":{"self":[{"href":"http:\/\/uispp2023.uvt.ro\/fr\/wp-json\/wp\/v2\/pages\/53"}],"collection":[{"href":"http:\/\/uispp2023.uvt.ro\/fr\/wp-json\/wp\/v2\/pages"}],"about":[{"href":"http:\/\/uispp2023.uvt.ro\/fr\/wp-json\/wp\/v2\/types\/page"}],"author":[{"embeddable":true,"href":"http:\/\/uispp2023.uvt.ro\/fr\/wp-json\/wp\/v2\/users\/1"}],"replies":[{"embeddable":true,"href":"http:\/\/uispp2023.uvt.ro\/fr\/wp-json\/wp\/v2\/comments?post=53"}],"version-history":[{"count":19,"href":"http:\/\/uispp2023.uvt.ro\/fr\/wp-json\/wp\/v2\/pages\/53\/revisions"}],"predecessor-version":[{"id":869,"href":"http:\/\/uispp2023.uvt.ro\/fr\/wp-json\/wp\/v2\/pages\/53\/revisions\/869"}],"wp:attachment":[{"href":"http:\/\/uispp2023.uvt.ro\/fr\/wp-json\/wp\/v2\/media?parent=53"}],"curies":[{"name":"wp","href":"https:\/\/api.w.org\/{rel}","templated":true}]}}