{"id":51,"date":"2022-05-03T08:33:03","date_gmt":"2022-05-03T08:33:03","guid":{"rendered":"https:\/\/uispp2023.uvt.ro\/?page_id=51"},"modified":"2023-05-18T09:55:07","modified_gmt":"2023-05-18T09:55:07","slug":"honorary-committee","status":"publish","type":"page","link":"http:\/\/uispp2023.uvt.ro\/fr\/honorary-committee\/","title":{"rendered":"Comit\u00e9 honorifique"},"content":{"rendered":"<div data-elementor-type=\"wp-page\" data-elementor-id=\"51\" class=\"elementor elementor-51\">\n\t\t\t\t\t\t\t\t\t<section class=\"elementor-section elementor-top-section elementor-element elementor-element-8feefce elementor-section-boxed elementor-section-height-default elementor-section-height-default\" data-id=\"8feefce\" data-element_type=\"section\">\n\t\t\t\t\t\t<div class=\"elementor-container elementor-column-gap-default\">\n\t\t\t\t\t<div class=\"elementor-column elementor-col-100 elementor-top-column elementor-element elementor-element-73be02b\" data-id=\"73be02b\" data-element_type=\"column\">\n\t\t\t<div class=\"elementor-widget-wrap elementor-element-populated\">\n\t\t\t\t\t\t\t\t<div class=\"elementor-element elementor-element-bf36168 elementor-widget elementor-widget-heading\" data-id=\"bf36168\" data-element_type=\"widget\" data-widget_type=\"heading.default\">\n\t\t\t\t<div class=\"elementor-widget-container\">\n\t\t\t<style>\/*! elementor - v3.6.7 - 03-07-2022 *\/\n.elementor-heading-title{padding:0;margin:0;line-height:1}.elementor-widget-heading .elementor-heading-title[class*=elementor-size-]>a{color:inherit;font-size:inherit;line-height:inherit}.elementor-widget-heading .elementor-heading-title.elementor-size-small{font-size:15px}.elementor-widget-heading .elementor-heading-title.elementor-size-medium{font-size:19px}.elementor-widget-heading .elementor-heading-title.elementor-size-large{font-size:29px}.elementor-widget-heading .elementor-heading-title.elementor-size-xl{font-size:39px}.elementor-widget-heading .elementor-heading-title.elementor-size-xxl{font-size:59px}<\/style><h2 class=\"elementor-heading-title elementor-size-default\">Comit\u00e9 honorifique<\/h2>\t\t<\/div>\n\t\t\t\t<\/div>\n\t\t\t\t<div class=\"elementor-element elementor-element-6928a74 elementor-widget-divider--view-line elementor-widget elementor-widget-divider\" data-id=\"6928a74\" data-element_type=\"widget\" data-widget_type=\"divider.default\">\n\t\t\t\t<div class=\"elementor-widget-container\">\n\t\t\t<style>\/*! elementor - v3.6.7 - 03-07-2022 *\/\n.elementor-widget-divider{--divider-border-style:none;--divider-border-width:1px;--divider-color:#2c2c2c;--divider-icon-size:20px;--divider-element-spacing:10px;--divider-pattern-height:24px;--divider-pattern-size:20px;--divider-pattern-url:none;--divider-pattern-repeat:repeat-x}.elementor-widget-divider .elementor-divider{display:-webkit-box;display:-ms-flexbox;display:flex}.elementor-widget-divider .elementor-divider__text{font-size:15px;line-height:1;max-width:95%}.elementor-widget-divider .elementor-divider__element{margin:0 var(--divider-element-spacing);-ms-flex-negative:0;flex-shrink:0}.elementor-widget-divider .elementor-icon{font-size:var(--divider-icon-size)}.elementor-widget-divider .elementor-divider-separator{display:-webkit-box;display:-ms-flexbox;display:flex;margin:0;direction:ltr}.elementor-widget-divider--view-line_icon .elementor-divider-separator,.elementor-widget-divider--view-line_text .elementor-divider-separator{-webkit-box-align:center;-ms-flex-align:center;align-items:center}.elementor-widget-divider--view-line_icon .elementor-divider-separator:after,.elementor-widget-divider--view-line_icon .elementor-divider-separator:before,.elementor-widget-divider--view-line_text .elementor-divider-separator:after,.elementor-widget-divider--view-line_text .elementor-divider-separator:before{display:block;content:\"\";border-bottom:0;-webkit-box-flex:1;-ms-flex-positive:1;flex-grow:1;border-top:var(--divider-border-width) var(--divider-border-style) var(--divider-color)}.elementor-widget-divider--element-align-left .elementor-divider .elementor-divider-separator>.elementor-divider__svg:first-of-type{-webkit-box-flex:0;-ms-flex-positive:0;flex-grow:0;-ms-flex-negative:100;flex-shrink:100}.elementor-widget-divider--element-align-left .elementor-divider-separator:before{content:none}.elementor-widget-divider--element-align-left .elementor-divider__element{margin-left:0}.elementor-widget-divider--element-align-right .elementor-divider .elementor-divider-separator>.elementor-divider__svg:last-of-type{-webkit-box-flex:0;-ms-flex-positive:0;flex-grow:0;-ms-flex-negative:100;flex-shrink:100}.elementor-widget-divider--element-align-right .elementor-divider-separator:after{content:none}.elementor-widget-divider--element-align-right .elementor-divider__element{margin-right:0}.elementor-widget-divider:not(.elementor-widget-divider--view-line_text):not(.elementor-widget-divider--view-line_icon) .elementor-divider-separator{border-top:var(--divider-border-width) var(--divider-border-style) var(--divider-color)}.elementor-widget-divider--separator-type-pattern{--divider-border-style:none}.elementor-widget-divider--separator-type-pattern.elementor-widget-divider--view-line .elementor-divider-separator,.elementor-widget-divider--separator-type-pattern:not(.elementor-widget-divider--view-line) .elementor-divider-separator:after,.elementor-widget-divider--separator-type-pattern:not(.elementor-widget-divider--view-line) .elementor-divider-separator:before,.elementor-widget-divider--separator-type-pattern:not([class*=elementor-widget-divider--view]) .elementor-divider-separator{width:100%;min-height:var(--divider-pattern-height);-webkit-mask-size:var(--divider-pattern-size) 100%;mask-size:var(--divider-pattern-size) 100%;-webkit-mask-repeat:var(--divider-pattern-repeat);mask-repeat:var(--divider-pattern-repeat);background-color:var(--divider-color);-webkit-mask-image:var(--divider-pattern-url);mask-image:var(--divider-pattern-url)}.elementor-widget-divider--no-spacing{--divider-pattern-size:auto}.elementor-widget-divider--bg-round{--divider-pattern-repeat:round}.rtl .elementor-widget-divider .elementor-divider__text{direction:rtl}<\/style>\t\t<div class=\"elementor-divider\">\n\t\t\t<span class=\"elementor-divider-separator\">\n\t\t\t\t\t\t<\/span>\n\t\t<\/div>\n\t\t\t\t<\/div>\n\t\t\t\t<\/div>\n\t\t\t\t\t<\/div>\n\t\t<\/div>\n\t\t\t\t\t\t\t<\/div>\n\t\t<\/section>\n\t\t\t\t<section class=\"elementor-section elementor-top-section elementor-element elementor-element-bfe4216 elementor-section-boxed elementor-section-height-default elementor-section-height-default\" data-id=\"bfe4216\" data-element_type=\"section\">\n\t\t\t\t\t\t<div class=\"elementor-container elementor-column-gap-default\">\n\t\t\t\t\t<div class=\"elementor-column elementor-col-100 elementor-top-column elementor-element elementor-element-319b1f8\" data-id=\"319b1f8\" data-element_type=\"column\">\n\t\t\t<div class=\"elementor-widget-wrap elementor-element-populated\">\n\t\t\t\t\t\t\t\t<div class=\"elementor-element elementor-element-947dd83 elementor-widget elementor-widget-text-editor\" data-id=\"947dd83\" data-element_type=\"widget\" data-widget_type=\"text-editor.default\">\n\t\t\t\t<div class=\"elementor-widget-container\">\n\t\t\t<style>\/*! elementor - v3.6.7 - 03-07-2022 *\/\n.elementor-widget-text-editor.elementor-drop-cap-view-stacked .elementor-drop-cap{background-color:#818a91;color:#fff}.elementor-widget-text-editor.elementor-drop-cap-view-framed .elementor-drop-cap{color:#818a91;border:3px solid;background-color:transparent}.elementor-widget-text-editor:not(.elementor-drop-cap-view-default) .elementor-drop-cap{margin-top:8px}.elementor-widget-text-editor:not(.elementor-drop-cap-view-default) .elementor-drop-cap-letter{width:1em;height:1em}.elementor-widget-text-editor .elementor-drop-cap{float:left;text-align:center;line-height:1;font-size:50px}.elementor-widget-text-editor .elementor-drop-cap-letter{display:inline-block}<\/style>\t\t\t\t<p style=\"margin-top: 0cm; background-image: initial; background-position: initial; background-size: initial; background-repeat: initial; background-attachment: initial; background-origin: initial; background-clip: initial;\"><strong><span style=\"font-family: Arial, sans-serif;\">Pr\u00e9sident<\/span><\/strong><span style=\"font-family: Arial, sans-serif;\">: Marilen Gabriel PIRTEA,<br>Rector of West University of Timi\u0219oara<\/span><\/p>\n<p><strong>Members:&nbsp;<\/strong><br><strong>Marin C\u00c2RCIUMARU<\/strong> (\u201eValahia\u201d University of T\u00e2rgovi\u0219te)<br><strong>Roxana DOBRESCU<\/strong> (\u201eVasile P\u00e2rvan\u201d Institute of Archaeology, Bucure\u0219ti)<br><strong>Gheorghe LAZAROVICI<\/strong> (&#8222;Lucian Blaga&#8221; University, Sibiu)<br><strong>Nicolae URSULESCU <\/strong>(\u201eAlexandru Ioan Cuza\u201d University, Ia\u015fi)<br><strong>Florin DRA\u015eOVEAN<\/strong> (Institute of Banat Studies, Timi\u0219oara)<br><strong>Mihai GLIGOR<\/strong> (\u201e1 Decembrie 1918\u201d University of Alba Iulia)<br><strong>Horia CIUGUDEAN<\/strong> (National Union Museum, Alba Iulia)<br><strong>Florin GOG\u00c2LTAN<\/strong> (Institute of Archeology and Art History, Cluj-Napoca)<br><strong>Cristian SCHUSTER<\/strong> (\u201eVasile P\u00e2rvan\u201d Institute of Archaeology, Bucure\u0219ti)<br><strong>Aurel RUSTOIU<\/strong> (Institute of Archeology and Art History, Cluj-Napoca)<br><strong>Fran\u00e7ois DJINDJIAN&nbsp;<\/strong>(Pr\u00e9sident de l\u2019UISPP \/ France), Congr\u00e8s Paris 2018<br><strong>Marta ARZARELLO&nbsp;<\/strong>(Secr\u00e9taire g\u00e9n\u00e9rale de l\u2019UISPP \/ Italie)<br><strong>Marie-H\u00e9l\u00e8ne MONCEL <\/strong>(MNHN, Paris, France)&nbsp; (Tr\u00e9sori\u00e8re UISPP)<br><strong>Julie ARNAUD <\/strong>(Secr\u00e9taire g\u00e9n\u00e9ral adjointe)<br><strong>Abdoulaye CAMARA<\/strong>&nbsp; (Universit\u00e9 de Dakar\/S\u00e9n\u00e9gal) vice-pr\u00e9sident<br><strong>Erika ROBRAHN-GONZAL\u00c8Z&nbsp;<\/strong>(Documento Institute\/Brazil) vice-pr\u00e9sidente Congr\u00e8s Florianopolis 2011<br><strong>Eudald CARBONELL&nbsp;<\/strong>(Universit\u00e9 de Barcelone \/ Espagne), Congr\u00e8s Burgos 2014<br><strong>Fran\u00e7ois GILIGNY&nbsp;&nbsp;<\/strong>(Universit\u00e9 Paris 1 Panth\u00e9on-Sorbonne \/ France), Congr\u00e8s Paris 2018<br><strong>Henri de LUMLEY&nbsp;<\/strong>(Institut de Pal\u00e9ontologie Humaine \/ France), Congr\u00e8s Nice 1976<br><strong>Luiz OOSTERBEEK&nbsp;<\/strong>(Instituto Politecnicode Tomar \/ Portugal), Congr\u00e8s Lisbonne 2006<br><strong>Marcel OTTE&nbsp;<\/strong>(Universit\u00e9 de Li\u00e8ge \/ Belgique), Congr\u00e8s Li\u00e8ge 2001<br><strong>Carlo PERETTO&nbsp;<\/strong>(Universit\u00e9 de Ferrara \/ Italie), Congr\u00e8s Forli 1996<br><strong>Larbi BAOUDAD <\/strong>(Universit\u00e9 Mekn\u00e8s, Maroc), Congr\u00e8s Mekn\u00e8s 2021<\/p>\t\t\t\t\t\t<\/div>\n\t\t\t\t<\/div>\n\t\t\t\t\t<\/div>\n\t\t<\/div>\n\t\t\t\t\t\t\t<\/div>\n\t\t<\/section>\n\t\t\t\t\t\t\t<\/div>","protected":false},"excerpt":{"rendered":"<p>Honorary Committee President: Marilen Gabriel PIRTEA,Rector of West University of Timi\u0219oara Members:&nbsp;Marin C\u00c2RCIUMARU (\u201eValahia\u201d University of T\u00e2rgovi\u0219te)Roxana DOBRESCU (\u201eVasile P\u00e2rvan\u201d Institute of Archaeology, Bucure\u0219ti)Gheorghe LAZAROVICI (&#8222;Lucian Blaga&#8221; University, Sibiu)Nicolae URSULESCU (\u201eAlexandru Ioan Cuza\u201d University, Ia\u015fi)Florin DRA\u015eOVEAN (Institute of Banat Studies, Timi\u0219oara)Mihai GLIGOR (\u201e1 Decembrie 1918\u201d University of Alba Iulia)Horia CIUGUDEAN (National Union Museum, Alba Iulia)Florin [&hellip;]<\/p>","protected":false},"author":1,"featured_media":0,"parent":0,"menu_order":0,"comment_status":"closed","ping_status":"closed","template":"","meta":[],"_links":{"self":[{"href":"http:\/\/uispp2023.uvt.ro\/fr\/wp-json\/wp\/v2\/pages\/51"}],"collection":[{"href":"http:\/\/uispp2023.uvt.ro\/fr\/wp-json\/wp\/v2\/pages"}],"about":[{"href":"http:\/\/uispp2023.uvt.ro\/fr\/wp-json\/wp\/v2\/types\/page"}],"author":[{"embeddable":true,"href":"http:\/\/uispp2023.uvt.ro\/fr\/wp-json\/wp\/v2\/users\/1"}],"replies":[{"embeddable":true,"href":"http:\/\/uispp2023.uvt.ro\/fr\/wp-json\/wp\/v2\/comments?post=51"}],"version-history":[{"count":41,"href":"http:\/\/uispp2023.uvt.ro\/fr\/wp-json\/wp\/v2\/pages\/51\/revisions"}],"predecessor-version":[{"id":1106,"href":"http:\/\/uispp2023.uvt.ro\/fr\/wp-json\/wp\/v2\/pages\/51\/revisions\/1106"}],"wp:attachment":[{"href":"http:\/\/uispp2023.uvt.ro\/fr\/wp-json\/wp\/v2\/media?parent=51"}],"curies":[{"name":"wp","href":"https:\/\/api.w.org\/{rel}","templated":true}]}}