{"id":49,"date":"2022-05-03T08:32:54","date_gmt":"2022-05-03T08:32:54","guid":{"rendered":"https:\/\/uispp2023.uvt.ro\/?page_id=49"},"modified":"2023-03-22T09:38:06","modified_gmt":"2023-03-22T09:38:06","slug":"scientific-committee","status":"publish","type":"page","link":"http:\/\/uispp2023.uvt.ro\/fr\/scientific-committee\/","title":{"rendered":"Comit\u00e9 scientifique"},"content":{"rendered":"<div data-elementor-type=\"wp-page\" data-elementor-id=\"49\" class=\"elementor elementor-49\">\n\t\t\t\t\t\t\t\t\t<section class=\"elementor-section elementor-top-section elementor-element elementor-element-f97cbba elementor-section-boxed elementor-section-height-default elementor-section-height-default\" data-id=\"f97cbba\" data-element_type=\"section\">\n\t\t\t\t\t\t<div class=\"elementor-container elementor-column-gap-default\">\n\t\t\t\t\t<div class=\"elementor-column elementor-col-100 elementor-top-column elementor-element elementor-element-36621a9\" data-id=\"36621a9\" data-element_type=\"column\">\n\t\t\t<div class=\"elementor-widget-wrap elementor-element-populated\">\n\t\t\t\t\t\t\t\t<div class=\"elementor-element elementor-element-d1e1283 elementor-widget elementor-widget-heading\" data-id=\"d1e1283\" data-element_type=\"widget\" data-widget_type=\"heading.default\">\n\t\t\t\t<div class=\"elementor-widget-container\">\n\t\t\t<style>\/*! elementor - v3.6.7 - 03-07-2022 *\/\n.elementor-heading-title{padding:0;margin:0;line-height:1}.elementor-widget-heading .elementor-heading-title[class*=elementor-size-]>a{color:inherit;font-size:inherit;line-height:inherit}.elementor-widget-heading .elementor-heading-title.elementor-size-small{font-size:15px}.elementor-widget-heading .elementor-heading-title.elementor-size-medium{font-size:19px}.elementor-widget-heading .elementor-heading-title.elementor-size-large{font-size:29px}.elementor-widget-heading .elementor-heading-title.elementor-size-xl{font-size:39px}.elementor-widget-heading .elementor-heading-title.elementor-size-xxl{font-size:59px}<\/style><h2 class=\"elementor-heading-title elementor-size-default\">Comit\u00e9 scientifique<\/h2>\t\t<\/div>\n\t\t\t\t<\/div>\n\t\t\t\t<div class=\"elementor-element elementor-element-c8f75a5 elementor-widget-divider--view-line elementor-widget elementor-widget-divider\" data-id=\"c8f75a5\" data-element_type=\"widget\" data-widget_type=\"divider.default\">\n\t\t\t\t<div class=\"elementor-widget-container\">\n\t\t\t<style>\/*! elementor - v3.6.7 - 03-07-2022 *\/\n.elementor-widget-divider{--divider-border-style:none;--divider-border-width:1px;--divider-color:#2c2c2c;--divider-icon-size:20px;--divider-element-spacing:10px;--divider-pattern-height:24px;--divider-pattern-size:20px;--divider-pattern-url:none;--divider-pattern-repeat:repeat-x}.elementor-widget-divider .elementor-divider{display:-webkit-box;display:-ms-flexbox;display:flex}.elementor-widget-divider .elementor-divider__text{font-size:15px;line-height:1;max-width:95%}.elementor-widget-divider .elementor-divider__element{margin:0 var(--divider-element-spacing);-ms-flex-negative:0;flex-shrink:0}.elementor-widget-divider .elementor-icon{font-size:var(--divider-icon-size)}.elementor-widget-divider .elementor-divider-separator{display:-webkit-box;display:-ms-flexbox;display:flex;margin:0;direction:ltr}.elementor-widget-divider--view-line_icon .elementor-divider-separator,.elementor-widget-divider--view-line_text .elementor-divider-separator{-webkit-box-align:center;-ms-flex-align:center;align-items:center}.elementor-widget-divider--view-line_icon .elementor-divider-separator:after,.elementor-widget-divider--view-line_icon .elementor-divider-separator:before,.elementor-widget-divider--view-line_text .elementor-divider-separator:after,.elementor-widget-divider--view-line_text .elementor-divider-separator:before{display:block;content:\"\";border-bottom:0;-webkit-box-flex:1;-ms-flex-positive:1;flex-grow:1;border-top:var(--divider-border-width) var(--divider-border-style) var(--divider-color)}.elementor-widget-divider--element-align-left .elementor-divider .elementor-divider-separator>.elementor-divider__svg:first-of-type{-webkit-box-flex:0;-ms-flex-positive:0;flex-grow:0;-ms-flex-negative:100;flex-shrink:100}.elementor-widget-divider--element-align-left .elementor-divider-separator:before{content:none}.elementor-widget-divider--element-align-left .elementor-divider__element{margin-left:0}.elementor-widget-divider--element-align-right .elementor-divider .elementor-divider-separator>.elementor-divider__svg:last-of-type{-webkit-box-flex:0;-ms-flex-positive:0;flex-grow:0;-ms-flex-negative:100;flex-shrink:100}.elementor-widget-divider--element-align-right .elementor-divider-separator:after{content:none}.elementor-widget-divider--element-align-right .elementor-divider__element{margin-right:0}.elementor-widget-divider:not(.elementor-widget-divider--view-line_text):not(.elementor-widget-divider--view-line_icon) .elementor-divider-separator{border-top:var(--divider-border-width) var(--divider-border-style) var(--divider-color)}.elementor-widget-divider--separator-type-pattern{--divider-border-style:none}.elementor-widget-divider--separator-type-pattern.elementor-widget-divider--view-line .elementor-divider-separator,.elementor-widget-divider--separator-type-pattern:not(.elementor-widget-divider--view-line) .elementor-divider-separator:after,.elementor-widget-divider--separator-type-pattern:not(.elementor-widget-divider--view-line) .elementor-divider-separator:before,.elementor-widget-divider--separator-type-pattern:not([class*=elementor-widget-divider--view]) .elementor-divider-separator{width:100%;min-height:var(--divider-pattern-height);-webkit-mask-size:var(--divider-pattern-size) 100%;mask-size:var(--divider-pattern-size) 100%;-webkit-mask-repeat:var(--divider-pattern-repeat);mask-repeat:var(--divider-pattern-repeat);background-color:var(--divider-color);-webkit-mask-image:var(--divider-pattern-url);mask-image:var(--divider-pattern-url)}.elementor-widget-divider--no-spacing{--divider-pattern-size:auto}.elementor-widget-divider--bg-round{--divider-pattern-repeat:round}.rtl .elementor-widget-divider .elementor-divider__text{direction:rtl}<\/style>\t\t<div class=\"elementor-divider\">\n\t\t\t<span class=\"elementor-divider-separator\">\n\t\t\t\t\t\t<\/span>\n\t\t<\/div>\n\t\t\t\t<\/div>\n\t\t\t\t<\/div>\n\t\t\t\t\t<\/div>\n\t\t<\/div>\n\t\t\t\t\t\t\t<\/div>\n\t\t<\/section>\n\t\t\t\t<section class=\"elementor-section elementor-top-section elementor-element elementor-element-39fdbb6 elementor-section-boxed elementor-section-height-default elementor-section-height-default\" data-id=\"39fdbb6\" data-element_type=\"section\">\n\t\t\t\t\t\t<div class=\"elementor-container elementor-column-gap-default\">\n\t\t\t\t\t<div class=\"elementor-column elementor-col-100 elementor-top-column elementor-element elementor-element-e5a0c6f\" data-id=\"e5a0c6f\" data-element_type=\"column\">\n\t\t\t<div class=\"elementor-widget-wrap elementor-element-populated\">\n\t\t\t\t\t\t\t\t<div class=\"elementor-element elementor-element-329357d elementor-widget elementor-widget-text-editor\" data-id=\"329357d\" data-element_type=\"widget\" data-widget_type=\"text-editor.default\">\n\t\t\t\t<div class=\"elementor-widget-container\">\n\t\t\t<style>\/*! elementor - v3.6.7 - 03-07-2022 *\/\n.elementor-widget-text-editor.elementor-drop-cap-view-stacked .elementor-drop-cap{background-color:#818a91;color:#fff}.elementor-widget-text-editor.elementor-drop-cap-view-framed .elementor-drop-cap{color:#818a91;border:3px solid;background-color:transparent}.elementor-widget-text-editor:not(.elementor-drop-cap-view-default) .elementor-drop-cap{margin-top:8px}.elementor-widget-text-editor:not(.elementor-drop-cap-view-default) .elementor-drop-cap-letter{width:1em;height:1em}.elementor-widget-text-editor .elementor-drop-cap{float:left;text-align:center;line-height:1;font-size:50px}.elementor-widget-text-editor .elementor-drop-cap-letter{display:inline-block}<\/style>\t\t\t\t<p>Le r\u00f4le du Comit\u00e9 Scientifique est de valider, avec les organisateurs de sessions, les propositions pour les sessions et les communications, pour s'assurer qu'elles correspondent aux directives \u00e9thiques d\u00e9finies par l'UISPP<\/p><p><strong><span style=\"font-family: Arial, sans-serif; background-image: initial; background-position: initial; background-size: initial; background-repeat: initial; background-attachment: initial; background-origin: initial; background-clip: initial;\">Pr\u00e9sident d'Honneur<\/span><\/strong><span style=\"font-family: Arial, sans-serif; background-image: initial; background-position: initial; background-size: initial; background-repeat: initial; background-attachment: initial; background-origin: initial; background-clip: initial;\">: Son <\/span><span style=\"font-family: Arial, sans-serif; background-image: initial; background-position: initial; background-size: initial; background-repeat: initial; background-attachment: initial; background-origin: initial; background-clip: initial;\">Excellence l'Acad\u00e9micien Ioan Aurel POP, Pr\u00e9sident de l'Acad\u00e9mie Roumaine<\/span><\/p><p><strong>Michel DABAS<\/strong> (Centre National de la Recherche Scientifique, France)<br \/><strong>Alessandro GUIDI<\/strong> (Universit\u00e0 Roma Tre, Italy)<br \/><strong>Fran\u00e7ois DJINDJIAN<\/strong> (Universit\u00e9 de Paris 1 Panth\u00e9on-Sorbonne, Paris)<br \/><strong>Sandrine ROBERT<\/strong> (\u00c9cole des Hautes \u00c9tudes en Sciences Sociales, France)<br \/><strong>Dominique GRIMAUD-HERV\u00c9<\/strong>\u00a0(Mus\u00e9um National d\u2019Histoire Naturelle de Paris, France)<br \/><strong>Fran\u00e7oise BOSTYN<\/strong> (Universit\u00e9 de Paris 1 Panth\u00e9on-Sorbonne, Paris)<br \/><strong>Natalia SKAKUN<\/strong> (Institute of History of Material Culture, Russian Academy of Sciences, Russia)<br \/><strong>Nicholas J. CONARD<\/strong> (University of T\u00fcbingen, Germany)<br \/><strong>Bela T\u00d6R\u00d6K<\/strong>\u00a0(University of Miskolc, Hungary)<br \/><strong>Victor<\/strong> <strong>PAZ<\/strong> (University of the Philippines, Philippines)<br \/><strong>\u00c1rp\u00e1d RINGER<\/strong> (University of Miskolc, Hungary)<br \/><strong>Marcel OTTE<\/strong> (University of Li\u00e8ge, Belgium)<br \/><strong>Iwona SOBKOWIAK-TABAKA<\/strong> (Adam Mickiewicz University in Pozna\u0144, Poland)<br \/><strong>\u00c9ric BO\u00cbDA<\/strong> (Paris Nanterre University, France)<br \/><strong>Pablo ARIAS<\/strong> (Universidad de Cantabria, Spain)<br \/><strong>Olivier LEMERCIER<\/strong> (Universit\u00e9 Paul Val\u00e9ry \u2013 Montpellier 3, France)<br \/><strong>Valeriu S\u00ceRBU<\/strong> (\u201eVasile P\u00e2rvan\u201d Institute of Archaeology, Bucharest, Romania)<br \/><strong>Dirk BRANDHERM<\/strong> (Queen&#8217;s University Belfast, Nothern Ireland)<br \/><strong>Geoff BAILEY<\/strong> (University of York, United Kingdom)<br \/><strong>Marie-H\u00e9l\u00e8ne MONCEL<\/strong> (Centre National de la Recherche Scientifique, France)<br \/><strong>Abdeljallil BOUZOUGGAR<\/strong> (Institut National des Sciences de l&#8217;Arch\u00e9ologie et du Patrimoine, Morocco)<br \/><strong>Christopher MILLER<\/strong>\u00a0(University of T\u00fcbingen, Germany)<br \/><strong>Barbara E. BARICH<\/strong> (Universit\u00e0 degli Studi &#8222;La Sapienza&#8221; di Roma, Italy)<br \/><strong>Federica FONTANA<\/strong> (Universit\u00e0 di Ferrara, Italy)<br \/><strong>Moustapha SALL<\/strong>\u00a0(Universit\u00e9 Chekh Anta Diop de Dakar, S\u00e9n\u00e9gal)<br \/><strong>Diego G\u00c1RATE<\/strong> (Universidad de Cantabria, Spain)<br \/><strong>Emmanuel ANATI<\/strong> (International Centre for Prehistoric and Ethnologic Studies, Italy)<br \/><strong>Eva DAVID<\/strong> (Centre National de la Recherche Scientifique, France)<br \/><strong>Erika ROBRAHN-GONZALEZ<\/strong> (Universidade de Coimbra, Portugal)<br \/><strong>S\u0142awomir KADROW<\/strong> (Institute of Archaeology and Ethnology, Polish Academy of Sciences, Krak\u00f3w, Poland)<\/p>\t\t\t\t\t\t<\/div>\n\t\t\t\t<\/div>\n\t\t\t\t\t<\/div>\n\t\t<\/div>\n\t\t\t\t\t\t\t<\/div>\n\t\t<\/section>\n\t\t\t\t\t\t\t<\/div>","protected":false},"excerpt":{"rendered":"<p>Scientific Committee The role of the Scientific Committee is to validate, with the organisers of sessions, the proposals for the sessions and communications, to make sure they match the ethical guidelines defined by the UISPP Honorary President: His Excellency Academician Ioan Aurel POP President of Romanian Academy Michel DABAS (Centre National de la Recherche Scientifique, [&hellip;]<\/p>","protected":false},"author":1,"featured_media":0,"parent":0,"menu_order":0,"comment_status":"closed","ping_status":"closed","template":"","meta":[],"_links":{"self":[{"href":"http:\/\/uispp2023.uvt.ro\/fr\/wp-json\/wp\/v2\/pages\/49"}],"collection":[{"href":"http:\/\/uispp2023.uvt.ro\/fr\/wp-json\/wp\/v2\/pages"}],"about":[{"href":"http:\/\/uispp2023.uvt.ro\/fr\/wp-json\/wp\/v2\/types\/page"}],"author":[{"embeddable":true,"href":"http:\/\/uispp2023.uvt.ro\/fr\/wp-json\/wp\/v2\/users\/1"}],"replies":[{"embeddable":true,"href":"http:\/\/uispp2023.uvt.ro\/fr\/wp-json\/wp\/v2\/comments?post=49"}],"version-history":[{"count":32,"href":"http:\/\/uispp2023.uvt.ro\/fr\/wp-json\/wp\/v2\/pages\/49\/revisions"}],"predecessor-version":[{"id":1020,"href":"http:\/\/uispp2023.uvt.ro\/fr\/wp-json\/wp\/v2\/pages\/49\/revisions\/1020"}],"wp:attachment":[{"href":"http:\/\/uispp2023.uvt.ro\/fr\/wp-json\/wp\/v2\/media?parent=49"}],"curies":[{"name":"wp","href":"https:\/\/api.w.org\/{rel}","templated":true}]}}