{"id":39,"date":"2022-05-03T08:31:05","date_gmt":"2022-05-03T08:31:05","guid":{"rendered":"https:\/\/uispp2023.uvt.ro\/?page_id=39"},"modified":"2023-02-23T12:53:38","modified_gmt":"2023-02-23T12:53:38","slug":"uispp-award","status":"publish","type":"page","link":"http:\/\/uispp2023.uvt.ro\/fr\/uispp-award\/","title":{"rendered":"Prix UISPP"},"content":{"rendered":"<div data-elementor-type=\"wp-page\" data-elementor-id=\"39\" class=\"elementor elementor-39\">\n\t\t\t\t\t\t\t\t\t<section class=\"elementor-section elementor-top-section elementor-element elementor-element-146aac2 elementor-section-boxed elementor-section-height-default elementor-section-height-default\" data-id=\"146aac2\" data-element_type=\"section\">\n\t\t\t\t\t\t<div class=\"elementor-container elementor-column-gap-default\">\n\t\t\t\t\t<div class=\"elementor-column elementor-col-100 elementor-top-column elementor-element elementor-element-58a4b56\" data-id=\"58a4b56\" data-element_type=\"column\">\n\t\t\t<div class=\"elementor-widget-wrap elementor-element-populated\">\n\t\t\t\t\t\t\t\t<div class=\"elementor-element elementor-element-d5ece73 elementor-widget elementor-widget-heading\" data-id=\"d5ece73\" data-element_type=\"widget\" data-widget_type=\"heading.default\">\n\t\t\t\t<div class=\"elementor-widget-container\">\n\t\t\t<style>\/*! elementor - v3.6.7 - 03-07-2022 *\/\n.elementor-heading-title{padding:0;margin:0;line-height:1}.elementor-widget-heading .elementor-heading-title[class*=elementor-size-]>a{color:inherit;font-size:inherit;line-height:inherit}.elementor-widget-heading .elementor-heading-title.elementor-size-small{font-size:15px}.elementor-widget-heading .elementor-heading-title.elementor-size-medium{font-size:19px}.elementor-widget-heading .elementor-heading-title.elementor-size-large{font-size:29px}.elementor-widget-heading .elementor-heading-title.elementor-size-xl{font-size:39px}.elementor-widget-heading .elementor-heading-title.elementor-size-xxl{font-size:59px}<\/style><h2 class=\"elementor-heading-title elementor-size-default\">Prix UISPP<\/h2>\t\t<\/div>\n\t\t\t\t<\/div>\n\t\t\t\t<div class=\"elementor-element elementor-element-f32f7ef elementor-widget-divider--view-line elementor-widget elementor-widget-divider\" data-id=\"f32f7ef\" data-element_type=\"widget\" data-widget_type=\"divider.default\">\n\t\t\t\t<div class=\"elementor-widget-container\">\n\t\t\t<style>\/*! elementor - v3.6.7 - 03-07-2022 *\/\n.elementor-widget-divider{--divider-border-style:none;--divider-border-width:1px;--divider-color:#2c2c2c;--divider-icon-size:20px;--divider-element-spacing:10px;--divider-pattern-height:24px;--divider-pattern-size:20px;--divider-pattern-url:none;--divider-pattern-repeat:repeat-x}.elementor-widget-divider .elementor-divider{display:-webkit-box;display:-ms-flexbox;display:flex}.elementor-widget-divider .elementor-divider__text{font-size:15px;line-height:1;max-width:95%}.elementor-widget-divider .elementor-divider__element{margin:0 var(--divider-element-spacing);-ms-flex-negative:0;flex-shrink:0}.elementor-widget-divider .elementor-icon{font-size:var(--divider-icon-size)}.elementor-widget-divider .elementor-divider-separator{display:-webkit-box;display:-ms-flexbox;display:flex;margin:0;direction:ltr}.elementor-widget-divider--view-line_icon .elementor-divider-separator,.elementor-widget-divider--view-line_text .elementor-divider-separator{-webkit-box-align:center;-ms-flex-align:center;align-items:center}.elementor-widget-divider--view-line_icon .elementor-divider-separator:after,.elementor-widget-divider--view-line_icon .elementor-divider-separator:before,.elementor-widget-divider--view-line_text .elementor-divider-separator:after,.elementor-widget-divider--view-line_text .elementor-divider-separator:before{display:block;content:\"\";border-bottom:0;-webkit-box-flex:1;-ms-flex-positive:1;flex-grow:1;border-top:var(--divider-border-width) var(--divider-border-style) var(--divider-color)}.elementor-widget-divider--element-align-left .elementor-divider .elementor-divider-separator>.elementor-divider__svg:first-of-type{-webkit-box-flex:0;-ms-flex-positive:0;flex-grow:0;-ms-flex-negative:100;flex-shrink:100}.elementor-widget-divider--element-align-left .elementor-divider-separator:before{content:none}.elementor-widget-divider--element-align-left .elementor-divider__element{margin-left:0}.elementor-widget-divider--element-align-right .elementor-divider .elementor-divider-separator>.elementor-divider__svg:last-of-type{-webkit-box-flex:0;-ms-flex-positive:0;flex-grow:0;-ms-flex-negative:100;flex-shrink:100}.elementor-widget-divider--element-align-right .elementor-divider-separator:after{content:none}.elementor-widget-divider--element-align-right .elementor-divider__element{margin-right:0}.elementor-widget-divider:not(.elementor-widget-divider--view-line_text):not(.elementor-widget-divider--view-line_icon) .elementor-divider-separator{border-top:var(--divider-border-width) var(--divider-border-style) var(--divider-color)}.elementor-widget-divider--separator-type-pattern{--divider-border-style:none}.elementor-widget-divider--separator-type-pattern.elementor-widget-divider--view-line .elementor-divider-separator,.elementor-widget-divider--separator-type-pattern:not(.elementor-widget-divider--view-line) .elementor-divider-separator:after,.elementor-widget-divider--separator-type-pattern:not(.elementor-widget-divider--view-line) .elementor-divider-separator:before,.elementor-widget-divider--separator-type-pattern:not([class*=elementor-widget-divider--view]) .elementor-divider-separator{width:100%;min-height:var(--divider-pattern-height);-webkit-mask-size:var(--divider-pattern-size) 100%;mask-size:var(--divider-pattern-size) 100%;-webkit-mask-repeat:var(--divider-pattern-repeat);mask-repeat:var(--divider-pattern-repeat);background-color:var(--divider-color);-webkit-mask-image:var(--divider-pattern-url);mask-image:var(--divider-pattern-url)}.elementor-widget-divider--no-spacing{--divider-pattern-size:auto}.elementor-widget-divider--bg-round{--divider-pattern-repeat:round}.rtl .elementor-widget-divider .elementor-divider__text{direction:rtl}<\/style>\t\t<div class=\"elementor-divider\">\n\t\t\t<span class=\"elementor-divider-separator\">\n\t\t\t\t\t\t<\/span>\n\t\t<\/div>\n\t\t\t\t<\/div>\n\t\t\t\t<\/div>\n\t\t\t\t\t<\/div>\n\t\t<\/div>\n\t\t\t\t\t\t\t<\/div>\n\t\t<\/section>\n\t\t\t\t<section class=\"elementor-section elementor-top-section elementor-element elementor-element-aadf869 elementor-section-boxed elementor-section-height-default elementor-section-height-default\" data-id=\"aadf869\" data-element_type=\"section\">\n\t\t\t\t\t\t<div class=\"elementor-container elementor-column-gap-default\">\n\t\t\t\t\t<div class=\"elementor-column elementor-col-100 elementor-top-column elementor-element elementor-element-a961a64\" data-id=\"a961a64\" data-element_type=\"column\">\n\t\t\t<div class=\"elementor-widget-wrap elementor-element-populated\">\n\t\t\t\t\t\t\t\t<div class=\"elementor-element elementor-element-19118ac elementor-widget elementor-widget-text-editor\" data-id=\"19118ac\" data-element_type=\"widget\" data-widget_type=\"text-editor.default\">\n\t\t\t\t<div class=\"elementor-widget-container\">\n\t\t\t<style>\/*! elementor - v3.6.7 - 03-07-2022 *\/\n.elementor-widget-text-editor.elementor-drop-cap-view-stacked .elementor-drop-cap{background-color:#818a91;color:#fff}.elementor-widget-text-editor.elementor-drop-cap-view-framed .elementor-drop-cap{color:#818a91;border:3px solid;background-color:transparent}.elementor-widget-text-editor:not(.elementor-drop-cap-view-default) .elementor-drop-cap{margin-top:8px}.elementor-widget-text-editor:not(.elementor-drop-cap-view-default) .elementor-drop-cap-letter{width:1em;height:1em}.elementor-widget-text-editor .elementor-drop-cap{float:left;text-align:center;line-height:1;font-size:50px}.elementor-widget-text-editor .elementor-drop-cap-letter{display:inline-block}<\/style>\t\t\t\t<p><strong>PRIX DU XXE CONGR\u00c8S DE L'UISPP, Timi\u0219oara, Septembre 2023<\/strong><\/p><p><em>L'appel \u00e0 candidatures sera ouvert le\u00a0<strong>1er Mars<sup>st<\/sup>, 2023<\/strong>\u00a0sur le site web du Congr\u00e8s<\/em><\/p><p><em>La date limite est fix\u00e9e au\u00a0<strong>Juin<sup>th<\/sup>, 2023<\/strong><\/em><\/p>\t\t\t\t\t\t<\/div>\n\t\t\t\t<\/div>\n\t\t\t\t\t<\/div>\n\t\t<\/div>\n\t\t\t\t\t\t\t<\/div>\n\t\t<\/section>\n\t\t\t\t<section class=\"elementor-section elementor-top-section elementor-element elementor-element-52eb02a elementor-section-boxed elementor-section-height-default elementor-section-height-default\" data-id=\"52eb02a\" data-element_type=\"section\">\n\t\t\t\t\t\t<div class=\"elementor-container elementor-column-gap-default\">\n\t\t\t\t\t<div class=\"elementor-column elementor-col-100 elementor-top-column elementor-element elementor-element-437d548\" data-id=\"437d548\" data-element_type=\"column\">\n\t\t\t<div class=\"elementor-widget-wrap elementor-element-populated\">\n\t\t\t\t\t\t\t\t<div class=\"elementor-element elementor-element-c6dc70f elementor-widget elementor-widget-text-editor\" data-id=\"c6dc70f\" data-element_type=\"widget\" data-widget_type=\"text-editor.default\">\n\t\t\t\t<div class=\"elementor-widget-container\">\n\t\t\t\t\t\t\t<p>Les six prix sont:<\/p><p><b>\u00a0 \u00a0 \u00a0A. Prehistory and Protohistory of Central Europe<\/b><br \/>Les scientifiques sont ceux qui ont contribu\u00e9 de mani\u00e8re significative, par de fouilles arch\u00e9ologiques, d'\u00e9tudes de l'art rupestre, de monographies, de travaux en laboratoire, d'\u00e9tudes anthropologiques et de livres de synth\u00e8se, \u00e0 la connaissance de la pr\u00e9histoire et de la protohistoire de l'Europe Centrale.<\/p><p><b>\u00a0 \u00a0 \u00a0B. The archaeological excavation<\/b><br \/>Le prix est d\u00e9di\u00e9 aux fouilles arch\u00e9ologiques d'importance mondiale pour la pr\u00e9histoire et la protohistoire, avec des fouilles de longue dur\u00e9e (plus de 15 ans) et d'une qualit\u00e9 exceptionnellement \u00e9lev\u00e9e, une protection et une conservation du site, ouvert au public avec des publications scientifiques, des vid\u00e9os et d'autres formes de sensibilisation.<\/p><p><b>\u00a0 \u00a0 \u00a0C. The monograph of the archaeological site<\/b><br \/>Les publications monographiques des sites arch\u00e9ologiques fournissant toutes les donn\u00e9es stratigraphiques et planigraphiques enregistr\u00e9es, les structures d'habitation, les inventaires d'artefacts et les \u00e9tudes sp\u00e9cialis\u00e9es (g\u00e9oarch\u00e9ologie, arch\u00e9ozoologie, arch\u00e9obotanique, pal\u00e9oclimatologie, datations, etc.), les reconstructions 3D et la mod\u00e9lisation culturelle dans le territoire, sont toutes concern\u00e9es.<\/p><p><b>\u00a0 \u00a0 \u00a0D. The book of Archaeology (manual, book of synthesis)<\/b><br \/>Le prix est d\u00e9di\u00e9 aux livres scientifiques qui fournissent une synth\u00e8se de donn\u00e9es et d'\u00e9tudes sur une p\u00e9riode, un territoire, un th\u00e8me transversal, r\u00e9sultant d'un travail \u00e0 long terme. Les livres populaires pour le grand public ne sont pas \u00e9ligibles.<\/p><p><b>\u00a0 \u00a0 \u00a0E. The Mediation<\/b><br \/>Livres ou collections de livres destin\u00e9s au grand public, livres illustr\u00e9s pour les jeunes, conservation de sites arch\u00e9ologiques, grottes pr\u00e9historiques ouvertes au public, mus\u00e9es de site, fac-simil\u00e9s arch\u00e9ologiques, expositions de mus\u00e9e, sites Internet, etc.<\/p><p><b>\u00a0 \u00a0 \u00a0F. PHD in archaeology<\/b><br \/>Le prix est d\u00e9di\u00e9 aux doctorats en arch\u00e9ologie obtenus depuis septembre 2020, dont le th\u00e8me est marqu\u00e9 par l'originalit\u00e9 scientifique et la nouveaut\u00e9 de la recherche effectu\u00e9e. Toutes les th\u00e8ses de doctorat doivent \u00eatre r\u00e9dig\u00e9es dans les langues officielles de l'IUPPS (anglais ou fran\u00e7ais).<\/p><p><b>Le jury<\/b> est compos\u00e9 de 6 membres du comit\u00e9 directeur du Congr\u00e8s et du conseil de l'UISPP :<\/p><ul><li>Fran\u00e7ois DJINDJIAN (Professeur PhD. Universit\u00e9 de Paris 1 Panth\u00e9on-Sorbonne, Paris)<\/li><li>Marta ARZARELLO (Professeur PhD.; Universit\u00e9 de Ferrare)<\/li><li>Julie Arnaud (Scientific Researcher PhD.; University of Ferrara)<\/li><li>M\u0103d\u0103lin Octavian BUNOIU (Vice-Rector PhD., West University of Timi\u015foara)<\/li><li>Valeriu S\u00c2RBU (Senior Scientific Researcher PhD., \u201dVasile P\u00e2rvan\u201d Institute of Archaeology, Bucharest, Romania)<\/li><li>Dan \u015eTEFAN (Scientific Researcher PhD. National Museum of Eastern Carpathians, Sf\u00e2ntu Gheorghe, Romania)<\/li><\/ul><p>La c\u00e9r\u00e9monie de remise des prix aura lieu lors de l'assembl\u00e9e g\u00e9n\u00e9rale de l'UISPP.<br \/>La m\u00e9daille du XXe Congr\u00e8s de l'UISPP sera remise aux laur\u00e9ats.<\/p><p>Pour le prix du meilleur doctorat, les laur\u00e9ats recevront une inscription gratuite pour le prochain Congr\u00e8s UISPP en 2026.<\/p><p><b>Pour postuler, veuillez remplir le formulaire ci-dessous.<\/b>Le formulaire, avec les documents justificatifs, doit ensuite \u00eatre envoy\u00e9 \u00e0 l'adresse e-mail: secretariatuispp2023@e-uvt.ro, en mentionnant dans le sujet de l'e-mail \"Candidature pour le prix UISPP\".<\/p>\t\t\t\t\t\t<\/div>\n\t\t\t\t<\/div>\n\t\t\t\t<div class=\"elementor-element elementor-element-614e3ae elementor-widget elementor-widget-eael-creative-button\" data-id=\"614e3ae\" data-element_type=\"widget\" data-widget_type=\"eael-creative-button.default\">\n\t\t\t\t<div class=\"elementor-widget-container\">\n\t\t\t        <div class=\"eael-creative-button-wrapper\">\n\n            <a class=\"eael-creative-button eael-creative-button--default\" href=\"http:\/\/uispp2023.uvt.ro\/wp-content\/uploads\/2023\/02\/application-form.docx\" data-text=\"\">\n\n                <div class=\"creative-button-inner\">\n\n                    \n                    <span class=\"cretive-button-text\">Download Form<\/span>\n\n                                    <\/div>\n            <\/a>\n        <\/div>\n\t\t<\/div>\n\t\t\t\t<\/div>\n\t\t\t\t\t<\/div>\n\t\t<\/div>\n\t\t\t\t\t\t\t<\/div>\n\t\t<\/section>\n\t\t\t\t\t\t\t<\/div>","protected":false},"excerpt":{"rendered":"<p>UISPP Award AWARDS OF THE UISPP XX CONGRES, Timi\u0219oara, September 2023 The call for candidates is opened on\u00a0March 1st, 2023\u00a0on the Congress website The deadline is fixed on\u00a0June 30th, 2023 The six awards are: \u00a0 \u00a0 \u00a0A. Prehistory and Protohistory of Central EuropeThe researchers are those who have contributed significantly through archaeological excavations, rock art [&hellip;]<\/p>","protected":false},"author":1,"featured_media":0,"parent":0,"menu_order":0,"comment_status":"closed","ping_status":"closed","template":"","meta":[],"_links":{"self":[{"href":"http:\/\/uispp2023.uvt.ro\/fr\/wp-json\/wp\/v2\/pages\/39"}],"collection":[{"href":"http:\/\/uispp2023.uvt.ro\/fr\/wp-json\/wp\/v2\/pages"}],"about":[{"href":"http:\/\/uispp2023.uvt.ro\/fr\/wp-json\/wp\/v2\/types\/page"}],"author":[{"embeddable":true,"href":"http:\/\/uispp2023.uvt.ro\/fr\/wp-json\/wp\/v2\/users\/1"}],"replies":[{"embeddable":true,"href":"http:\/\/uispp2023.uvt.ro\/fr\/wp-json\/wp\/v2\/comments?post=39"}],"version-history":[{"count":28,"href":"http:\/\/uispp2023.uvt.ro\/fr\/wp-json\/wp\/v2\/pages\/39\/revisions"}],"predecessor-version":[{"id":970,"href":"http:\/\/uispp2023.uvt.ro\/fr\/wp-json\/wp\/v2\/pages\/39\/revisions\/970"}],"wp:attachment":[{"href":"http:\/\/uispp2023.uvt.ro\/fr\/wp-json\/wp\/v2\/media?parent=39"}],"curies":[{"name":"wp","href":"https:\/\/api.w.org\/{rel}","templated":true}]}}