{"id":35,"date":"2022-05-03T08:30:39","date_gmt":"2022-05-03T08:30:39","guid":{"rendered":"https:\/\/uispp2023.uvt.ro\/?page_id=35"},"modified":"2022-05-19T06:39:13","modified_gmt":"2022-05-19T06:39:13","slug":"volunteers","status":"publish","type":"page","link":"http:\/\/uispp2023.uvt.ro\/fr\/volunteers\/","title":{"rendered":"Volontaires"},"content":{"rendered":"<div data-elementor-type=\"wp-page\" data-elementor-id=\"35\" class=\"elementor elementor-35\">\n\t\t\t\t\t\t\t\t\t<section class=\"elementor-section elementor-top-section elementor-element elementor-element-be00cbb elementor-section-boxed elementor-section-height-default elementor-section-height-default\" data-id=\"be00cbb\" data-element_type=\"section\">\n\t\t\t\t\t\t<div class=\"elementor-container elementor-column-gap-default\">\n\t\t\t\t\t<div class=\"elementor-column elementor-col-100 elementor-top-column elementor-element elementor-element-70740b5\" data-id=\"70740b5\" data-element_type=\"column\">\n\t\t\t<div class=\"elementor-widget-wrap elementor-element-populated\">\n\t\t\t\t\t\t\t\t<div class=\"elementor-element elementor-element-4fcd070 elementor-widget elementor-widget-heading\" data-id=\"4fcd070\" data-element_type=\"widget\" data-widget_type=\"heading.default\">\n\t\t\t\t<div class=\"elementor-widget-container\">\n\t\t\t<style>\/*! elementor - v3.6.7 - 03-07-2022 *\/\n.elementor-heading-title{padding:0;margin:0;line-height:1}.elementor-widget-heading .elementor-heading-title[class*=elementor-size-]>a{color:inherit;font-size:inherit;line-height:inherit}.elementor-widget-heading .elementor-heading-title.elementor-size-small{font-size:15px}.elementor-widget-heading .elementor-heading-title.elementor-size-medium{font-size:19px}.elementor-widget-heading .elementor-heading-title.elementor-size-large{font-size:29px}.elementor-widget-heading .elementor-heading-title.elementor-size-xl{font-size:39px}.elementor-widget-heading .elementor-heading-title.elementor-size-xxl{font-size:59px}<\/style><h2 class=\"elementor-heading-title elementor-size-default\">Volontaires<\/h2>\t\t<\/div>\n\t\t\t\t<\/div>\n\t\t\t\t<div class=\"elementor-element elementor-element-b2db551 elementor-widget-divider--view-line elementor-widget elementor-widget-divider\" data-id=\"b2db551\" data-element_type=\"widget\" data-widget_type=\"divider.default\">\n\t\t\t\t<div class=\"elementor-widget-container\">\n\t\t\t<style>\/*! elementor - v3.6.7 - 03-07-2022 *\/\n.elementor-widget-divider{--divider-border-style:none;--divider-border-width:1px;--divider-color:#2c2c2c;--divider-icon-size:20px;--divider-element-spacing:10px;--divider-pattern-height:24px;--divider-pattern-size:20px;--divider-pattern-url:none;--divider-pattern-repeat:repeat-x}.elementor-widget-divider .elementor-divider{display:-webkit-box;display:-ms-flexbox;display:flex}.elementor-widget-divider .elementor-divider__text{font-size:15px;line-height:1;max-width:95%}.elementor-widget-divider .elementor-divider__element{margin:0 var(--divider-element-spacing);-ms-flex-negative:0;flex-shrink:0}.elementor-widget-divider .elementor-icon{font-size:var(--divider-icon-size)}.elementor-widget-divider .elementor-divider-separator{display:-webkit-box;display:-ms-flexbox;display:flex;margin:0;direction:ltr}.elementor-widget-divider--view-line_icon .elementor-divider-separator,.elementor-widget-divider--view-line_text .elementor-divider-separator{-webkit-box-align:center;-ms-flex-align:center;align-items:center}.elementor-widget-divider--view-line_icon .elementor-divider-separator:after,.elementor-widget-divider--view-line_icon .elementor-divider-separator:before,.elementor-widget-divider--view-line_text .elementor-divider-separator:after,.elementor-widget-divider--view-line_text .elementor-divider-separator:before{display:block;content:\"\";border-bottom:0;-webkit-box-flex:1;-ms-flex-positive:1;flex-grow:1;border-top:var(--divider-border-width) var(--divider-border-style) var(--divider-color)}.elementor-widget-divider--element-align-left .elementor-divider .elementor-divider-separator>.elementor-divider__svg:first-of-type{-webkit-box-flex:0;-ms-flex-positive:0;flex-grow:0;-ms-flex-negative:100;flex-shrink:100}.elementor-widget-divider--element-align-left .elementor-divider-separator:before{content:none}.elementor-widget-divider--element-align-left .elementor-divider__element{margin-left:0}.elementor-widget-divider--element-align-right .elementor-divider .elementor-divider-separator>.elementor-divider__svg:last-of-type{-webkit-box-flex:0;-ms-flex-positive:0;flex-grow:0;-ms-flex-negative:100;flex-shrink:100}.elementor-widget-divider--element-align-right .elementor-divider-separator:after{content:none}.elementor-widget-divider--element-align-right .elementor-divider__element{margin-right:0}.elementor-widget-divider:not(.elementor-widget-divider--view-line_text):not(.elementor-widget-divider--view-line_icon) .elementor-divider-separator{border-top:var(--divider-border-width) var(--divider-border-style) var(--divider-color)}.elementor-widget-divider--separator-type-pattern{--divider-border-style:none}.elementor-widget-divider--separator-type-pattern.elementor-widget-divider--view-line .elementor-divider-separator,.elementor-widget-divider--separator-type-pattern:not(.elementor-widget-divider--view-line) .elementor-divider-separator:after,.elementor-widget-divider--separator-type-pattern:not(.elementor-widget-divider--view-line) .elementor-divider-separator:before,.elementor-widget-divider--separator-type-pattern:not([class*=elementor-widget-divider--view]) .elementor-divider-separator{width:100%;min-height:var(--divider-pattern-height);-webkit-mask-size:var(--divider-pattern-size) 100%;mask-size:var(--divider-pattern-size) 100%;-webkit-mask-repeat:var(--divider-pattern-repeat);mask-repeat:var(--divider-pattern-repeat);background-color:var(--divider-color);-webkit-mask-image:var(--divider-pattern-url);mask-image:var(--divider-pattern-url)}.elementor-widget-divider--no-spacing{--divider-pattern-size:auto}.elementor-widget-divider--bg-round{--divider-pattern-repeat:round}.rtl .elementor-widget-divider .elementor-divider__text{direction:rtl}<\/style>\t\t<div class=\"elementor-divider\">\n\t\t\t<span class=\"elementor-divider-separator\">\n\t\t\t\t\t\t<\/span>\n\t\t<\/div>\n\t\t\t\t<\/div>\n\t\t\t\t<\/div>\n\t\t\t\t<div class=\"elementor-element elementor-element-13680fd elementor-widget elementor-widget-text-editor\" data-id=\"13680fd\" data-element_type=\"widget\" data-widget_type=\"text-editor.default\">\n\t\t\t\t<div class=\"elementor-widget-container\">\n\t\t\t<style>\/*! elementor - v3.6.7 - 03-07-2022 *\/\n.elementor-widget-text-editor.elementor-drop-cap-view-stacked .elementor-drop-cap{background-color:#818a91;color:#fff}.elementor-widget-text-editor.elementor-drop-cap-view-framed .elementor-drop-cap{color:#818a91;border:3px solid;background-color:transparent}.elementor-widget-text-editor:not(.elementor-drop-cap-view-default) .elementor-drop-cap{margin-top:8px}.elementor-widget-text-editor:not(.elementor-drop-cap-view-default) .elementor-drop-cap-letter{width:1em;height:1em}.elementor-widget-text-editor .elementor-drop-cap{float:left;text-align:center;line-height:1;font-size:50px}.elementor-widget-text-editor .elementor-drop-cap-letter{display:inline-block}<\/style>\t\t\t\t<p><!-- wp:paragraph --><\/p>\n<p><b>APPEL AU VOLONTARIAT<\/b><\/p>\n<p><span style=\"font-weight: 400;\">\u00cates-vous int\u00e9ress\u00e9 \u00e0 aider \u00e0 l\u2019organisation du 20\u00e8me Congr\u00e8s de l'UISPP ? Aimeriez-vous conna\u020btre les derni\u00e8res d\u00e9couvertes arch\u00e9ologiques et rencontrer des arch\u00e9ologues et des professionnels du patrimoine du monde entier ? Si oui, il y a une nouvelle opportunit\u00e9 de b\u00e9n\u00e9volat qui vous attend ! Nous vous attendons \u00e0 nous rejoindre \u00e0 Timi\u0219oara, en Roumanie, \u00e0 partir de \u2026 septembre 2023. Vous allez b\u00e9n\u00e9ficier d\u2019une formation pr\u00e9liminaire avant l'\u00e9v\u00e9nement et un r\u00f4le vous sera attribu\u00e9 selon vos pr\u00e9f\u00e9rences.<\/span><\/p>\n<p><span style=\"font-weight: 400;\">Les candidats doivent \u00eatre des \u00e9tudiants locaux ou internationaux en arch\u00e9ologie et en patrimoine et doivent parler couramment l\u2019anglais. Un statut valide en septembre 2022 devrait \u00eatre fourni aux organisateurs.\u00a0<\/span><\/p>\n<p><span style=\"font-weight: 400;\">Les volontaires seront n\u00e9cessaires tout au long du Congr\u00e8s pour ce qui suit :<\/span><\/p>\n<p><b>Bureau d'inscription<\/b><span style=\"font-weight: 400;\"> \u2013 inscription des participants et aide \u00e0 la distribution des documents d'inscription ;<\/span><\/p>\n<p><b>Bureau d'information<\/b><span style=\"font-weight: 400;\"> \u2013 fournir des informations sur les activit\u00e9s du Congr\u00e8s, les sessions, les locaux, donner des instructions et fournir des r\u00e9ponses aux questions courantes des participants ;<\/span><\/p>\n<p><b>Suivi de session<\/b><span style=\"font-weight: 400;\"> \u2013 aider les organisateurs de session et les pr\u00e9sentateurs avec l\u2019\u00e9quipement technique ;<\/span><\/p>\n<p><b>Zone d'exposition et de publication de l'UISPP<\/b><span style=\"font-weight: 400;\"> \u2013 aider les exposants et r\u00e9pondre \u00e0 leurs besoins, fournir des instructions et des informations g\u00e9n\u00e9rales ;<\/span><\/p>\n<p><b>Suivi des \u00e9v\u00e9nements<\/b><span style=\"font-weight: 400;\"> \u2013 diriger les participants au Congr\u00e8s dans les salles o\u00f9 se d\u00e9roulent les \u00e9v\u00e9nements, contr\u00f4le d'admission ;<\/span><\/p>\n<p><b>Activit\u00e9s sociales<\/b><span style=\"font-weight: 400;\"> \u2013 assister les organisateurs d'activit\u00e9s pour le grand public dans diverses t\u00e2ches, superviser les activit\u00e9s pour s'assurer que tout fonctionne bien et selon le calendrier ;<\/span><\/p>\n<p><b>Avant et apr\u00e8s le Congr\u00e8s<\/b><span style=\"font-weight: 400;\"> \u2013 outre les t\u00e2ches pendant les jours du Congr\u00e8s, aider \u00e0 la pr\u00e9paration du Congr\u00e8s et aux activit\u00e9s d\u2019apr\u00e8s le Congr\u00e8s. Les t\u00e2ches comprendront l'insertion de documents dans les dossiers, la pr\u00e9paration des salles de session et de l'espace d'exposition et de publication de l'UISPP, ainsi que la distribution de documents d'information dans les lieux de l'\u00e9v\u00e9nement.<\/span><\/p>\n<p><span style=\"font-weight: 400;\">Les candidats retenus seront distribu\u00e9s aux sessions en fonction de leurs pr\u00e9f\u00e9rences. Veuillez noter que nous pourrions ajouter d'autres t\u00e2ches \u00e0 celles d\u00e9j\u00e0 incluses dans la liste ci-dessus, en fonction des besoins qui peuvent survenir pendant le processus d'organisation du Congr\u00e8s. Si vous souhaitez faire du b\u00e9n\u00e9volat pour le 20e congr\u00e8s de l'UISPP, veuillez remplir le formulaire de demande jusqu\u2019au f\u00e9vrier 2023. Les b\u00e9n\u00e9voles s\u00e9lectionn\u00e9s ou rejet\u00e9s seront avis\u00e9s jusqu\u2019au mois de mars 2023.\u00a0 <\/span><span style=\"font-weight: 400;\">February 2023<\/span><span style=\"font-weight: 400;\">. Selected and rejected volunteers will be notified by <\/span><span style=\"font-weight: 400;\">\u00a0March<\/span><span style=\"font-weight: 400;\"> 2023.<\/span><\/p>\n<p><br \/><br \/><\/p>\n<p><!-- \/wp:paragraph --><\/p>\t\t\t\t\t\t<\/div>\n\t\t\t\t<\/div>\n\t\t\t\t\t<\/div>\n\t\t<\/div>\n\t\t\t\t\t\t\t<\/div>\n\t\t<\/section>\n\t\t\t\t\t\t\t<\/div>","protected":false},"excerpt":{"rendered":"<p>Volunteers CALL FOR VOLUNTEERS Are you interested in helping shape the 20th UISPP Congress? Would you like to find out about the latest archaeological discoveries and meet archaeologists and heritage professionals from all around the world? If so, there is a new volunteer opportunity waiting for you! We are waiting for you to join us [&hellip;]<\/p>","protected":false},"author":1,"featured_media":0,"parent":0,"menu_order":0,"comment_status":"closed","ping_status":"closed","template":"","meta":[],"_links":{"self":[{"href":"http:\/\/uispp2023.uvt.ro\/fr\/wp-json\/wp\/v2\/pages\/35"}],"collection":[{"href":"http:\/\/uispp2023.uvt.ro\/fr\/wp-json\/wp\/v2\/pages"}],"about":[{"href":"http:\/\/uispp2023.uvt.ro\/fr\/wp-json\/wp\/v2\/types\/page"}],"author":[{"embeddable":true,"href":"http:\/\/uispp2023.uvt.ro\/fr\/wp-json\/wp\/v2\/users\/1"}],"replies":[{"embeddable":true,"href":"http:\/\/uispp2023.uvt.ro\/fr\/wp-json\/wp\/v2\/comments?post=35"}],"version-history":[{"count":16,"href":"http:\/\/uispp2023.uvt.ro\/fr\/wp-json\/wp\/v2\/pages\/35\/revisions"}],"predecessor-version":[{"id":611,"href":"http:\/\/uispp2023.uvt.ro\/fr\/wp-json\/wp\/v2\/pages\/35\/revisions\/611"}],"wp:attachment":[{"href":"http:\/\/uispp2023.uvt.ro\/fr\/wp-json\/wp\/v2\/media?parent=35"}],"curies":[{"name":"wp","href":"https:\/\/api.w.org\/{rel}","templated":true}]}}