{"id":14,"date":"2022-05-03T08:19:26","date_gmt":"2022-05-03T08:19:26","guid":{"rendered":"https:\/\/uispp2023.uvt.ro\/?page_id=14"},"modified":"2022-05-17T17:53:38","modified_gmt":"2022-05-17T17:53:38","slug":"about","status":"publish","type":"page","link":"http:\/\/uispp2023.uvt.ro\/fr\/about\/","title":{"rendered":"Pr\u00e9sentation"},"content":{"rendered":"<div data-elementor-type=\"wp-page\" data-elementor-id=\"14\" class=\"elementor elementor-14\">\n\t\t\t\t\t\t\t\t\t<section class=\"elementor-section elementor-top-section elementor-element elementor-element-83b6b3e elementor-section-boxed elementor-section-height-default elementor-section-height-default\" data-id=\"83b6b3e\" data-element_type=\"section\">\n\t\t\t\t\t\t<div class=\"elementor-container elementor-column-gap-default\">\n\t\t\t\t\t<div class=\"elementor-column elementor-col-100 elementor-top-column elementor-element elementor-element-75510b2\" data-id=\"75510b2\" data-element_type=\"column\">\n\t\t\t<div class=\"elementor-widget-wrap elementor-element-populated\">\n\t\t\t\t\t\t\t\t<div class=\"elementor-element elementor-element-4bb7077 elementor-widget elementor-widget-heading\" data-id=\"4bb7077\" data-element_type=\"widget\" data-widget_type=\"heading.default\">\n\t\t\t\t<div class=\"elementor-widget-container\">\n\t\t\t<style>\/*! elementor - v3.6.7 - 03-07-2022 *\/\n.elementor-heading-title{padding:0;margin:0;line-height:1}.elementor-widget-heading .elementor-heading-title[class*=elementor-size-]>a{color:inherit;font-size:inherit;line-height:inherit}.elementor-widget-heading .elementor-heading-title.elementor-size-small{font-size:15px}.elementor-widget-heading .elementor-heading-title.elementor-size-medium{font-size:19px}.elementor-widget-heading .elementor-heading-title.elementor-size-large{font-size:29px}.elementor-widget-heading .elementor-heading-title.elementor-size-xl{font-size:39px}.elementor-widget-heading .elementor-heading-title.elementor-size-xxl{font-size:59px}<\/style><h2 class=\"elementor-heading-title elementor-size-default\">Pr\u00e9sentation<\/h2>\t\t<\/div>\n\t\t\t\t<\/div>\n\t\t\t\t<div class=\"elementor-element elementor-element-e20821b elementor-widget-divider--view-line elementor-widget elementor-widget-divider\" data-id=\"e20821b\" data-element_type=\"widget\" data-widget_type=\"divider.default\">\n\t\t\t\t<div class=\"elementor-widget-container\">\n\t\t\t<style>\/*! elementor - v3.6.7 - 03-07-2022 *\/\n.elementor-widget-divider{--divider-border-style:none;--divider-border-width:1px;--divider-color:#2c2c2c;--divider-icon-size:20px;--divider-element-spacing:10px;--divider-pattern-height:24px;--divider-pattern-size:20px;--divider-pattern-url:none;--divider-pattern-repeat:repeat-x}.elementor-widget-divider .elementor-divider{display:-webkit-box;display:-ms-flexbox;display:flex}.elementor-widget-divider .elementor-divider__text{font-size:15px;line-height:1;max-width:95%}.elementor-widget-divider .elementor-divider__element{margin:0 var(--divider-element-spacing);-ms-flex-negative:0;flex-shrink:0}.elementor-widget-divider .elementor-icon{font-size:var(--divider-icon-size)}.elementor-widget-divider .elementor-divider-separator{display:-webkit-box;display:-ms-flexbox;display:flex;margin:0;direction:ltr}.elementor-widget-divider--view-line_icon .elementor-divider-separator,.elementor-widget-divider--view-line_text .elementor-divider-separator{-webkit-box-align:center;-ms-flex-align:center;align-items:center}.elementor-widget-divider--view-line_icon .elementor-divider-separator:after,.elementor-widget-divider--view-line_icon .elementor-divider-separator:before,.elementor-widget-divider--view-line_text .elementor-divider-separator:after,.elementor-widget-divider--view-line_text .elementor-divider-separator:before{display:block;content:\"\";border-bottom:0;-webkit-box-flex:1;-ms-flex-positive:1;flex-grow:1;border-top:var(--divider-border-width) var(--divider-border-style) var(--divider-color)}.elementor-widget-divider--element-align-left .elementor-divider .elementor-divider-separator>.elementor-divider__svg:first-of-type{-webkit-box-flex:0;-ms-flex-positive:0;flex-grow:0;-ms-flex-negative:100;flex-shrink:100}.elementor-widget-divider--element-align-left .elementor-divider-separator:before{content:none}.elementor-widget-divider--element-align-left .elementor-divider__element{margin-left:0}.elementor-widget-divider--element-align-right .elementor-divider .elementor-divider-separator>.elementor-divider__svg:last-of-type{-webkit-box-flex:0;-ms-flex-positive:0;flex-grow:0;-ms-flex-negative:100;flex-shrink:100}.elementor-widget-divider--element-align-right .elementor-divider-separator:after{content:none}.elementor-widget-divider--element-align-right .elementor-divider__element{margin-right:0}.elementor-widget-divider:not(.elementor-widget-divider--view-line_text):not(.elementor-widget-divider--view-line_icon) .elementor-divider-separator{border-top:var(--divider-border-width) var(--divider-border-style) var(--divider-color)}.elementor-widget-divider--separator-type-pattern{--divider-border-style:none}.elementor-widget-divider--separator-type-pattern.elementor-widget-divider--view-line .elementor-divider-separator,.elementor-widget-divider--separator-type-pattern:not(.elementor-widget-divider--view-line) .elementor-divider-separator:after,.elementor-widget-divider--separator-type-pattern:not(.elementor-widget-divider--view-line) .elementor-divider-separator:before,.elementor-widget-divider--separator-type-pattern:not([class*=elementor-widget-divider--view]) .elementor-divider-separator{width:100%;min-height:var(--divider-pattern-height);-webkit-mask-size:var(--divider-pattern-size) 100%;mask-size:var(--divider-pattern-size) 100%;-webkit-mask-repeat:var(--divider-pattern-repeat);mask-repeat:var(--divider-pattern-repeat);background-color:var(--divider-color);-webkit-mask-image:var(--divider-pattern-url);mask-image:var(--divider-pattern-url)}.elementor-widget-divider--no-spacing{--divider-pattern-size:auto}.elementor-widget-divider--bg-round{--divider-pattern-repeat:round}.rtl .elementor-widget-divider .elementor-divider__text{direction:rtl}<\/style>\t\t<div class=\"elementor-divider\">\n\t\t\t<span class=\"elementor-divider-separator\">\n\t\t\t\t\t\t<\/span>\n\t\t<\/div>\n\t\t\t\t<\/div>\n\t\t\t\t<\/div>\n\t\t\t\t\t<\/div>\n\t\t<\/div>\n\t\t\t\t\t\t\t<\/div>\n\t\t<\/section>\n\t\t\t\t<section class=\"elementor-section elementor-top-section elementor-element elementor-element-11fdb98 elementor-section-boxed elementor-section-height-default elementor-section-height-default\" data-id=\"11fdb98\" data-element_type=\"section\">\n\t\t\t\t\t\t<div class=\"elementor-container elementor-column-gap-default\">\n\t\t\t\t\t<div class=\"elementor-column elementor-col-100 elementor-top-column elementor-element elementor-element-60a2109\" data-id=\"60a2109\" data-element_type=\"column\">\n\t\t\t<div class=\"elementor-widget-wrap elementor-element-populated\">\n\t\t\t\t\t\t\t\t<div class=\"elementor-element elementor-element-802eb5e elementor-widget elementor-widget-text-editor\" data-id=\"802eb5e\" data-element_type=\"widget\" data-widget_type=\"text-editor.default\">\n\t\t\t\t<div class=\"elementor-widget-container\">\n\t\t\t<style>\/*! elementor - v3.6.7 - 03-07-2022 *\/\n.elementor-widget-text-editor.elementor-drop-cap-view-stacked .elementor-drop-cap{background-color:#818a91;color:#fff}.elementor-widget-text-editor.elementor-drop-cap-view-framed .elementor-drop-cap{color:#818a91;border:3px solid;background-color:transparent}.elementor-widget-text-editor:not(.elementor-drop-cap-view-default) .elementor-drop-cap{margin-top:8px}.elementor-widget-text-editor:not(.elementor-drop-cap-view-default) .elementor-drop-cap-letter{width:1em;height:1em}.elementor-widget-text-editor .elementor-drop-cap{float:left;text-align:center;line-height:1;font-size:50px}.elementor-widget-text-editor .elementor-drop-cap-letter{display:inline-block}<\/style>\t\t\t\t<p><span style=\"font-weight: 400;\">L\u2019Union Internationale des Sciences Pr\u00e9historiques et Protohistoriques - UISPP - a \u00e9t\u00e9 fond\u00e9e le 28 mai 1931, \u00e0 Berne, et regroupe toutes les sciences qui sont reli\u00e9es aux \u00e9tudes pr\u00e9historiques et protohistoriques : arch\u00e9ologie, anthropologie, pal\u00e9ontologie, g\u00e9ologie, zoologie, botanique, sciences environnementales, physique, chimie, g\u00e9ographie, histoire, numismatique, \u00e9pigraphie, math\u00e9matiques et autres.<\/span><\/p><p><span style=\"font-weight: 400;\">L'UISPP a organis\u00e9 plusieurs congr\u00e8s mondiaux, d\u2019abord tous les cinq ans et depuis celui de Florianopolis (Br\u00e9sil) en 2011, tous les trois ans, r\u00e9unissant environ 1500 participants du monde entier. Ces rencontres internationales offrent l\u2019occasion d\u2019un \u00e9change de connaissances entre pr\u00e9historiens et protohistoriens des cinq continents en ce qui concerne les derniers r\u00e9sultats de leurs recherches. Elles offrent aussi l\u2019opportunit\u00e9, pour les diff\u00e9rentes commissions scientifiques, de discuter des questions d\u2019organisation, de proposer des sujets scientifiques communs ou de se concentrer sur certaines zones g\u00e9ographiques.<\/span><\/p><p><span style=\"font-weight: 400;\">Depuis le 29 septembre 1955, l'UISPP est membre du Conseil International pour la Philosophie et les Sciences Humaines, affili\u00e9 \u00e0 l'UNESCO.<\/span><\/p><p><span style=\"font-weight: 400;\">Le th\u00e8me g\u00e9n\u00e9ral du congr\u00e8s est \u201c<\/span><b>Interdisciplinarit\u00e9 en Arch\u00e9ologie<\/b><span style=\"font-weight: 400;\">\u201d ; d'autres sujets connexes seront sugg\u00e9r\u00e9s et d\u00e9velopp\u00e9s par les diff\u00e9rentes commissions scientifiques.<\/span><\/p><p><span style=\"font-weight: 400;\">Vous trouverez plus d'informations sur l'UISPP ici (lien vers  https:\/\/www.uispp.org\/).<\/span><\/p>\t\t\t\t\t\t<\/div>\n\t\t\t\t<\/div>\n\t\t\t\t\t<\/div>\n\t\t<\/div>\n\t\t\t\t\t\t\t<\/div>\n\t\t<\/section>\n\t\t\t\t\t\t\t<\/div>","protected":false},"excerpt":{"rendered":"<p>About The International Union of Prehistoric and Protohistoric Sciences (Union Internationale des Sciences Pr\u00e9historiques et Protohistoriques \u2013 UISPP) was founded on May 28th, 1931, in Bern, and groups together all the sciences related to prehistoric and protohistoric studies: archaeology, anthropology, palaeontology, geology, zoology, botany, environmental sciences, physics, chemistry, geography, history, numismatics, epigraphy, mathematics and other. [&hellip;]<\/p>","protected":false},"author":1,"featured_media":0,"parent":0,"menu_order":0,"comment_status":"closed","ping_status":"closed","template":"","meta":[],"_links":{"self":[{"href":"http:\/\/uispp2023.uvt.ro\/fr\/wp-json\/wp\/v2\/pages\/14"}],"collection":[{"href":"http:\/\/uispp2023.uvt.ro\/fr\/wp-json\/wp\/v2\/pages"}],"about":[{"href":"http:\/\/uispp2023.uvt.ro\/fr\/wp-json\/wp\/v2\/types\/page"}],"author":[{"embeddable":true,"href":"http:\/\/uispp2023.uvt.ro\/fr\/wp-json\/wp\/v2\/users\/1"}],"replies":[{"embeddable":true,"href":"http:\/\/uispp2023.uvt.ro\/fr\/wp-json\/wp\/v2\/comments?post=14"}],"version-history":[{"count":10,"href":"http:\/\/uispp2023.uvt.ro\/fr\/wp-json\/wp\/v2\/pages\/14\/revisions"}],"predecessor-version":[{"id":490,"href":"http:\/\/uispp2023.uvt.ro\/fr\/wp-json\/wp\/v2\/pages\/14\/revisions\/490"}],"wp:attachment":[{"href":"http:\/\/uispp2023.uvt.ro\/fr\/wp-json\/wp\/v2\/media?parent=14"}],"curies":[{"name":"wp","href":"https:\/\/api.w.org\/{rel}","templated":true}]}}