{"id":12,"date":"2022-05-03T08:19:10","date_gmt":"2022-05-03T08:19:10","guid":{"rendered":"https:\/\/uispp2023.uvt.ro\/?page_id=12"},"modified":"2022-05-19T06:43:08","modified_gmt":"2022-05-19T06:43:08","slug":"welcome","status":"publish","type":"page","link":"http:\/\/uispp2023.uvt.ro\/fr\/welcome\/","title":{"rendered":"BIENVENUE"},"content":{"rendered":"<div data-elementor-type=\"wp-page\" data-elementor-id=\"12\" class=\"elementor elementor-12\">\n\t\t\t\t\t\t\t\t\t<section class=\"elementor-section elementor-top-section elementor-element elementor-element-0d577fd elementor-section-boxed elementor-section-height-default elementor-section-height-default\" data-id=\"0d577fd\" data-element_type=\"section\">\n\t\t\t\t\t\t<div class=\"elementor-container elementor-column-gap-default\">\n\t\t\t\t\t<div class=\"elementor-column elementor-col-100 elementor-top-column elementor-element elementor-element-11bbc71\" data-id=\"11bbc71\" data-element_type=\"column\">\n\t\t\t<div class=\"elementor-widget-wrap elementor-element-populated\">\n\t\t\t\t\t\t\t\t<div class=\"elementor-element elementor-element-e6eb2df elementor-widget elementor-widget-heading\" data-id=\"e6eb2df\" data-element_type=\"widget\" data-widget_type=\"heading.default\">\n\t\t\t\t<div class=\"elementor-widget-container\">\n\t\t\t<style>\/*! elementor - v3.6.7 - 03-07-2022 *\/\n.elementor-heading-title{padding:0;margin:0;line-height:1}.elementor-widget-heading .elementor-heading-title[class*=elementor-size-]>a{color:inherit;font-size:inherit;line-height:inherit}.elementor-widget-heading .elementor-heading-title.elementor-size-small{font-size:15px}.elementor-widget-heading .elementor-heading-title.elementor-size-medium{font-size:19px}.elementor-widget-heading .elementor-heading-title.elementor-size-large{font-size:29px}.elementor-widget-heading .elementor-heading-title.elementor-size-xl{font-size:39px}.elementor-widget-heading .elementor-heading-title.elementor-size-xxl{font-size:59px}<\/style><h2 class=\"elementor-heading-title elementor-size-default\">BIENVENUE<\/h2>\t\t<\/div>\n\t\t\t\t<\/div>\n\t\t\t\t<div class=\"elementor-element elementor-element-7209d30 elementor-widget-divider--view-line elementor-widget elementor-widget-divider\" data-id=\"7209d30\" data-element_type=\"widget\" data-widget_type=\"divider.default\">\n\t\t\t\t<div class=\"elementor-widget-container\">\n\t\t\t<style>\/*! elementor - v3.6.7 - 03-07-2022 *\/\n.elementor-widget-divider{--divider-border-style:none;--divider-border-width:1px;--divider-color:#2c2c2c;--divider-icon-size:20px;--divider-element-spacing:10px;--divider-pattern-height:24px;--divider-pattern-size:20px;--divider-pattern-url:none;--divider-pattern-repeat:repeat-x}.elementor-widget-divider .elementor-divider{display:-webkit-box;display:-ms-flexbox;display:flex}.elementor-widget-divider .elementor-divider__text{font-size:15px;line-height:1;max-width:95%}.elementor-widget-divider .elementor-divider__element{margin:0 var(--divider-element-spacing);-ms-flex-negative:0;flex-shrink:0}.elementor-widget-divider .elementor-icon{font-size:var(--divider-icon-size)}.elementor-widget-divider .elementor-divider-separator{display:-webkit-box;display:-ms-flexbox;display:flex;margin:0;direction:ltr}.elementor-widget-divider--view-line_icon .elementor-divider-separator,.elementor-widget-divider--view-line_text .elementor-divider-separator{-webkit-box-align:center;-ms-flex-align:center;align-items:center}.elementor-widget-divider--view-line_icon .elementor-divider-separator:after,.elementor-widget-divider--view-line_icon .elementor-divider-separator:before,.elementor-widget-divider--view-line_text .elementor-divider-separator:after,.elementor-widget-divider--view-line_text .elementor-divider-separator:before{display:block;content:\"\";border-bottom:0;-webkit-box-flex:1;-ms-flex-positive:1;flex-grow:1;border-top:var(--divider-border-width) var(--divider-border-style) var(--divider-color)}.elementor-widget-divider--element-align-left .elementor-divider .elementor-divider-separator>.elementor-divider__svg:first-of-type{-webkit-box-flex:0;-ms-flex-positive:0;flex-grow:0;-ms-flex-negative:100;flex-shrink:100}.elementor-widget-divider--element-align-left .elementor-divider-separator:before{content:none}.elementor-widget-divider--element-align-left .elementor-divider__element{margin-left:0}.elementor-widget-divider--element-align-right .elementor-divider .elementor-divider-separator>.elementor-divider__svg:last-of-type{-webkit-box-flex:0;-ms-flex-positive:0;flex-grow:0;-ms-flex-negative:100;flex-shrink:100}.elementor-widget-divider--element-align-right .elementor-divider-separator:after{content:none}.elementor-widget-divider--element-align-right .elementor-divider__element{margin-right:0}.elementor-widget-divider:not(.elementor-widget-divider--view-line_text):not(.elementor-widget-divider--view-line_icon) .elementor-divider-separator{border-top:var(--divider-border-width) var(--divider-border-style) var(--divider-color)}.elementor-widget-divider--separator-type-pattern{--divider-border-style:none}.elementor-widget-divider--separator-type-pattern.elementor-widget-divider--view-line .elementor-divider-separator,.elementor-widget-divider--separator-type-pattern:not(.elementor-widget-divider--view-line) .elementor-divider-separator:after,.elementor-widget-divider--separator-type-pattern:not(.elementor-widget-divider--view-line) .elementor-divider-separator:before,.elementor-widget-divider--separator-type-pattern:not([class*=elementor-widget-divider--view]) .elementor-divider-separator{width:100%;min-height:var(--divider-pattern-height);-webkit-mask-size:var(--divider-pattern-size) 100%;mask-size:var(--divider-pattern-size) 100%;-webkit-mask-repeat:var(--divider-pattern-repeat);mask-repeat:var(--divider-pattern-repeat);background-color:var(--divider-color);-webkit-mask-image:var(--divider-pattern-url);mask-image:var(--divider-pattern-url)}.elementor-widget-divider--no-spacing{--divider-pattern-size:auto}.elementor-widget-divider--bg-round{--divider-pattern-repeat:round}.rtl .elementor-widget-divider .elementor-divider__text{direction:rtl}<\/style>\t\t<div class=\"elementor-divider\">\n\t\t\t<span class=\"elementor-divider-separator\">\n\t\t\t\t\t\t<\/span>\n\t\t<\/div>\n\t\t\t\t<\/div>\n\t\t\t\t<\/div>\n\t\t\t\t\t<\/div>\n\t\t<\/div>\n\t\t\t\t\t\t\t<\/div>\n\t\t<\/section>\n\t\t\t\t<section class=\"elementor-section elementor-top-section elementor-element elementor-element-c77f7f6 elementor-section-boxed elementor-section-height-default elementor-section-height-default\" data-id=\"c77f7f6\" data-element_type=\"section\">\n\t\t\t\t\t\t<div class=\"elementor-container elementor-column-gap-default\">\n\t\t\t\t\t<div class=\"elementor-column elementor-col-50 elementor-top-column elementor-element elementor-element-b75801a\" data-id=\"b75801a\" data-element_type=\"column\">\n\t\t\t<div class=\"elementor-widget-wrap elementor-element-populated\">\n\t\t\t\t\t\t\t\t<div class=\"elementor-element elementor-element-bc8cc13 elementor-widget elementor-widget-text-editor\" data-id=\"bc8cc13\" data-element_type=\"widget\" data-widget_type=\"text-editor.default\">\n\t\t\t\t<div class=\"elementor-widget-container\">\n\t\t\t<style>\/*! elementor - v3.6.7 - 03-07-2022 *\/\n.elementor-widget-text-editor.elementor-drop-cap-view-stacked .elementor-drop-cap{background-color:#818a91;color:#fff}.elementor-widget-text-editor.elementor-drop-cap-view-framed .elementor-drop-cap{color:#818a91;border:3px solid;background-color:transparent}.elementor-widget-text-editor:not(.elementor-drop-cap-view-default) .elementor-drop-cap{margin-top:8px}.elementor-widget-text-editor:not(.elementor-drop-cap-view-default) .elementor-drop-cap-letter{width:1em;height:1em}.elementor-widget-text-editor .elementor-drop-cap{float:left;text-align:center;line-height:1;font-size:50px}.elementor-widget-text-editor .elementor-drop-cap-letter{display:inline-block}<\/style>\t\t\t\t<p><b>Bienvenue au Congr\u00e8s mondial de l'UISPP<\/b><\/p>\n<p class=\" translation-block\">C'est un grand honneur pour nous d'organiser \u00e0 l'Universit\u00e9 de l'Ouest de Timi\u0219oara le Congr\u00e8s Mondial anniversaire de l\u2019UISPP, XXe \u00e9dition. Apr\u00e8s une longue p\u00e9riode pendant laquelle la pand\u00e9mie a affect\u00e9 tous les \u00e9v\u00e9nements scientifiques majeurs, nous envisageons avec confiance de revenir \u00e0 des pr\u00e9sentations en direct et \u00e0 des d\u00e9bats anim\u00e9s sur les sujets les plus br\u00fblants de l'arch\u00e9ologie pr\u00e9- et protohistorique, mais aussi sur les approches les plus r\u00e9centes conduisant \u00e0 des r\u00e9alisations toujours nouvelles dans la science de l'arch\u00e9ologie.<\/p>\n<p class=\" translation-block\">L'Universit\u00e9 de l'Ouest de Timi\u0219oara (UOT) est le principal \u00e9tablissement d'enseignement sup\u00e9rieur et centre de recherche de l'ouest de la Roumanie. Ici, nous encourageons la recherche, l'\u00e9ducation et la cr\u00e9ation artistique inspirantes et comp\u00e9tentes, en tenant compte, en m\u00eame temps, de la rigueur acad\u00e9mique. Nous envisageons le futur comme un m\u00e9lange des connaissances avanc\u00e9es de diverses disciplines, avec un accent particulier sur la recherche trans- et interdisciplinaire. C'est pourquoi nous r\u00e9sonnons pleinement avec le th\u00e8me g\u00e9n\u00e9ral de cette \u00e9dition du congr\u00e8s de l'UISPP qui est L'interdisciplinarit\u00e9 en arch\u00e9ologie. Au-del\u00e0 de la perspective d'un renouvellement permanent et d'une synchronisation n\u00e9cessaire avec le paysage scientifique mondial, la vision interdisciplinaire en arch\u00e9ologie apporte de nouveaux espoirs pour la conservation du patrimoine arch\u00e9ologique en voie de disparition gr\u00e2ce aux derni\u00e8res technologies dans le domaine de la num\u00e9risation.<\/p>\n<p><\/p>\t\t\t\t\t\t<\/div>\n\t\t\t\t<\/div>\n\t\t\t\t\t<\/div>\n\t\t<\/div>\n\t\t\t\t<div class=\"elementor-column elementor-col-50 elementor-top-column elementor-element elementor-element-0e94459\" data-id=\"0e94459\" data-element_type=\"column\">\n\t\t\t<div class=\"elementor-widget-wrap elementor-element-populated\">\n\t\t\t\t\t\t\t\t<div class=\"elementor-element elementor-element-9961ac5 elementor-position-top elementor-vertical-align-top elementor-widget elementor-widget-image-box\" data-id=\"9961ac5\" data-element_type=\"widget\" data-widget_type=\"image-box.default\">\n\t\t\t\t<div class=\"elementor-widget-container\">\n\t\t\t<style>\/*! elementor - v3.6.7 - 03-07-2022 *\/\n.elementor-widget-image-box .elementor-image-box-content{width:100%}@media (min-width:768px){.elementor-widget-image-box.elementor-position-left .elementor-image-box-wrapper,.elementor-widget-image-box.elementor-position-right .elementor-image-box-wrapper{display:-webkit-box;display:-ms-flexbox;display:flex}.elementor-widget-image-box.elementor-position-right .elementor-image-box-wrapper{text-align:right;-webkit-box-orient:horizontal;-webkit-box-direction:reverse;-ms-flex-direction:row-reverse;flex-direction:row-reverse}.elementor-widget-image-box.elementor-position-left .elementor-image-box-wrapper{text-align:left;-webkit-box-orient:horizontal;-webkit-box-direction:normal;-ms-flex-direction:row;flex-direction:row}.elementor-widget-image-box.elementor-position-top .elementor-image-box-img{margin:auto}.elementor-widget-image-box.elementor-vertical-align-top .elementor-image-box-wrapper{-webkit-box-align:start;-ms-flex-align:start;align-items:flex-start}.elementor-widget-image-box.elementor-vertical-align-middle .elementor-image-box-wrapper{-webkit-box-align:center;-ms-flex-align:center;align-items:center}.elementor-widget-image-box.elementor-vertical-align-bottom .elementor-image-box-wrapper{-webkit-box-align:end;-ms-flex-align:end;align-items:flex-end}}@media (max-width:767px){.elementor-widget-image-box .elementor-image-box-img{margin-left:auto!important;margin-right:auto!important;margin-bottom:15px}}.elementor-widget-image-box .elementor-image-box-img{display:inline-block}.elementor-widget-image-box .elementor-image-box-title a{color:inherit}.elementor-widget-image-box .elementor-image-box-wrapper{text-align:center}.elementor-widget-image-box .elementor-image-box-description{margin:0}<\/style><div class=\"elementor-image-box-wrapper\"><figure class=\"elementor-image-box-img\"><img width=\"964\" height=\"1140\" src=\"http:\/\/uispp2023.uvt.ro\/wp-content\/uploads\/2022\/05\/Marilen-Gabriel-Pirtea-Rector-UVT-1.jpg\" class=\"attachment-full size-full\" alt=\"\" loading=\"lazy\" \/><\/figure><div class=\"elementor-image-box-content\"><p class=\"elementor-image-box-description\">Professeur des universit\u00e9s Marilen Gabriel Pirtea, <br>Recteur de l\u2019Universit\u00e9 de l\u2019Ouest de Timi\u015foara<\/p><\/div><\/div>\t\t<\/div>\n\t\t\t\t<\/div>\n\t\t\t\t\t<\/div>\n\t\t<\/div>\n\t\t\t\t\t\t\t<\/div>\n\t\t<\/section>\n\t\t\t\t<section class=\"elementor-section elementor-top-section elementor-element elementor-element-74f9eb3 elementor-section-boxed elementor-section-height-default elementor-section-height-default\" data-id=\"74f9eb3\" data-element_type=\"section\">\n\t\t\t\t\t\t<div class=\"elementor-container elementor-column-gap-default\">\n\t\t\t\t\t<div class=\"elementor-column elementor-col-100 elementor-top-column elementor-element elementor-element-31ffa19\" data-id=\"31ffa19\" data-element_type=\"column\">\n\t\t\t<div class=\"elementor-widget-wrap elementor-element-populated\">\n\t\t\t\t\t\t\t\t<div class=\"elementor-element elementor-element-e6a4b33 elementor-widget elementor-widget-text-editor\" data-id=\"e6a4b33\" data-element_type=\"widget\" data-widget_type=\"text-editor.default\">\n\t\t\t\t<div class=\"elementor-widget-container\">\n\t\t\t\t\t\t\t<p>Une fois de plus, les grandes catastrophes qui d\u00e9truisent des communaut\u00e9s et des vies humaines reviennent l\u00e0 o\u00f9 aucun d'entre nous ne pensait que cela serait possible. Au-del\u00e0 de la souffrance humaine, ce que nous voyons souvent maintenant, c'est l'incroyable s\u00e9rie de destructions des sites arch\u00e9ologiques et du patrimoine arch\u00e9ologique dans les mus\u00e9es et les collections. C'est le devoir non seulement des arch\u00e9ologues, mais de l'ensemble de la communaut\u00e9 scientifique de trouver toujours des solutions nouvelles qui assureront la pr\u00e9servation dans les meilleures conditions du patrimoine arch\u00e9ologique universel et sa transmission aux g\u00e9n\u00e9rations futures. Ici, \u00e0 l'Universit\u00e9 de l'Ouest de Timi\u0219oara, nous serons en permanence impliqu\u00e9s dans les objectifs g\u00e9n\u00e9reux de cette mission.<\/p><p>Anticipant un programme scientifique attrayant et extr\u00eamement int\u00e9ressant, nous esp\u00e9rons voir le plus de participation possible au Congr\u00e8s mondial de l'UISPP. Notre universit\u00e9 est confiante qu'elle pourra soutenir ce congr\u00e8s au plus hauts standards acad\u00e9miques, techniques et de confort,  avec le plus grand soin pour un environnement sanitaire impeccable.<\/p><p>Les d\u00e9bats scientifiques doivent se poursuivre bien au-del\u00e0 des espaces que notre universit\u00e9 offre pour les travaux du congr\u00e8s, dans le cadre merveilleux de Timi\u0219oara, l\u2019une des plus belles villes d\u2019Europe de l\u2019Est, qui agit comme un pont entre l\u2019Est et l\u2019Ouest, un mod\u00e8le d\u2019harmonie historique et de d\u00e9veloppement moderne dans un environnement culturel multiethnique.<\/p><p>Au plaisir de vous accueillir \u00e0 Timi\u0219oara,<\/p>\t\t\t\t\t\t<\/div>\n\t\t\t\t<\/div>\n\t\t\t\t\t<\/div>\n\t\t<\/div>\n\t\t\t\t\t\t\t<\/div>\n\t\t<\/section>\n\t\t\t\t\t\t\t<\/div>","protected":false},"excerpt":{"rendered":"<p>Welcome Welcome to UISPP 2023 World Congress It is a great honor for us, at the West University of Timi\u0219oara, to organize the anniversary XX UISPP World Congress in Timi\u0219oara. After a long period of time in which the state of the pandemic has affected all the major scientific events, we look with confidence to [&hellip;]<\/p>","protected":false},"author":1,"featured_media":0,"parent":0,"menu_order":0,"comment_status":"closed","ping_status":"closed","template":"","meta":[],"_links":{"self":[{"href":"http:\/\/uispp2023.uvt.ro\/fr\/wp-json\/wp\/v2\/pages\/12"}],"collection":[{"href":"http:\/\/uispp2023.uvt.ro\/fr\/wp-json\/wp\/v2\/pages"}],"about":[{"href":"http:\/\/uispp2023.uvt.ro\/fr\/wp-json\/wp\/v2\/types\/page"}],"author":[{"embeddable":true,"href":"http:\/\/uispp2023.uvt.ro\/fr\/wp-json\/wp\/v2\/users\/1"}],"replies":[{"embeddable":true,"href":"http:\/\/uispp2023.uvt.ro\/fr\/wp-json\/wp\/v2\/comments?post=12"}],"version-history":[{"count":46,"href":"http:\/\/uispp2023.uvt.ro\/fr\/wp-json\/wp\/v2\/pages\/12\/revisions"}],"predecessor-version":[{"id":617,"href":"http:\/\/uispp2023.uvt.ro\/fr\/wp-json\/wp\/v2\/pages\/12\/revisions\/617"}],"wp:attachment":[{"href":"http:\/\/uispp2023.uvt.ro\/fr\/wp-json\/wp\/v2\/media?parent=12"}],"curies":[{"name":"wp","href":"https:\/\/api.w.org\/{rel}","templated":true}]}}